{"id":1456,"date":"2025-11-20T13:32:15","date_gmt":"2025-11-20T13:32:15","guid":{"rendered":"https:\/\/acecoll.com\/?post_type=product&#038;p=1456"},"modified":"2026-04-07T07:15:40","modified_gmt":"2026-04-07T07:15:40","slug":"ac032-facao-kukri-grande-para-servico-pesado","status":"publish","type":"product","link":"https:\/\/acecoll.com\/pt\/product\/ac032-facao-kukri-grande-para-servico-pesado\/","title":{"rendered":"AC032 Machete Kukri grande para servi\u00e7o pesado"},"content":{"rendered":"<p>O AC032 \u00e9 um fac\u00e3o Kukri para servi\u00e7os pesados, projetado para cortes em ambientes externos de alta intensidade e exibi\u00e7\u00e3o de cole\u00e7\u00f5es.<\/p>\n<p>A faca inteira apresenta um design Full Tang, garantindo estabilidade estrutural durante tarefas extremamente pesadas.<\/p>\n<p>A l\u00e2mina utiliza a\u00e7o inoxid\u00e1vel AUS-10 de alta qualidade. Ap\u00f3s o tratamento t\u00e9rmico, a dureza se estabiliza em 62 HRC, proporcionando reten\u00e7\u00e3o superior do fio e resist\u00eancia \u00e0 corros\u00e3o.<\/p>\n<p>O cabo \u00e9 de madeira Wenge, oferecendo uma ader\u00eancia s\u00f3lida e absorvendo o choque do corte.<\/p>\n<p>A bainha tamb\u00e9m \u00e9 feita sob medida em madeira Wenge, servindo tanto para prote\u00e7\u00e3o quanto para exibi\u00e7\u00e3o.<\/p>\n<p>A espessura de 6 mm aliada \u00e0 massa pesada da faca, combinada com a vantagem de peso do perfil Kukri, permite que a AC032 gere uma energia cin\u00e9tica de corte extrema. Isso permite lidar com efici\u00eancia com tarefas como limpeza de trilhas e corte de madeira.<\/p>\n<p>Simultaneamente, seus materiais e artesanato de primeira qualidade, juntamente com sua apar\u00eancia e design imponentes, conferem a ele o valor distinto de uma pe\u00e7a de exibi\u00e7\u00e3o colecion\u00e1vel de alta qualidade.<\/p>","protected":false},"excerpt":{"rendered":"<p>Est\u00e9tica colecion\u00e1vel e resistente O enorme tamanho de 18 polegadas (460 mm), combinado com um requintado cabo de madeira Wenge e uma bainha de madeira personalizada, cria um visual premium e imponente. Al\u00e9m de uma ferramenta de sobreviv\u00eancia robusta, \u00e9 uma pe\u00e7a de exibi\u00e7\u00e3o para entusiastas de facas, ideal para cole\u00e7\u00f5es ou como presente.<\/p>\n<p>Qualidade de a\u00e7o premium Apresenta a\u00e7o inoxid\u00e1vel AUS-10 de alta qualidade, tratado termicamente a 62 HRC, que oferece excelente resist\u00eancia \u00e0 corros\u00e3o e excepcional reten\u00e7\u00e3o de arestas.<\/p>\n<p>Espessura de 6 mm e pot\u00eancia m\u00e1xima de corte A espinha extra-grossa de 6 mm e o peso de 866 g (1,9 lb), combinados com o perfil Kukri com peso para a frente, geram um impulso enorme com o m\u00ednimo de esfor\u00e7o. Ideal para limpeza da selva, corte de madeira e tarefas de invas\u00e3o t\u00e1tica.<\/p>\n<p>Constru\u00e7\u00e3o robusta Full Tang Apresenta um design Full Tang integrado para garantir a integridade estrutural mesmo sob condi\u00e7\u00f5es extremas de abuso. O cabo de madeira maci\u00e7a proporciona uma pegada segura e absorve efetivamente o choque durante o corte pesado.<\/p>","protected":false},"featured_media":1461,"comment_status":"open","ping_status":"closed","template":"","meta":{"_acf_changed":false,"inline_featured_image":false,"slim_seo":{"description":"AC032 Machete Kukri grande para servi\u00e7o pesado: Est\u00e9tica colecion\u00e1vel com bainha de madeira. Atende \u00e0s exig\u00eancias de sobreviv\u00eancia t\u00e1tica e de exibi\u00e7\u00e3o. J\u00e1 dispon\u00edvel, clique para obter detalhes!","title":"AC032 Heavy Duty Large Kukri Machete - ACECOLL"}},"product_brand":[],"product_cat":[16,17,26],"product_tag":[],"class_list":{"0":"post-1456","1":"product","2":"type-product","3":"status-publish","4":"has-post-thumbnail","6":"product_cat-fixed-blade-knife","7":"product_cat-full-tang-knives","8":"product_cat-kukri-style-knives","10":"first","11":"instock","12":"taxable","13":"shipping-taxable","14":"purchasable","15":"product-type-simple"},"acf":[],"_links":{"self":[{"href":"https:\/\/acecoll.com\/pt\/wp-json\/wp\/v2\/product\/1456","targetHints":{"allow":["GET"]}}],"collection":[{"href":"https:\/\/acecoll.com\/pt\/wp-json\/wp\/v2\/product"}],"about":[{"href":"https:\/\/acecoll.com\/pt\/wp-json\/wp\/v2\/types\/product"}],"replies":[{"embeddable":true,"href":"https:\/\/acecoll.com\/pt\/wp-json\/wp\/v2\/comments?post=1456"}],"version-history":[{"count":4,"href":"https:\/\/acecoll.com\/pt\/wp-json\/wp\/v2\/product\/1456\/revisions"}],"predecessor-version":[{"id":2032,"href":"https:\/\/acecoll.com\/pt\/wp-json\/wp\/v2\/product\/1456\/revisions\/2032"}],"wp:featuredmedia":[{"embeddable":true,"href":"https:\/\/acecoll.com\/pt\/wp-json\/wp\/v2\/media\/1461"}],"wp:attachment":[{"href":"https:\/\/acecoll.com\/pt\/wp-json\/wp\/v2\/media?parent=1456"}],"wp:term":[{"taxonomy":"product_brand","embeddable":true,"href":"https:\/\/acecoll.com\/pt\/wp-json\/wp\/v2\/product_brand?post=1456"},{"taxonomy":"product_cat","embeddable":true,"href":"https:\/\/acecoll.com\/pt\/wp-json\/wp\/v2\/product_cat?post=1456"},{"taxonomy":"product_tag","embeddable":true,"href":"https:\/\/acecoll.com\/pt\/wp-json\/wp\/v2\/product_tag?post=1456"}],"curies":[{"name":"wp","href":"https:\/\/api.w.org\/{rel}","templated":true}]}}