{"id":1473,"date":"2025-11-20T13:41:54","date_gmt":"2025-11-20T13:41:54","guid":{"rendered":"https:\/\/acecoll.com\/?post_type=product&#038;p=1473"},"modified":"2026-04-07T08:13:18","modified_gmt":"2026-04-07T08:13:18","slug":"ac034-facao-kukri-colecionavel-extra-longo-e-superdimensionado","status":"publish","type":"product","link":"https:\/\/acecoll.com\/pt\/product\/ac034-facao-kukri-colecionavel-extra-longo-e-superdimensionado\/","title":{"rendered":"AC034 Fac\u00e3o Kukri de tamanho grande e extra longo para colecionadores"},"content":{"rendered":"<p>O AC034 \u00e9 um fac\u00e3o Kukri de tamanho grande e colecion\u00e1vel. O foco principal de seu design \u00e9 a exibi\u00e7\u00e3o premium e, ao mesmo tempo, essa faca apresenta um desempenho excepcional.<\/p>\n<p>Com um imponente comprimento total de $600mm\\ (23,62\\ polegadas)$, o AC034 estabelece seu status como um item colecion\u00e1vel extragrande. A l\u00e2mina utiliza a\u00e7o DC53 de alta qualidade. A espessura da lombada chega a $6mm$. Ele oferece excelente tenacidade, resist\u00eancia ao desgaste e dureza.<\/p>\n<p>O cabo \u00e9 fabricado com a rara madeira Pao Ferro, com um belo gr\u00e3o natural. Ele proporciona uma empunhadura confort\u00e1vel.<\/p>\n<p>Ele inclui uma bainha de couro personalizada, espessa e de alta qualidade. A combina\u00e7\u00e3o garante distin\u00e7\u00e3o tanto na exibi\u00e7\u00e3o quanto no armazenamento. Isso eleva significativamente o valor da cole\u00e7\u00e3o e o prest\u00edgio geral do AC034.<\/p>","protected":false},"excerpt":{"rendered":"<p>Especifica\u00e7\u00f5es superdimensionadas: Impressionante comprimento total de $600mm\\ (23,62\\ polegadas)$, estabelecendo seu status como um colecion\u00e1vel extragrande. Projetado para entusiastas de alto n\u00edvel, oferece um impacto visual poderoso e um valor de investimento significativo.<br \/>\nCabo de madeira premium: Cabo fabricado com a rara madeira Pao Ferro (African Blackwood), com belas fibras naturais. Proporciona uma empunhadura confort\u00e1vel e segura; o material e o acabamento refletem a qualidade e o luxo intransigentes.<br \/>\nBainha de couro personalizada: Inclui uma bainha de couro genu\u00edno espessa e personalizada. A bainha aprimora a apresenta\u00e7\u00e3o da faca e oferece uma solu\u00e7\u00e3o diferenciada para exibi\u00e7\u00e3o e armazenamento.<br \/>\nA\u00e7o de alto desempenho DC53: A l\u00e2mina utiliza a\u00e7o DC53 de alta qualidade. Esse material assegura excelente tenacidade, resist\u00eancia ao desgaste e dureza, garantindo capacidades superiores de corte e picagem, al\u00e9m de seu valor colecion\u00e1vel.<br \/>\nPresente ideal e pe\u00e7a de exibi\u00e7\u00e3o: Serve como uma pe\u00e7a central ic\u00f4nica para colecionadores de facas militares\/exteriores ou como um presente de alta qualidade para entusiastas, proporcionando um valor inigual\u00e1vel e uma presen\u00e7a marcante.<\/p>","protected":false},"featured_media":1479,"comment_status":"open","ping_status":"closed","template":"","meta":{"_acf_changed":false,"inline_featured_image":false,"slim_seo":{"title":"AC034 Oversized & Extra-Long Collectible Kukri Machete - ACECOLL","description":"Especifica\u00e7\u00f5es superdimensionadas: Impressionante comprimento total de $600mm\\ (23,62\\ polegadas)$, estabelecendo seu status como um colecion\u00e1vel extragrande. Projetado para entusiastas de alto n\u00edvel"}},"product_brand":[],"product_cat":[16,26],"product_tag":[],"class_list":{"0":"post-1473","1":"product","2":"type-product","3":"status-publish","4":"has-post-thumbnail","6":"product_cat-fixed-blade-knife","7":"product_cat-kukri-style-knives","9":"first","10":"instock","11":"taxable","12":"shipping-taxable","13":"purchasable","14":"product-type-simple"},"acf":[],"_links":{"self":[{"href":"https:\/\/acecoll.com\/pt\/wp-json\/wp\/v2\/product\/1473","targetHints":{"allow":["GET"]}}],"collection":[{"href":"https:\/\/acecoll.com\/pt\/wp-json\/wp\/v2\/product"}],"about":[{"href":"https:\/\/acecoll.com\/pt\/wp-json\/wp\/v2\/types\/product"}],"replies":[{"embeddable":true,"href":"https:\/\/acecoll.com\/pt\/wp-json\/wp\/v2\/comments?post=1473"}],"version-history":[{"count":3,"href":"https:\/\/acecoll.com\/pt\/wp-json\/wp\/v2\/product\/1473\/revisions"}],"predecessor-version":[{"id":2035,"href":"https:\/\/acecoll.com\/pt\/wp-json\/wp\/v2\/product\/1473\/revisions\/2035"}],"wp:featuredmedia":[{"embeddable":true,"href":"https:\/\/acecoll.com\/pt\/wp-json\/wp\/v2\/media\/1479"}],"wp:attachment":[{"href":"https:\/\/acecoll.com\/pt\/wp-json\/wp\/v2\/media?parent=1473"}],"wp:term":[{"taxonomy":"product_brand","embeddable":true,"href":"https:\/\/acecoll.com\/pt\/wp-json\/wp\/v2\/product_brand?post=1473"},{"taxonomy":"product_cat","embeddable":true,"href":"https:\/\/acecoll.com\/pt\/wp-json\/wp\/v2\/product_cat?post=1473"},{"taxonomy":"product_tag","embeddable":true,"href":"https:\/\/acecoll.com\/pt\/wp-json\/wp\/v2\/product_tag?post=1473"}],"curies":[{"name":"wp","href":"https:\/\/api.w.org\/{rel}","templated":true}]}}