{"id":1481,"date":"2025-11-20T13:47:11","date_gmt":"2025-11-20T13:47:11","guid":{"rendered":"https:\/\/acecoll.com\/?post_type=product&#038;p=1481"},"modified":"2026-04-07T09:38:19","modified_gmt":"2026-04-07T09:38:19","slug":"ac035-facao-tatico-de-sobrevivencia-longo-e-reto","status":"publish","type":"product","link":"https:\/\/acecoll.com\/pt\/product\/ac035-facao-tatico-de-sobrevivencia-longo-e-reto\/","title":{"rendered":"AC035 Machete de sobreviv\u00eancia t\u00e1tico longo e reto"},"content":{"rendered":"<p>O AC035 \u00e9 um fac\u00e3o t\u00e1tico longo e reto ultra-dur\u00e1vel. Al\u00e9m de ser um objeto de cole\u00e7\u00e3o e exibi\u00e7\u00e3o, esse fac\u00e3o apresenta constru\u00e7\u00e3o robusta e desempenho excepcional.<\/p>\n<p>Sua surpreendente l\u00e2mina de 8 mm de espessura e estrutura Full-Tang garantem um corte pesado e capacidades extremas de sobreviv\u00eancia ao ar livre.<\/p>\n<p>A l\u00e2mina utiliza o a\u00e7o em p\u00f3 T440 de alta qualidade. Esse \u00e9 um a\u00e7o premium que oferece alta dureza, resist\u00eancia ao desgaste e resist\u00eancia \u00e0 corros\u00e3o superiores. Ele garante uma reten\u00e7\u00e3o duradoura do fio.<\/p>\n<p>O cabo \u00e9 feito de material de madeira selecionado. Ele oferece uma empunhadura s\u00f3lida e confi\u00e1vel, refletindo a natureza resoluta de uma faca de batalha cl\u00e1ssica.<\/p>\n<p>Ele inclui uma bainha de couro personalizada e de alta qualidade. Isso aumenta significativamente o valor de cole\u00e7\u00e3o e o prest\u00edgio geral do AC035. A bainha tamb\u00e9m o torna facilmente port\u00e1til para tarefas de limpeza de arbustos ou de sobreviv\u00eancia ao ar livre.<\/p>","protected":false},"excerpt":{"rendered":"<p>Constru\u00e7\u00e3o e desempenho ultra-dur\u00e1veis: Apresenta uma l\u00e2mina de 8 mm de espessura, oferecendo robustez e resist\u00eancia ao impacto inigual\u00e1veis, excedendo as especifica\u00e7\u00f5es padr\u00e3o do fac\u00e3o. O design Full-Tang garante um desempenho excepcional em opera\u00e7\u00f5es extremas de corte e de campo.<br \/>\nL\u00e2mina de a\u00e7o em p\u00f3 T440: Constru\u00edda com a\u00e7o em p\u00f3 T440 de alta qualidade. Esse \u00e9 um a\u00e7o premium que combina alta dureza, resist\u00eancia superior ao desgaste e resist\u00eancia confi\u00e1vel \u00e0 corros\u00e3o, garantindo uma excelente e duradoura reten\u00e7\u00e3o do fio.<br \/>\nDesign t\u00e1tico longo e reto: Possui uma l\u00e2mina reta longa de 410 mm (16,14 polegadas) e uma espinha de serra de fun\u00e7\u00e3o dupla exclusiva. Ela integra recursos de corte, divis\u00e3o e corte, projetados para sobreviv\u00eancia t\u00e1tica e limpeza pesada ao ar livre.<br \/>\nMateriais e artesanato colecion\u00e1veis: O AC035 atinge um alto valor de cole\u00e7\u00e3o e exibi\u00e7\u00e3o ao equilibrar utilidade e est\u00e9tica. Isso fica evidente em seu a\u00e7o de alto desempenho, na al\u00e7a de madeira selecionada (que proporciona uma empunhadura s\u00f3lida) e em seu acabamento premium e artesanato em geral.<\/p>","protected":false},"featured_media":1482,"comment_status":"open","ping_status":"closed","template":"","meta":{"_acf_changed":false,"inline_featured_image":false,"slim_seo":{"description":"AC035 Long Tactical Survival Machete (fac\u00e3o de sobreviv\u00eancia t\u00e1tico longo): Adequado para a cole\u00e7\u00e3o premium, juntamente com bushcraft extremo e desmatamento pesado. Agora totalmente lan\u00e7ado. Descubra o desempenho.","title":"AC035 Long Straight Tactical Survival Machete - ACECOLL"}},"product_brand":[],"product_cat":[16,17,18],"product_tag":[],"class_list":{"0":"post-1481","1":"product","2":"type-product","3":"status-publish","4":"has-post-thumbnail","6":"product_cat-fixed-blade-knife","7":"product_cat-full-tang-knives","8":"product_cat-survival-knives","10":"first","11":"instock","12":"taxable","13":"shipping-taxable","14":"purchasable","15":"product-type-simple"},"acf":[],"_links":{"self":[{"href":"https:\/\/acecoll.com\/pt\/wp-json\/wp\/v2\/product\/1481","targetHints":{"allow":["GET"]}}],"collection":[{"href":"https:\/\/acecoll.com\/pt\/wp-json\/wp\/v2\/product"}],"about":[{"href":"https:\/\/acecoll.com\/pt\/wp-json\/wp\/v2\/types\/product"}],"replies":[{"embeddable":true,"href":"https:\/\/acecoll.com\/pt\/wp-json\/wp\/v2\/comments?post=1481"}],"version-history":[{"count":4,"href":"https:\/\/acecoll.com\/pt\/wp-json\/wp\/v2\/product\/1481\/revisions"}],"predecessor-version":[{"id":2039,"href":"https:\/\/acecoll.com\/pt\/wp-json\/wp\/v2\/product\/1481\/revisions\/2039"}],"wp:featuredmedia":[{"embeddable":true,"href":"https:\/\/acecoll.com\/pt\/wp-json\/wp\/v2\/media\/1482"}],"wp:attachment":[{"href":"https:\/\/acecoll.com\/pt\/wp-json\/wp\/v2\/media?parent=1481"}],"wp:term":[{"taxonomy":"product_brand","embeddable":true,"href":"https:\/\/acecoll.com\/pt\/wp-json\/wp\/v2\/product_brand?post=1481"},{"taxonomy":"product_cat","embeddable":true,"href":"https:\/\/acecoll.com\/pt\/wp-json\/wp\/v2\/product_cat?post=1481"},{"taxonomy":"product_tag","embeddable":true,"href":"https:\/\/acecoll.com\/pt\/wp-json\/wp\/v2\/product_tag?post=1481"}],"curies":[{"name":"wp","href":"https:\/\/api.w.org\/{rel}","templated":true}]}}