{"id":220,"date":"2025-10-28T07:38:40","date_gmt":"2025-10-28T07:38:40","guid":{"rendered":"https:\/\/acecoll.com\/?post_type=product&#038;p=220"},"modified":"2026-02-11T07:19:06","modified_gmt":"2026-02-11T07:19:06","slug":"af005-faca-bowie-de-sobrevivencia-prata-95x18-aco-vanadio","status":"publish","type":"product","link":"https:\/\/acecoll.com\/pt\/product\/af005-faca-bowie-de-sobrevivencia-prata-95x18-aco-vanadio\/","title":{"rendered":"AC005 Faca Bowie Full-Tang"},"content":{"rendered":"<p>A ACECOLL \u00e9 uma faca Bowie criada para aventuras ao ar livre e tarefas pesadas:<\/p>\n<p>Ele mede 13,39 polegadas de comprimento total, com uma l\u00e2mina de 8,46 polegadas e uma espinha dorsal de 6 mm de espessura. \u00c9 capaz de cortar madeira, fazer cortes e realizar tarefas cotidianas ao ar livre com facilidade.<\/p>\n<p>A constru\u00e7\u00e3o full-tang com tr\u00eas rebites passantes na al\u00e7a aumenta ainda mais a resist\u00eancia e a confiabilidade gerais.<\/p>\n<p>O cabo de madeira preta apresenta uma textura c\u00f4ncava antiderrapante, proporcionando uma ader\u00eancia confort\u00e1vel e segura, mesmo em condi\u00e7\u00f5es de uso pesado ou molhado.<\/p>\n<p>Vem com uma bainha de couro preto resistente, por\u00e9m leve, com um design de al\u00e7a de cinto. Ela pode ser usada verticalmente na cintura para facilitar o transporte e o acesso r\u00e1pido.<\/p>\n<p>Seja para acampar, fazer caminhadas, trabalhos manuais ou outras aventuras ao ar livre, a AC005 \u00e9 uma faca Bowie pr\u00e1tica na qual o senhor pode confiar.<\/p>","protected":false},"excerpt":{"rendered":"<p>A\u00e7o Premium: a\u00e7o van\u00e1dio 95\u00d718 forjado \u00e0 m\u00e3o com alta dureza e excelente resist\u00eancia ao desgaste, garantindo afia\u00e7\u00e3o e durabilidade excepcionais.<br \/>\nConstru\u00e7\u00e3o Full-Tang: Design de l\u00e2mina de pe\u00e7a \u00fanica com tr\u00eas rebites passantes para maior estabilidade e confiabilidade.<br \/>\nCabo ergon\u00f4mico: Cabo de madeira micarta preta com textura c\u00f4ncava antiderrapante, proporcionando uma ader\u00eancia firme mesmo em condi\u00e7\u00f5es de uso pesado ou molhado.<br \/>\nBainha de couro: Bainha dur\u00e1vel e leve com design de al\u00e7a de cinto, f\u00e1cil de transportar e permite acesso r\u00e1pido.<br \/>\nUso vers\u00e1til: Perfeito para acampar, fazer caminhadas, cortar lenha, emerg\u00eancias de sobreviv\u00eancia ou outras aventuras ao ar livre. Um companheiro confi\u00e1vel para atividades ao ar livre.<\/p>","protected":false},"featured_media":255,"comment_status":"open","ping_status":"closed","template":"","meta":{"_acf_changed":false,"inline_featured_image":false,"slim_seo":{"description":"AC005 Large Full-Tang Bowie Knife, a\u00e7o premium, constru\u00e7\u00e3o full-tang. Perfeita para acampamentos, caminhadas, corte de madeira, bushcraft e aventuras ao ar livre. Venda quente, clique para saber mais!","title":"AC005 Full-Tang Bowie Knife - ACECOLL"}},"product_brand":[],"product_cat":[22,16,18],"product_tag":[],"class_list":{"0":"post-220","1":"product","2":"type-product","3":"status-publish","4":"has-post-thumbnail","6":"product_cat-bowie-knife","7":"product_cat-fixed-blade-knife","8":"product_cat-survival-knives","10":"first","11":"instock","12":"taxable","13":"shipping-taxable","14":"purchasable","15":"product-type-simple"},"acf":[],"_links":{"self":[{"href":"https:\/\/acecoll.com\/pt\/wp-json\/wp\/v2\/product\/220","targetHints":{"allow":["GET"]}}],"collection":[{"href":"https:\/\/acecoll.com\/pt\/wp-json\/wp\/v2\/product"}],"about":[{"href":"https:\/\/acecoll.com\/pt\/wp-json\/wp\/v2\/types\/product"}],"replies":[{"embeddable":true,"href":"https:\/\/acecoll.com\/pt\/wp-json\/wp\/v2\/comments?post=220"}],"version-history":[{"count":5,"href":"https:\/\/acecoll.com\/pt\/wp-json\/wp\/v2\/product\/220\/revisions"}],"predecessor-version":[{"id":1235,"href":"https:\/\/acecoll.com\/pt\/wp-json\/wp\/v2\/product\/220\/revisions\/1235"}],"wp:featuredmedia":[{"embeddable":true,"href":"https:\/\/acecoll.com\/pt\/wp-json\/wp\/v2\/media\/255"}],"wp:attachment":[{"href":"https:\/\/acecoll.com\/pt\/wp-json\/wp\/v2\/media?parent=220"}],"wp:term":[{"taxonomy":"product_brand","embeddable":true,"href":"https:\/\/acecoll.com\/pt\/wp-json\/wp\/v2\/product_brand?post=220"},{"taxonomy":"product_cat","embeddable":true,"href":"https:\/\/acecoll.com\/pt\/wp-json\/wp\/v2\/product_cat?post=220"},{"taxonomy":"product_tag","embeddable":true,"href":"https:\/\/acecoll.com\/pt\/wp-json\/wp\/v2\/product_tag?post=220"}],"curies":[{"name":"wp","href":"https:\/\/api.w.org\/{rel}","templated":true}]}}