{"id":221,"date":"2025-10-28T07:38:40","date_gmt":"2025-10-28T07:38:40","guid":{"rendered":"https:\/\/acecoll.com\/?post_type=product&#038;p=221"},"modified":"2026-02-11T07:19:18","modified_gmt":"2026-02-11T07:19:18","slug":"faca-de-caca-af006-aco-m390-para-caca-e-sobrevivencia-ao-ar-livre","status":"publish","type":"product","link":"https:\/\/acecoll.com\/pt\/product\/faca-de-caca-af006-aco-m390-para-caca-e-sobrevivencia-ao-ar-livre\/","title":{"rendered":"AC006 Hunting Bowie Knife for Outdoor Hunting &amp; Survival (Faca Bowie para Ca\u00e7a e Sobreviv\u00eancia ao Ar Livre)"},"content":{"rendered":"<p>AC006 Classic Hunting Bowie Knife is a premium outdoor knife that combines practicality with collectible value.<\/p>\n<p>Fabricado em a\u00e7o em p\u00f3 M390 de alta qualidade e forjado \u00e0 m\u00e3o para uma afia\u00e7\u00e3o duradoura. A constru\u00e7\u00e3o full-tang garante que a l\u00e2mina seja s\u00f3lida e confi\u00e1vel, mantendo excelente estabilidade mesmo sob uso intenso.<\/p>\n<p>O cabo \u00e9 feito de jacarand\u00e1 natural e vem com uma bainha de couro de alta qualidade para facilitar o transporte no cinto e a portabilidade. Seja para ca\u00e7a, acampamento, sobreviv\u00eancia ou explora\u00e7\u00e3o ao ar livre, a AC006 oferece excelente desempenho e controle de corte.<\/p>","protected":false},"excerpt":{"rendered":"<p>L\u00e2mina de a\u00e7o em p\u00f3 M390 Premium: Fabricada em a\u00e7o inoxid\u00e1vel em p\u00f3 M390 para proporcionar afia\u00e7\u00e3o e durabilidade excepcionais.<br \/>\nFeita \u00e0 m\u00e3o com precis\u00e3o: Cada faca \u00e9 forjada e polida por artes\u00e3os habilidosos, exibindo um excelente trabalho artesanal e valor colecion\u00e1vel.<br \/>\nConstru\u00e7\u00e3o Full-Tang: A l\u00e2mina e o cabo s\u00e3o formados integralmente, proporcionando alta resist\u00eancia e excelente estabilidade.<br \/>\nCabo de jacarand\u00e1: O cabo de pau-rosa oferece uma empunhadura s\u00f3lida e antiderrapante que permanece confort\u00e1vel durante o uso prolongado.<br \/>\nBainha de couro de alta qualidade: Vem com uma bainha de couro finamente trabalhada com padr\u00f5es detalhados, uma presilha para cinto e um fecho de press\u00e3o para um transporte conveniente.<br \/>\nUso vers\u00e1til em ambientes externos: Perfeito para ca\u00e7a, acampamento, sobreviv\u00eancia e prote\u00e7\u00e3o ao ar livre - seu companheiro confi\u00e1vel em qualquer aventura na natureza.<\/p>","protected":false},"featured_media":262,"comment_status":"open","ping_status":"closed","template":"","meta":{"_acf_changed":false,"inline_featured_image":false,"slim_seo":{"title":"Faca Bowie de ca\u00e7a para ca\u00e7a e sobreviv\u00eancia ao ar livre - ACECOLL","description":"A AC006 Classic Hunting Bowie Knife \u00e9 feita de a\u00e7o premium, forjada \u00e0 m\u00e3o e acompanhada de uma bainha de couro de alta qualidade para facilitar o transporte. Perfeita para ca\u00e7a, acampamento, sobreviv\u00eancia e aventuras ao ar livre. Muito vendido agora - clique para saber mais!"}},"product_brand":[],"product_cat":[16,23],"product_tag":[],"class_list":{"0":"post-221","1":"product","2":"type-product","3":"status-publish","4":"has-post-thumbnail","6":"product_cat-fixed-blade-knife","7":"product_cat-hunting-knives","9":"first","10":"instock","11":"taxable","12":"shipping-taxable","13":"purchasable","14":"product-type-simple"},"acf":[],"_links":{"self":[{"href":"https:\/\/acecoll.com\/pt\/wp-json\/wp\/v2\/product\/221","targetHints":{"allow":["GET"]}}],"collection":[{"href":"https:\/\/acecoll.com\/pt\/wp-json\/wp\/v2\/product"}],"about":[{"href":"https:\/\/acecoll.com\/pt\/wp-json\/wp\/v2\/types\/product"}],"replies":[{"embeddable":true,"href":"https:\/\/acecoll.com\/pt\/wp-json\/wp\/v2\/comments?post=221"}],"version-history":[{"count":8,"href":"https:\/\/acecoll.com\/pt\/wp-json\/wp\/v2\/product\/221\/revisions"}],"predecessor-version":[{"id":1322,"href":"https:\/\/acecoll.com\/pt\/wp-json\/wp\/v2\/product\/221\/revisions\/1322"}],"wp:featuredmedia":[{"embeddable":true,"href":"https:\/\/acecoll.com\/pt\/wp-json\/wp\/v2\/media\/262"}],"wp:attachment":[{"href":"https:\/\/acecoll.com\/pt\/wp-json\/wp\/v2\/media?parent=221"}],"wp:term":[{"taxonomy":"product_brand","embeddable":true,"href":"https:\/\/acecoll.com\/pt\/wp-json\/wp\/v2\/product_brand?post=221"},{"taxonomy":"product_cat","embeddable":true,"href":"https:\/\/acecoll.com\/pt\/wp-json\/wp\/v2\/product_cat?post=221"},{"taxonomy":"product_tag","embeddable":true,"href":"https:\/\/acecoll.com\/pt\/wp-json\/wp\/v2\/product_tag?post=221"}],"curies":[{"name":"wp","href":"https:\/\/api.w.org\/{rel}","templated":true}]}}