{"id":222,"date":"2025-10-28T07:38:40","date_gmt":"2025-10-28T07:38:40","guid":{"rendered":"https:\/\/acecoll.com\/?post_type=product&#038;p=222"},"modified":"2026-02-11T07:19:31","modified_gmt":"2026-02-11T07:19:31","slug":"af007-tactical-tanto-knife-mirror-finish-10cr18mov-steel","status":"publish","type":"product","link":"https:\/\/acecoll.com\/pt\/product\/af007-tactical-tanto-knife-mirror-finish-10cr18mov-steel\/","title":{"rendered":"Faca de l\u00e2mina fixa AC007 Tanto"},"content":{"rendered":"<p>O canivete AC007 Full-Tang Japanese-Style Tanto Fixed Blade \u00e9 uma l\u00e2mina de alta qualidade que combina a est\u00e9tica oriental com o desempenho pr\u00e1tico.<\/p>\n<p>A l\u00e2mina \u00e9 forjada \u00e0 m\u00e3o em a\u00e7o 10Cr18MoV premium, o que a torna forte e afiada. Sua ponta Tanto geom\u00e9trica oferece excelente capacidade de perfura\u00e7\u00e3o, ao mesmo tempo em que mostra a arte refinada do artesanato japon\u00eas tradicional.<\/p>\n<p>A empunhadura \u00e9 feita de madeira de freixo natural, cuidadosamente esculpida e polida por artes\u00e3os habilidosos para proporcionar uma empunhadura confort\u00e1vel e segura. Combinado com a constru\u00e7\u00e3o full-tang, ele garante um controle confi\u00e1vel em qualquer ambiente externo.<\/p>\n<p>Uma bainha de couro de alta qualidade proporciona um ajuste suave e confort\u00e1vel para um transporte seguro e conveniente.<\/p>\n<p>Seja para aventuras ao ar livre, uso em acampamentos ou para colecionar e exibir, o AC007 \u00e9 uma obra-prima que une beleza e desempenho.<\/p>","protected":false},"excerpt":{"rendered":"<div class=\"chat-turn-container model render\" tabindex=\"-1\" data-immersive-translate-walked=\"48a44ed9-a323-49f0-9b89-81f8dcac3def\">\n<div class=\"model-prompt-container\" data-turn-role=\"Model\" data-immersive-translate-walked=\"48a44ed9-a323-49f0-9b89-81f8dcac3def\">\n<div class=\"turn-content\" data-immersive-translate-walked=\"48a44ed9-a323-49f0-9b89-81f8dcac3def\">\n<div class=\"chat-turn-container model render\" tabindex=\"-1\" data-immersive-translate-walked=\"48a44ed9-a323-49f0-9b89-81f8dcac3def\">\n<div class=\"model-prompt-container\" data-turn-role=\"Model\" data-immersive-translate-walked=\"48a44ed9-a323-49f0-9b89-81f8dcac3def\">\n<div class=\"turn-content\" data-immersive-translate-walked=\"48a44ed9-a323-49f0-9b89-81f8dcac3def\">\n<ul>\n<li><strong>Combinando artesanato e colecionismo:<\/strong> A apar\u00eancia cl\u00e1ssica, o acabamento refinado e os materiais de primeira qualidade fazem dele n\u00e3o apenas uma ferramenta pr\u00e1tica, mas tamb\u00e9m uma pe\u00e7a art\u00edstica com valor colecion\u00e1vel.<\/li>\n<li><strong>A\u00e7o Premium:<\/strong> Forjado \u00e0 m\u00e3o em a\u00e7o \u201c10Cr18MoV\u201d de alta qualidade.<\/li>\n<li><strong>Artesanato requintado de moagem manual:<\/strong> A superf\u00edcie da l\u00e2mina \u00e9 brilhante e lisa, com um reflexo de a\u00e7o polido que mostra as t\u00e9cnicas avan\u00e7adas de esmerilhamento e o fino acabamento artesanal.<\/li>\n<li><strong>Ponta da l\u00e2mina Geometric Tanto:<\/strong> A ponta afiada proporciona um forte poder de perfura\u00e7\u00e3o e um apelo est\u00e9tico excepcional.<\/li>\n<li><strong>Cabo de madeira de freixo:<\/strong> Cuidadosamente esculpidos e polidos por artes\u00e3os experientes, combinando conforto e apar\u00eancia refinada.<\/li>\n<li><strong>Bainha de couro de alta qualidade:<\/strong> Costurado \u00e0 m\u00e3o com padr\u00f5es detalhados e um ajuste suave quando fechado, refletindo a forte est\u00e9tica do estilo japon\u00eas.<\/li>\n<\/ul>\n<\/div>\n<\/div>\n<\/div>\n<\/div>\n<\/div>\n<\/div>","protected":false},"featured_media":269,"comment_status":"open","ping_status":"closed","template":"","meta":{"_acf_changed":false,"inline_featured_image":false,"slim_seo":{"description":"Faca japonesa de l\u00e2mina fixa AC007 Tanto, seja usada em aventuras ao ar livre ou como exibi\u00e7\u00e3o de cole\u00e7\u00e3o. J\u00e1 dispon\u00edvel. Clique aqui para obter detalhes.","title":"AC007 Tanto Fixed Blade Knife - ACECOLL"}},"product_brand":[],"product_cat":[16,21],"product_tag":[],"class_list":{"0":"post-222","1":"product","2":"type-product","3":"status-publish","4":"has-post-thumbnail","6":"product_cat-fixed-blade-knife","7":"product_cat-tanto-knives","9":"first","10":"instock","11":"taxable","12":"shipping-taxable","13":"purchasable","14":"product-type-simple"},"acf":[],"_links":{"self":[{"href":"https:\/\/acecoll.com\/pt\/wp-json\/wp\/v2\/product\/222","targetHints":{"allow":["GET"]}}],"collection":[{"href":"https:\/\/acecoll.com\/pt\/wp-json\/wp\/v2\/product"}],"about":[{"href":"https:\/\/acecoll.com\/pt\/wp-json\/wp\/v2\/types\/product"}],"replies":[{"embeddable":true,"href":"https:\/\/acecoll.com\/pt\/wp-json\/wp\/v2\/comments?post=222"}],"version-history":[{"count":5,"href":"https:\/\/acecoll.com\/pt\/wp-json\/wp\/v2\/product\/222\/revisions"}],"predecessor-version":[{"id":897,"href":"https:\/\/acecoll.com\/pt\/wp-json\/wp\/v2\/product\/222\/revisions\/897"}],"wp:featuredmedia":[{"embeddable":true,"href":"https:\/\/acecoll.com\/pt\/wp-json\/wp\/v2\/media\/269"}],"wp:attachment":[{"href":"https:\/\/acecoll.com\/pt\/wp-json\/wp\/v2\/media?parent=222"}],"wp:term":[{"taxonomy":"product_brand","embeddable":true,"href":"https:\/\/acecoll.com\/pt\/wp-json\/wp\/v2\/product_brand?post=222"},{"taxonomy":"product_cat","embeddable":true,"href":"https:\/\/acecoll.com\/pt\/wp-json\/wp\/v2\/product_cat?post=222"},{"taxonomy":"product_tag","embeddable":true,"href":"https:\/\/acecoll.com\/pt\/wp-json\/wp\/v2\/product_tag?post=222"}],"curies":[{"name":"wp","href":"https:\/\/api.w.org\/{rel}","templated":true}]}}