{"id":223,"date":"2025-10-28T07:38:40","date_gmt":"2025-10-28T07:38:40","guid":{"rendered":"https:\/\/acecoll.com\/?post_type=product&#038;p=223"},"modified":"2025-11-29T03:53:10","modified_gmt":"2025-11-29T03:53:10","slug":"af008-faca-tatica-estilo-usmc-com-cabo-de-madeira-empilhada-em-aco-d2","status":"publish","type":"product","link":"https:\/\/acecoll.com\/pt\/product\/af008-faca-tatica-estilo-usmc-com-cabo-de-madeira-empilhada-em-aco-d2\/","title":{"rendered":"Faca t\u00e1tica estilo marinho com ponta de clipe AC008"},"content":{"rendered":"<p>A AC008 Clip Point Marine-Style Tactical &amp; Survival Knife \u00e9 uma faca de campo t\u00e1tica de estilo cl\u00e1ssico.<\/p>\n<p>A l\u00e2mina \u00e9 forjada \u00e0 m\u00e3o em a\u00e7o D2 de alta resist\u00eancia, o que a torna s\u00f3lida e afiada. O design cl\u00e1ssico da Clip Point proporciona excelente poder de perfura\u00e7\u00e3o e controle de corte, incorporando totalmente a praticidade e a for\u00e7a da faca de estilo marinho.<\/p>\n<p>A al\u00e7a de madeira empilhada \u00e9 finamente polida para uma pegada segura e confort\u00e1vel, mantendo um controle confi\u00e1vel mesmo em condi\u00e7\u00f5es extremas ou molhadas.<\/p>\n<p>Ele vem com uma bainha de couro de alta qualidade que pode ser usada verticalmente em um cinto ou al\u00e7a para acesso e transporte convenientes.<\/p>\n<p>Seja para ca\u00e7a, acampamento, sobreviv\u00eancia ou aventura ao ar livre, o AC008 \u00e9 um companheiro confi\u00e1vel que combina estilo cl\u00e1ssico com desempenho superior.<\/p>","protected":false},"excerpt":{"rendered":"<ul>\n<li><strong>Design cl\u00e1ssico:<\/strong> Inspirado na tradicional faca t\u00e1tica de estilo marinho, apresenta um visual robusto que combina pot\u00eancia e valor colecion\u00e1vel.<\/li>\n<li><strong>A\u00e7o Premium:<\/strong> Forjado \u00e0 m\u00e3o em a\u00e7o D2 de alta resist\u00eancia, duro e afiado.<\/li>\n<li><strong>Cabo de madeira empilhada:<\/strong> O design cl\u00e1ssico com contornos garante uma empunhadura confort\u00e1vel e antiderrapante em qualquer condi\u00e7\u00e3o.<\/li>\n<li><strong>Bainha de couro:<\/strong> Vem com uma bainha de couro para facilitar o transporte no cinto ou na vertical, conveniente para acesso e armazenamento.<\/li>\n<li><strong>Uso vers\u00e1til:<\/strong> Adequado para cortes ao ar livre, acendimento de fogo, prepara\u00e7\u00e3o de alimentos e sobreviv\u00eancia - seu companheiro confi\u00e1vel para qualquer aventura.<\/li>\n<\/ul>","protected":false},"featured_media":275,"comment_status":"open","ping_status":"closed","template":"","meta":{"_acf_changed":false,"inline_featured_image":false,"slim_seo":{"description":"A faca t\u00e1tica e de sobreviv\u00eancia AC008 Clip Point Marine-Style \u00e9 sua companheira de confian\u00e7a para ca\u00e7a, acampamento, sobreviv\u00eancia e aventuras ao ar livre. Muito vendido agora - clique para saber mais!","title":"AC008 Clip Point Marine-Style Tactical Knife - ACECOLL"}},"product_brand":[],"product_cat":[16,19],"product_tag":[],"class_list":{"0":"post-223","1":"product","2":"type-product","3":"status-publish","4":"has-post-thumbnail","6":"product_cat-fixed-blade-knife","7":"product_cat-tactical-knives","9":"first","10":"instock","11":"taxable","12":"shipping-taxable","13":"purchasable","14":"product-type-variable"},"acf":[],"_links":{"self":[{"href":"https:\/\/acecoll.com\/pt\/wp-json\/wp\/v2\/product\/223","targetHints":{"allow":["GET"]}}],"collection":[{"href":"https:\/\/acecoll.com\/pt\/wp-json\/wp\/v2\/product"}],"about":[{"href":"https:\/\/acecoll.com\/pt\/wp-json\/wp\/v2\/types\/product"}],"replies":[{"embeddable":true,"href":"https:\/\/acecoll.com\/pt\/wp-json\/wp\/v2\/comments?post=223"}],"version-history":[{"count":5,"href":"https:\/\/acecoll.com\/pt\/wp-json\/wp\/v2\/product\/223\/revisions"}],"predecessor-version":[{"id":1688,"href":"https:\/\/acecoll.com\/pt\/wp-json\/wp\/v2\/product\/223\/revisions\/1688"}],"wp:featuredmedia":[{"embeddable":true,"href":"https:\/\/acecoll.com\/pt\/wp-json\/wp\/v2\/media\/275"}],"wp:attachment":[{"href":"https:\/\/acecoll.com\/pt\/wp-json\/wp\/v2\/media?parent=223"}],"wp:term":[{"taxonomy":"product_brand","embeddable":true,"href":"https:\/\/acecoll.com\/pt\/wp-json\/wp\/v2\/product_brand?post=223"},{"taxonomy":"product_cat","embeddable":true,"href":"https:\/\/acecoll.com\/pt\/wp-json\/wp\/v2\/product_cat?post=223"},{"taxonomy":"product_tag","embeddable":true,"href":"https:\/\/acecoll.com\/pt\/wp-json\/wp\/v2\/product_tag?post=223"}],"curies":[{"name":"wp","href":"https:\/\/api.w.org\/{rel}","templated":true}]}}