{"id":224,"date":"2025-10-28T07:38:41","date_gmt":"2025-10-28T07:38:41","guid":{"rendered":"https:\/\/acecoll.com\/?post_type=product&#038;p=224"},"modified":"2026-02-11T07:19:57","modified_gmt":"2026-02-11T07:19:57","slug":"af009-faca-tatica-tanto","status":"publish","type":"product","link":"https:\/\/acecoll.com\/pt\/product\/af009-faca-tatica-tanto\/","title":{"rendered":"AC009 Tanto Faca t\u00e1tica e de sobreviv\u00eancia"},"content":{"rendered":"<p>AC009 Tanto Tactical &amp; Survival Knife, a high-end outdoor knife that combines power and precision craftsmanship.<br \/>\nForged from high-strength Z-Wear stainless steel with a hardness of 60\u00b1HRC.<br \/>\nA constru\u00e7\u00e3o full-tang e a l\u00e2mina de 7 mm de espessura garantem estabilidade e confiabilidade sob uso intenso.<br \/>\nA al\u00e7a G10 \u00e9 ergonomicamente projetada, antiderrapante, resistente ao calor e confort\u00e1vel de segurar.<br \/>\nVem com uma bainha Kydex que \u00e9 leve, dur\u00e1vel e permite f\u00e1cil transporte e acesso r\u00e1pido.<br \/>\nSeja para acampamento, ca\u00e7a, pesca, aventura, sobreviv\u00eancia ao ar livre ou coleta, o AF009 oferece desempenho excepcional com qualidade e habilidade refinadas.<\/p>","protected":false},"excerpt":{"rendered":"<p><strong>Design da l\u00e2mina Tanto no estilo samurai:<\/strong> A borda reta e afiada oferece um desempenho poderoso de perfura\u00e7\u00e3o e corte, adequado para uma ampla gama de tarefas ao ar livre.<br \/>\n<strong>L\u00e2mina de a\u00e7o inoxid\u00e1vel com espessura Z-Wear:<\/strong> Forjado em a\u00e7o Z-Wear de alta resist\u00eancia com dureza de 60\u00b1HRC. Afiada, resistente ao desgaste e altamente resistente \u00e0 corros\u00e3o. A l\u00e2mina de 7 mm de espessura proporciona maior pot\u00eancia e durabilidade.<br \/>\n<strong>Constru\u00e7\u00e3o fixa Full-Tang:<\/strong> A estrutura de uma s\u00f3 pe\u00e7a garante estabilidade e confiabilidade para uso em servi\u00e7os pesados.<br \/>\n<strong>Cabo de fibra de nylon G10:<\/strong> Projetado ergonomicamente, \u00e9 antiderrapante, resistente ao calor e proporciona uma pegada segura e confort\u00e1vel.<br \/>\n<strong>Bainha de Kydex de alta resist\u00eancia:<\/strong> Leve, dur\u00e1vel e permite acesso r\u00e1pido e f\u00e1cil.<br \/>\n<strong>Aplica\u00e7\u00e3o profissional em v\u00e1rias cenas:<\/strong> Ideal para camping, ca\u00e7a, pesca, explora\u00e7\u00e3o e sobreviv\u00eancia ao ar livre. Tamb\u00e9m adequado para colecionar.<\/p>","protected":false},"featured_media":281,"comment_status":"open","ping_status":"closed","template":"","meta":{"_acf_changed":false,"inline_featured_image":false,"slim_seo":{"description":"Faca AC009 Tanto Tactical &amp; Survival, fabricada com a\u00e7o premium e acabamento superior. Projetada para uso externo e para colecionar. Qualidade excepcional - clique para saber mais!","title":"AC009 Tanto Tactical & survival Knife - ACECOLL"}},"product_brand":[],"product_cat":[16,17,19,21],"product_tag":[],"class_list":{"0":"post-224","1":"product","2":"type-product","3":"status-publish","4":"has-post-thumbnail","6":"product_cat-fixed-blade-knife","7":"product_cat-full-tang-knives","8":"product_cat-tactical-knives","9":"product_cat-tanto-knives","11":"first","12":"instock","13":"purchasable","14":"product-type-simple"},"acf":[],"_links":{"self":[{"href":"https:\/\/acecoll.com\/pt\/wp-json\/wp\/v2\/product\/224","targetHints":{"allow":["GET"]}}],"collection":[{"href":"https:\/\/acecoll.com\/pt\/wp-json\/wp\/v2\/product"}],"about":[{"href":"https:\/\/acecoll.com\/pt\/wp-json\/wp\/v2\/types\/product"}],"replies":[{"embeddable":true,"href":"https:\/\/acecoll.com\/pt\/wp-json\/wp\/v2\/comments?post=224"}],"version-history":[{"count":4,"href":"https:\/\/acecoll.com\/pt\/wp-json\/wp\/v2\/product\/224\/revisions"}],"predecessor-version":[{"id":1319,"href":"https:\/\/acecoll.com\/pt\/wp-json\/wp\/v2\/product\/224\/revisions\/1319"}],"wp:featuredmedia":[{"embeddable":true,"href":"https:\/\/acecoll.com\/pt\/wp-json\/wp\/v2\/media\/281"}],"wp:attachment":[{"href":"https:\/\/acecoll.com\/pt\/wp-json\/wp\/v2\/media?parent=224"}],"wp:term":[{"taxonomy":"product_brand","embeddable":true,"href":"https:\/\/acecoll.com\/pt\/wp-json\/wp\/v2\/product_brand?post=224"},{"taxonomy":"product_cat","embeddable":true,"href":"https:\/\/acecoll.com\/pt\/wp-json\/wp\/v2\/product_cat?post=224"},{"taxonomy":"product_tag","embeddable":true,"href":"https:\/\/acecoll.com\/pt\/wp-json\/wp\/v2\/product_tag?post=224"}],"curies":[{"name":"wp","href":"https:\/\/api.w.org\/{rel}","templated":true}]}}