{"id":225,"date":"2025-10-28T07:38:41","date_gmt":"2025-10-28T07:38:41","guid":{"rendered":"https:\/\/acecoll.com\/?post_type=product&#038;p=225"},"modified":"2026-02-11T07:21:38","modified_gmt":"2026-02-11T07:21:38","slug":"af010-machete-kukri-nepales-65mn-cabo-de-aco-de-madeira-dura","status":"publish","type":"product","link":"https:\/\/acecoll.com\/pt\/product\/af010-machete-kukri-nepales-65mn-cabo-de-aco-de-madeira-dura\/","title":{"rendered":"AC010 Machete Kukri para servi\u00e7o pesado"},"content":{"rendered":"<p>O AC010 Heavy Duty Gurkha Kukri Machete \u00e9 inspirado no design tradicional dos soldados Gurkha do Nepal. A l\u00e2mina curvada para a frente desloca o equil\u00edbrio naturalmente para a frente, gerando maior impulso a cada golpe. A ponta ligeiramente alargada aumenta o poder de corte, permitindo que o fac\u00e3o execute tarefas de corte, picagem e divis\u00e3o com efici\u00eancia.<\/p>\n<p>O AC010 \u00e9 totalmente forjado \u00e0 m\u00e3o em a\u00e7o 65Mn com alto teor de mangan\u00eas e tratado termicamente para proporcionar dureza e resist\u00eancia superiores. Sua constru\u00e7\u00e3o full-tang integra a l\u00e2mina e o cabo em uma \u00fanica pe\u00e7a s\u00f3lida, o que a torna ideal para limpar arbustos, trabalhar em florestas e qualquer tarefa exigente de corte ou picagem ao ar livre.<\/p>\n<p>O cabo \u00e9 feito de madeira natural, proporcionando uma empunhadura firme e confort\u00e1vel. Ela vem com uma bainha de couro genu\u00edno e um orif\u00edcio para cord\u00e3o para um transporte conveniente e acesso r\u00e1pido.<\/p>\n<p>Quer seja usada para limpeza da selva, trabalho em acampamento, artesanato ou treinamento de sobreviv\u00eancia, a AC010 demonstra excepcional resist\u00eancia e habilidade, o que a torna uma faca confi\u00e1vel e resistente para entusiastas de atividades ao ar livre e profissionais de sobreviv\u00eancia.<\/p>","protected":false},"excerpt":{"rendered":"<p>Design cl\u00e1ssico da Gurkha: A l\u00e2mina curvada para a frente proporciona maior poder de corte, ao mesmo tempo em que oferece excelente desempenho de corte, corte e divis\u00e3o.<br \/>\nEspinha extra grossa: A balan\u00e7a com peso para a frente e a lombada com 10 mm de espessura oferecem for\u00e7a de corte e estabilidade superiores.<br \/>\nConstru\u00e7\u00e3o Full-Tang: Forjado em a\u00e7o 65 com alto teor de mangan\u00eas e pinos de lat\u00e3o que prendem a al\u00e7a para maior durabilidade e seguran\u00e7a.<br \/>\nCabo de madeira dura: Fabricado em madeira de lei natural para proporcionar uma empunhadura firme e confort\u00e1vel que permanece segura mesmo durante o uso prolongado.<br \/>\nBainha de couro e portabilidade: Vem com uma bainha de couro genu\u00edno para cinto e orif\u00edcio para cord\u00e3o para um transporte conveniente e flex\u00edvel no campo.<br \/>\nUso vers\u00e1til em ambientes externos: Perfeito para artesanato, acampamento, limpeza de trilhas e tarefas exigentes ao ar livre - o AC010 d\u00e1 conta de tudo.<\/p>","protected":false},"featured_media":289,"comment_status":"open","ping_status":"closed","template":"","meta":{"_acf_changed":false,"inline_featured_image":false,"slim_seo":{"title":"AC010 Heavy Duty Kukri Machete - ACECOLL","description":"Design cl\u00e1ssico da Gurkha: A l\u00e2mina curvada para a frente proporciona maior poder de corte, ao mesmo tempo em que oferece excelente desempenho de corte, corte e divis\u00e3o. Extra-T"}},"product_brand":[],"product_cat":[16,17,26],"product_tag":[],"class_list":{"0":"post-225","1":"product","2":"type-product","3":"status-publish","4":"has-post-thumbnail","6":"product_cat-fixed-blade-knife","7":"product_cat-full-tang-knives","8":"product_cat-kukri-style-knives","10":"first","11":"instock","12":"taxable","13":"shipping-taxable","14":"purchasable","15":"product-type-simple"},"acf":[],"_links":{"self":[{"href":"https:\/\/acecoll.com\/pt\/wp-json\/wp\/v2\/product\/225","targetHints":{"allow":["GET"]}}],"collection":[{"href":"https:\/\/acecoll.com\/pt\/wp-json\/wp\/v2\/product"}],"about":[{"href":"https:\/\/acecoll.com\/pt\/wp-json\/wp\/v2\/types\/product"}],"replies":[{"embeddable":true,"href":"https:\/\/acecoll.com\/pt\/wp-json\/wp\/v2\/comments?post=225"}],"version-history":[{"count":4,"href":"https:\/\/acecoll.com\/pt\/wp-json\/wp\/v2\/product\/225\/revisions"}],"predecessor-version":[{"id":1682,"href":"https:\/\/acecoll.com\/pt\/wp-json\/wp\/v2\/product\/225\/revisions\/1682"}],"wp:featuredmedia":[{"embeddable":true,"href":"https:\/\/acecoll.com\/pt\/wp-json\/wp\/v2\/media\/289"}],"wp:attachment":[{"href":"https:\/\/acecoll.com\/pt\/wp-json\/wp\/v2\/media?parent=225"}],"wp:term":[{"taxonomy":"product_brand","embeddable":true,"href":"https:\/\/acecoll.com\/pt\/wp-json\/wp\/v2\/product_brand?post=225"},{"taxonomy":"product_cat","embeddable":true,"href":"https:\/\/acecoll.com\/pt\/wp-json\/wp\/v2\/product_cat?post=225"},{"taxonomy":"product_tag","embeddable":true,"href":"https:\/\/acecoll.com\/pt\/wp-json\/wp\/v2\/product_tag?post=225"}],"curies":[{"name":"wp","href":"https:\/\/api.w.org\/{rel}","templated":true}]}}