{"id":227,"date":"2025-10-28T07:38:41","date_gmt":"2025-10-28T07:38:41","guid":{"rendered":"https:\/\/acecoll.com\/?post_type=product&#038;p=227"},"modified":"2026-02-11T07:21:20","modified_gmt":"2026-02-11T07:21:20","slug":"af012-faca-bowie-de-caca-cpm-t440v-aco","status":"publish","type":"product","link":"https:\/\/acecoll.com\/pt\/product\/af012-faca-bowie-de-caca-cpm-t440v-aco\/","title":{"rendered":"AC012 Faca Bowie com ponta de clipe m\u00e9dio-grande"},"content":{"rendered":"<p>AC012 Medium-Large Clip Point Bowie Knife:** A premium outdoor knife that combines practical performance with refined craftsmanship.<\/p>\n<p>A l\u00e2mina \u00e9 forjada com precis\u00e3o em a\u00e7o inoxid\u00e1vel de alto carbono **CPM-T440V**, com uma constru\u00e7\u00e3o **full-tang** que atravessa o cabo para proporcionar resist\u00eancia e durabilidade excepcionais. Ela permanece est\u00e1vel e confi\u00e1vel mesmo ap\u00f3s um longo per\u00edodo de uso para cortar, picar ou perfurar.<\/p>\n<p>A **al\u00e7a preta de madeira dura** oferece uma empunhadura confort\u00e1vel, antiderrapante e segura.<\/p>\n<p>A **bainha de couro genu\u00edno preto** vem com um fecho de seguran\u00e7a e uma presilha para cinto, facilitando o transporte e o armazenamento durante as atividades ao ar livre.<\/p>\n<p>Whether for hunting, camping, bushcraft, or collection, the AC012 stands out with its solid build and sleek appearance\u2014an ideal and trustworthy companion for outdoor enthusiasts and hunters alike.<\/p>","protected":false},"excerpt":{"rendered":"<p>Design marcante: Perfil estilo Bowie que combina praticidade e est\u00e9tica. A ponta afiada proporciona excelente desempenho de perfura\u00e7\u00e3o e corte.<br \/>\nA\u00e7o de alto desempenho: Fabricado em a\u00e7o inoxid\u00e1vel de alto carbono CPM-T440V, mantendo-se forte e afiado mesmo ap\u00f3s o uso prolongado.<br \/>\nForma cl\u00e1ssica de ponta de clipe: Ponta afiada com excelente penetra\u00e7\u00e3o. A lombada curva permite um corte preciso, ao mesmo tempo em que aumenta o apelo visual da faca.<br \/>\nCabo de madeira dura: A ondula\u00e7\u00e3o contornada da palma da m\u00e3o proporciona uma ader\u00eancia confort\u00e1vel e antiderrapante para um manuseio seguro e est\u00e1vel.<br \/>\nConstru\u00e7\u00e3o Full-Tang: A l\u00e2mina inteiri\u00e7a de espiga completa que atravessa o cabo garante resist\u00eancia e durabilidade superiores.<br \/>\nBainha de couro genu\u00edno: Bainha de couro premium com encaixe seguro e presilha para cinto para f\u00e1cil transporte e prote\u00e7\u00e3o da l\u00e2mina.<br \/>\nAplica\u00e7\u00e3o vers\u00e1til: Ideal para ca\u00e7a, acampamento, treinamento de sobreviv\u00eancia e coleta - uma excelente op\u00e7\u00e3o para entusiastas de atividades ao ar livre e ca\u00e7adores.<\/p>","protected":false},"featured_media":302,"comment_status":"open","ping_status":"closed","template":"","meta":{"_acf_changed":false,"inline_featured_image":false,"slim_seo":{"description":"A faca Bowie AC012 Medium-Large Clip Point oferece excelente desempenho de perfura\u00e7\u00e3o e corte. Seja para ca\u00e7a, acampamento, treinamento de sobreviv\u00eancia ou aventuras ao ar livre, a AC012 \u00e9 uma companheira confi\u00e1vel. Descubra essa faca premium para atividades ao ar livre que combina for\u00e7a e habilidade","title":"AC012 Medium-Large Clip Point Bowie Knife - ACECOLL"}},"product_brand":[],"product_cat":[22,16,18],"product_tag":[],"class_list":{"0":"post-227","1":"product","2":"type-product","3":"status-publish","4":"has-post-thumbnail","6":"product_cat-bowie-knife","7":"product_cat-fixed-blade-knife","8":"product_cat-survival-knives","10":"first","11":"instock","12":"taxable","13":"shipping-taxable","14":"purchasable","15":"product-type-simple"},"acf":[],"_links":{"self":[{"href":"https:\/\/acecoll.com\/pt\/wp-json\/wp\/v2\/product\/227","targetHints":{"allow":["GET"]}}],"collection":[{"href":"https:\/\/acecoll.com\/pt\/wp-json\/wp\/v2\/product"}],"about":[{"href":"https:\/\/acecoll.com\/pt\/wp-json\/wp\/v2\/types\/product"}],"replies":[{"embeddable":true,"href":"https:\/\/acecoll.com\/pt\/wp-json\/wp\/v2\/comments?post=227"}],"version-history":[{"count":3,"href":"https:\/\/acecoll.com\/pt\/wp-json\/wp\/v2\/product\/227\/revisions"}],"predecessor-version":[{"id":940,"href":"https:\/\/acecoll.com\/pt\/wp-json\/wp\/v2\/product\/227\/revisions\/940"}],"wp:featuredmedia":[{"embeddable":true,"href":"https:\/\/acecoll.com\/pt\/wp-json\/wp\/v2\/media\/302"}],"wp:attachment":[{"href":"https:\/\/acecoll.com\/pt\/wp-json\/wp\/v2\/media?parent=227"}],"wp:term":[{"taxonomy":"product_brand","embeddable":true,"href":"https:\/\/acecoll.com\/pt\/wp-json\/wp\/v2\/product_brand?post=227"},{"taxonomy":"product_cat","embeddable":true,"href":"https:\/\/acecoll.com\/pt\/wp-json\/wp\/v2\/product_cat?post=227"},{"taxonomy":"product_tag","embeddable":true,"href":"https:\/\/acecoll.com\/pt\/wp-json\/wp\/v2\/product_tag?post=227"}],"curies":[{"name":"wp","href":"https:\/\/api.w.org\/{rel}","templated":true}]}}