{"id":228,"date":"2025-10-28T07:38:41","date_gmt":"2025-10-28T07:38:41","guid":{"rendered":"https:\/\/acecoll.com\/?post_type=product&#038;p=228"},"modified":"2026-02-11T07:21:29","modified_gmt":"2026-02-11T07:21:29","slug":"af013-fantasy-kukri-style-tactical-knife-aus-10-steel-black-handle","status":"publish","type":"product","link":"https:\/\/acecoll.com\/pt\/product\/af013-fantasy-kukri-style-tactical-knife-aus-10-steel-black-handle\/","title":{"rendered":"Faca de sobreviv\u00eancia t\u00e1tica AC013 Kukri"},"content":{"rendered":"<p class=\"ng-star-inserted\"><span class=\"ng-star-inserted\">Prepare-se para o impacto. O\u00a0<\/span><strong class=\"ng-star-inserted\"><span class=\"ng-star-inserted\">Havoc<\/span><\/strong><span class=\"ng-star-inserted\">\u00a0is a fixed blade born from raw power and aggressive design, a true beast in both form and function. This is a knife that doesn&#8217;t just perform; it makes a statement.<\/span><\/p>\n<p class=\"ng-star-inserted\"><strong class=\"ng-star-inserted\"><span class=\"ng-star-inserted\">A L\u00e2mina: Uma Sinfonia de Poder<\/span><\/strong><br class=\"ng-star-inserted\" \/><span class=\"ng-star-inserted\">Em sua ess\u00eancia, a Havoc empunha uma enorme l\u00e2mina de 7,8 polegadas forjada com materiais de alto desempenho.\u00a0<\/span><strong class=\"ng-star-inserted\"><span class=\"ng-star-inserted\">A\u00e7o inoxid\u00e1vel AUS-10<\/span><\/strong><span class=\"ng-star-inserted\">. Conhecida por sua excelente tenacidade, reten\u00e7\u00e3o do fio e resist\u00eancia superior \u00e0 corros\u00e3o, essa l\u00e2mina \u00e9 endurecida a 59-61 HRC para um desempenho confi\u00e1vel. A poderosa\u00a0<\/span><strong class=\"ng-star-inserted\"><span class=\"ng-star-inserted\">recurve &#8220;dog-leg&#8221; profile<\/span><\/strong><span class=\"ng-star-inserted\">\u00a0\u00e9 excelente para cortar e fatiar com profundidade e pot\u00eancia. O que realmente o diferencia \u00e9 a impressionante\u00a0<\/span><strong class=\"ng-star-inserted\"><span class=\"ng-star-inserted\">acabamento personalizado em dois tons<\/span><\/strong><span class=\"ng-star-inserted\">, combining a non-reflective blackwash on the flats with a satin-finished cutting edge, separated by a unique, aggressive &#8220;bat-wing&#8221; pattern.<\/span><\/p>\n<p class=\"ng-star-inserted\"><strong class=\"ng-star-inserted\"><span class=\"ng-star-inserted\">A al\u00e7a: Ergon\u00f4mica e indestrut\u00edvel<\/span><\/strong><br class=\"ng-star-inserted\" \/><span class=\"ng-star-inserted\">The full-tang handle is engineered for absolute control. It&#8217;s fitted with scales made from\u00a0<\/span><strong class=\"ng-star-inserted\"><span class=\"ng-star-inserted\">nylon refor\u00e7ado com fibra de vidro de alta densidade<\/span><\/strong><span class=\"ng-star-inserted\">\u2014an advanced composite material that is even more stable and durable than standard G10. It\u2019s impervious to temperature, moisture, and wear, and will not shrink or swell. The ergonomic design and deep texturing provide a secure, non-slip grip for any hard-use scenario comfortable and convenient carry, ensuring this powerful tool can be deployed in an instant.<\/span><\/p>\n<p class=\"ng-star-inserted\"><strong class=\"ng-star-inserted\"><span class=\"ng-star-inserted\">Uma besta de uma l\u00e2mina<\/span><\/strong><br class=\"ng-star-inserted\" \/><span class=\"ng-star-inserted\">The Havoc is more than a knife; it&#8217;s a centerpiece. Its sheer power and unique design make it a standout choice for collectors, a formidable tool for clearing a campsite, and an impressive piece of gear for any outdoor adventure. It&#8217;s a stunning.<\/span><\/p>\n<p class=\"ng-star-inserted\"><strong class=\"ng-star-inserted\"><span class=\"ng-star-inserted\">A bainha: Moderna e vers\u00e1til<\/span><\/strong><br class=\"ng-star-inserted\" \/><span class=\"ng-star-inserted\">Uma fera como a Havoc precisa de uma gaiola \u00e0 altura. Ela vem completa com uma gaiola leve e dur\u00e1vel.\u00a0<\/span><strong class=\"ng-star-inserted\"><span class=\"ng-star-inserted\">Bainha de Kydex<\/span><\/strong><span class=\"ng-star-inserted\">, custom-molded for a perfect, rattle-free fit. The sheath is paired with a heavy-duty, reinforced nylon belt loop, allowing for secure and comfortable carry, ready for rapid deployment at a moment&#8217;s notice.<\/span><\/p>\n<p class=\"ng-star-inserted\"><strong class=\"ng-star-inserted\"><span class=\"ng-star-inserted\">A melhor pe\u00e7a de destaque<\/span><\/strong><br class=\"ng-star-inserted\" \/><span class=\"ng-star-inserted\">Criado pela Ashenforge para o presente exigente e inesquec\u00edvel para o homem que aprecia o design arrojado e a for\u00e7a intransigente.<\/span><\/p>","protected":false},"excerpt":{"rendered":"<p>L\u00e2mina de a\u00e7o AUS-10 premium: Fabricada em a\u00e7o inoxid\u00e1vel AUS-10 de alto desempenho com dureza 59-61HRC. Afiada como uma navalha, dura e resistente \u00e0 corros\u00e3o para uma durabilidade duradoura.<br \/>\nConstru\u00e7\u00e3o Full-Tang: Oferece resist\u00eancia e estabilidade superiores para uso externo exigente.<br \/>\nAcabamento marcante da l\u00e2mina: Apresenta uma superf\u00edcie de l\u00e2mina com padr\u00e3o de morcego distinto que aumenta o apelo t\u00e1tico e o impacto visual.<br \/>\nCabo ergon\u00f4mico: Feito de um novo material antiderrapante e resistente ao desgaste. Oferece uma empunhadura segura e confort\u00e1vel com excelente ergonomia para uso prolongado.<br \/>\nBainha de Kydex dur\u00e1vel: Vem com uma al\u00e7a de cinto refor\u00e7ada de tecido Oxford. Seguro, leve e f\u00e1cil de transportar ou montar durante atividades ao ar livre.<br \/>\nFerramenta t\u00e1tica vers\u00e1til: Ideal para acampamento, ca\u00e7a, sobreviv\u00eancia, pesca e aventura. Seu formato exclusivo tamb\u00e9m o torna uma valiosa pe\u00e7a de cole\u00e7\u00e3o.<\/p>","protected":false},"featured_media":309,"comment_status":"open","ping_status":"closed","template":"","meta":{"_acf_changed":false,"inline_featured_image":false,"slim_seo":{"description":"A Faca de Sobreviv\u00eancia T\u00e1tica AC013 Kukri apresenta um trabalho artesanal forjado com precis\u00e3o e um acabamento de l\u00e2mina com padr\u00e3o de morcego, combinando for\u00e7a e estilo. Ideal para acampamento, ca\u00e7a, sobreviv\u00eancia e aventura. Clique para saber mais!","title":"AC013 Kukri Tactical Survival Knife - ACECOLL"}},"product_brand":[],"product_cat":[16,26,19],"product_tag":[],"class_list":{"0":"post-228","1":"product","2":"type-product","3":"status-publish","4":"has-post-thumbnail","6":"product_cat-fixed-blade-knife","7":"product_cat-kukri-style-knives","8":"product_cat-tactical-knives","10":"first","11":"instock","12":"taxable","13":"shipping-taxable","14":"purchasable","15":"product-type-simple"},"acf":[],"_links":{"self":[{"href":"https:\/\/acecoll.com\/pt\/wp-json\/wp\/v2\/product\/228","targetHints":{"allow":["GET"]}}],"collection":[{"href":"https:\/\/acecoll.com\/pt\/wp-json\/wp\/v2\/product"}],"about":[{"href":"https:\/\/acecoll.com\/pt\/wp-json\/wp\/v2\/types\/product"}],"replies":[{"embeddable":true,"href":"https:\/\/acecoll.com\/pt\/wp-json\/wp\/v2\/comments?post=228"}],"version-history":[{"count":5,"href":"https:\/\/acecoll.com\/pt\/wp-json\/wp\/v2\/product\/228\/revisions"}],"predecessor-version":[{"id":1427,"href":"https:\/\/acecoll.com\/pt\/wp-json\/wp\/v2\/product\/228\/revisions\/1427"}],"wp:featuredmedia":[{"embeddable":true,"href":"https:\/\/acecoll.com\/pt\/wp-json\/wp\/v2\/media\/309"}],"wp:attachment":[{"href":"https:\/\/acecoll.com\/pt\/wp-json\/wp\/v2\/media?parent=228"}],"wp:term":[{"taxonomy":"product_brand","embeddable":true,"href":"https:\/\/acecoll.com\/pt\/wp-json\/wp\/v2\/product_brand?post=228"},{"taxonomy":"product_cat","embeddable":true,"href":"https:\/\/acecoll.com\/pt\/wp-json\/wp\/v2\/product_cat?post=228"},{"taxonomy":"product_tag","embeddable":true,"href":"https:\/\/acecoll.com\/pt\/wp-json\/wp\/v2\/product_tag?post=228"}],"curies":[{"name":"wp","href":"https:\/\/api.w.org\/{rel}","templated":true}]}}