{"id":229,"date":"2025-10-28T07:38:41","date_gmt":"2025-10-28T07:38:41","guid":{"rendered":"https:\/\/acecoll.com\/?post_type=product&#038;p=229"},"modified":"2026-02-11T07:22:10","modified_gmt":"2026-02-11T07:22:10","slug":"af014-canivete-kukri-madeira-marrom-aco-dc53","status":"publish","type":"product","link":"https:\/\/acecoll.com\/pt\/product\/af014-canivete-kukri-madeira-marrom-aco-dc53\/","title":{"rendered":"AC014 Faca de Sobreviv\u00eancia Kukri M\u00e9dia"},"content":{"rendered":"<p>O AC014 Medium Kukri Survival Knife \u00e9 uma l\u00e2mina de alta qualidade para uso externo que combina o artesanato tradicional com a precis\u00e3o moderna. Seu design \u00e9 inspirado no cl\u00e1ssico Kukri nepal\u00eas, com uma l\u00e2mina curvada para a frente que proporciona maior alavancagem e efici\u00eancia de corte a cada golpe.<\/p>\n<p>A l\u00e2mina \u00e9 forjada com a\u00e7o para ferramentas de alto carbono DC53 de alto desempenho usando t\u00e9cnicas avan\u00e7adas de forjamento. Ele atinge uma dureza de 60+ HRC, garantindo afia\u00e7\u00e3o duradoura, al\u00e9m de excelente tenacidade e resist\u00eancia ao desgaste.<\/p>\n<p>Constru\u00edda com uma estrutura full-tang, a l\u00e2mina atravessa toda a al\u00e7a para m\u00e1xima resist\u00eancia e estabilidade.<\/p>\n<p>O cabo de madeira dura apresenta um contorno ergon\u00f4mico que oferece uma empunhadura confort\u00e1vel e antiderrapante, proporcionando controle constante mesmo durante o uso prolongado.<\/p>\n<p>A faca \u00e9 fornecida com uma bainha de couro genu\u00edno marrom escuro, equipada com uma al\u00e7a de seguran\u00e7a e uma presilha para cinto, para facilitar o transporte e o armazenamento.<\/p>\n<p>Whether for camping, hunting, bushcraft, or survival missions, the AC014 stands as a reliable companion\u2014embodying a perfect balance of power and craftsmanship.<\/p>","protected":false},"excerpt":{"rendered":"<p>Design da l\u00e2mina Kukri: O perfil curvo cl\u00e1ssico do Kukri proporciona uma for\u00e7a de corte poderosa com menos esfor\u00e7o.<br \/>\nA\u00e7o de alto desempenho: Fabricado com a\u00e7o para ferramentas de alto carbono DC53 com tecnologia avan\u00e7ada de tratamento t\u00e9rmico, atingindo mais de 60 HRC para proporcionar afia\u00e7\u00e3o e resist\u00eancia excepcionais.<br \/>\nEst\u00e1vel e confi\u00e1vel: A constru\u00e7\u00e3o full-tang atravessa a al\u00e7a, garantindo estabilidade e durabilidade superiores.<br \/>\nEmpunhadura confort\u00e1vel e antiderrapante: O cabo de madeira de lei premium com formato curvo ergon\u00f4mico proporciona uma pegada segura e confort\u00e1vel, mantendo excelente controle durante o uso prolongado.<br \/>\nSeguro e port\u00e1til: Vem com uma bainha de couro genu\u00edno com uma al\u00e7a de seguran\u00e7a e uma presilha para cinto para facilitar o transporte e o acesso r\u00e1pido no campo.<br \/>\nUso vers\u00e1til ao ar livre: ideal para acampamentos, ca\u00e7a, sobreviv\u00eancia e aventuras de bushcraft - uma ferramenta vers\u00e1til para tarefas exigentes ao ar livre.<\/p>","protected":false},"featured_media":1391,"comment_status":"open","ping_status":"closed","template":"","meta":{"_acf_changed":false,"inline_featured_image":false,"slim_seo":{"description":"A faca de sobreviv\u00eancia AC014 Medium Kukri combina o artesanato tradicional com a precis\u00e3o moderna. Perfeito para acampamento, ca\u00e7a, artesanato e sobreviv\u00eancia ao ar livre. Explore mais facas premium para atividades ao ar livre - agora em alta, clique para saber mais!","title":"AC014 Medium Kukri Survival Knife - ACECOLL"}},"product_brand":[],"product_cat":[16,26],"product_tag":[],"class_list":{"0":"post-229","1":"product","2":"type-product","3":"status-publish","4":"has-post-thumbnail","6":"product_cat-fixed-blade-knife","7":"product_cat-kukri-style-knives","9":"first","10":"instock","11":"taxable","12":"shipping-taxable","13":"purchasable","14":"product-type-simple"},"acf":[],"_links":{"self":[{"href":"https:\/\/acecoll.com\/pt\/wp-json\/wp\/v2\/product\/229","targetHints":{"allow":["GET"]}}],"collection":[{"href":"https:\/\/acecoll.com\/pt\/wp-json\/wp\/v2\/product"}],"about":[{"href":"https:\/\/acecoll.com\/pt\/wp-json\/wp\/v2\/types\/product"}],"replies":[{"embeddable":true,"href":"https:\/\/acecoll.com\/pt\/wp-json\/wp\/v2\/comments?post=229"}],"version-history":[{"count":5,"href":"https:\/\/acecoll.com\/pt\/wp-json\/wp\/v2\/product\/229\/revisions"}],"predecessor-version":[{"id":1393,"href":"https:\/\/acecoll.com\/pt\/wp-json\/wp\/v2\/product\/229\/revisions\/1393"}],"wp:featuredmedia":[{"embeddable":true,"href":"https:\/\/acecoll.com\/pt\/wp-json\/wp\/v2\/media\/1391"}],"wp:attachment":[{"href":"https:\/\/acecoll.com\/pt\/wp-json\/wp\/v2\/media?parent=229"}],"wp:term":[{"taxonomy":"product_brand","embeddable":true,"href":"https:\/\/acecoll.com\/pt\/wp-json\/wp\/v2\/product_brand?post=229"},{"taxonomy":"product_cat","embeddable":true,"href":"https:\/\/acecoll.com\/pt\/wp-json\/wp\/v2\/product_cat?post=229"},{"taxonomy":"product_tag","embeddable":true,"href":"https:\/\/acecoll.com\/pt\/wp-json\/wp\/v2\/product_tag?post=229"}],"curies":[{"name":"wp","href":"https:\/\/api.w.org\/{rel}","templated":true}]}}