{"id":231,"date":"2025-10-28T07:38:41","date_gmt":"2025-10-28T07:38:41","guid":{"rendered":"https:\/\/acecoll.com\/?post_type=product&#038;p=231"},"modified":"2025-11-03T14:34:32","modified_gmt":"2025-11-03T14:34:32","slug":"af016-faca-de-sobrevivencia-tatica-de-lamina-fixa-em-aco-d2","status":"publish","type":"product","link":"https:\/\/acecoll.com\/pt\/product\/af016-faca-de-sobrevivencia-tatica-de-lamina-fixa-em-aco-d2\/","title":{"rendered":"AC016 Faca de sobreviv\u00eancia t\u00e1tica de ponta de clipe m\u00e9dia"},"content":{"rendered":"<p>AC016 Medium Clip Point Tactical Survival Knife is a versatile outdoor tactical blade.<\/p>\n<p>The blade is forged from high-performance D2 tool steel with a hardness of 59\u201361 HRC, offering long-lasting sharpness and durability.<\/p>\n<p>A constru\u00e7\u00e3o full-tang se estende at\u00e9 a al\u00e7a, garantindo estabilidade e confiabilidade sob uso pesado.<\/p>\n<p>A al\u00e7a \u00e9 feita de nylon refor\u00e7ado com fibra de vidro (GFN) de alta resist\u00eancia, proporcionando uma empunhadura confort\u00e1vel, antiderrapante e segura para um excelente controle em todos os momentos.<\/p>\n<p>Ele \u00e9 fornecido com uma bainha Kydex leve e dur\u00e1vel, com um sistema de travamento seguro e um clipe de cinto ajust\u00e1vel para um transporte conveniente e r\u00e1pido.<\/p>\n<p>Seja para acampar, ca\u00e7ar, pescar, fazer caminhadas, explorar o ar livre ou para uso di\u00e1rio em EDC, o AC016 oferece desempenho confi\u00e1vel e uma experi\u00eancia de usu\u00e1rio excepcional.<\/p>\n<p>A professional-grade survival knife designed for true outdoor adventurers and tactical enthusiasts.<\/p>","protected":false},"excerpt":{"rendered":"<p data-start=\"1512\" data-end=\"1612\">L\u00e2mina de a\u00e7o D2 premium: Fabricada em a\u00e7o para ferramentas D2 de alto desempenho, com dureza de 59-61 HRC, garantindo afia\u00e7\u00e3o excepcional e reten\u00e7\u00e3o duradoura do fio.<br \/>\nFor\u00e7a confi\u00e1vel: A constru\u00e7\u00e3o full-tang, com a l\u00e2mina atravessando o cabo, proporciona rigidez e durabilidade superiores em uso externo pesado.<br \/>\nCabo ergon\u00f4mico: Feito de n\u00e1ilon refor\u00e7ado com fibra de vidro de alta resist\u00eancia com ranhuras para os dedos para uma pegada segura, confort\u00e1vel e antiderrapante que permite o manuseio seguro.<br \/>\nBainha de Kydex dur\u00e1vel e leve: Apresenta um sistema de travamento seguro e um clipe de cinto ajust\u00e1vel para facilitar o transporte e a implanta\u00e7\u00e3o r\u00e1pida.<br \/>\nUso vers\u00e1til: ideal para camping, ca\u00e7a, pesca, caminhadas, sobreviv\u00eancia ao ar livre e EDC.<\/p>","protected":false},"featured_media":966,"comment_status":"open","ping_status":"closed","template":"","meta":{"_acf_changed":false,"inline_featured_image":false,"slim_seo":{"description":"O AC016 \u00e9 afiado, dur\u00e1vel e vers\u00e1til. Perfeito para camping, ca\u00e7a, pesca, EDC e sobreviv\u00eancia ao ar livre. Um companheiro confi\u00e1vel para todas as aventuras. Agora em alta - clique para saber mais","title":"AC016 Medium Clip Point Tactical Survival Knife - ACECOLL"}},"product_brand":[],"product_cat":[16,18,19],"product_tag":[],"class_list":{"0":"post-231","1":"product","2":"type-product","3":"status-publish","4":"has-post-thumbnail","6":"product_cat-fixed-blade-knife","7":"product_cat-survival-knives","8":"product_cat-tactical-knives","10":"first","11":"instock","12":"taxable","13":"shipping-taxable","14":"purchasable","15":"product-type-simple"},"acf":[],"_links":{"self":[{"href":"https:\/\/acecoll.com\/pt\/wp-json\/wp\/v2\/product\/231","targetHints":{"allow":["GET"]}}],"collection":[{"href":"https:\/\/acecoll.com\/pt\/wp-json\/wp\/v2\/product"}],"about":[{"href":"https:\/\/acecoll.com\/pt\/wp-json\/wp\/v2\/types\/product"}],"replies":[{"embeddable":true,"href":"https:\/\/acecoll.com\/pt\/wp-json\/wp\/v2\/comments?post=231"}],"version-history":[{"count":3,"href":"https:\/\/acecoll.com\/pt\/wp-json\/wp\/v2\/product\/231\/revisions"}],"predecessor-version":[{"id":974,"href":"https:\/\/acecoll.com\/pt\/wp-json\/wp\/v2\/product\/231\/revisions\/974"}],"wp:featuredmedia":[{"embeddable":true,"href":"https:\/\/acecoll.com\/pt\/wp-json\/wp\/v2\/media\/966"}],"wp:attachment":[{"href":"https:\/\/acecoll.com\/pt\/wp-json\/wp\/v2\/media?parent=231"}],"wp:term":[{"taxonomy":"product_brand","embeddable":true,"href":"https:\/\/acecoll.com\/pt\/wp-json\/wp\/v2\/product_brand?post=231"},{"taxonomy":"product_cat","embeddable":true,"href":"https:\/\/acecoll.com\/pt\/wp-json\/wp\/v2\/product_cat?post=231"},{"taxonomy":"product_tag","embeddable":true,"href":"https:\/\/acecoll.com\/pt\/wp-json\/wp\/v2\/product_tag?post=231"}],"curies":[{"name":"wp","href":"https:\/\/api.w.org\/{rel}","templated":true}]}}