{"id":232,"date":"2025-10-28T07:38:41","date_gmt":"2025-10-28T07:38:41","guid":{"rendered":"https:\/\/acecoll.com\/?post_type=product&#038;p=232"},"modified":"2026-02-11T07:22:54","modified_gmt":"2026-02-11T07:22:54","slug":"af019-faca-bowie-media-full-tang-em-aco-d2","status":"publish","type":"product","link":"https:\/\/acecoll.com\/pt\/product\/af019-faca-bowie-media-full-tang-em-aco-d2\/","title":{"rendered":"AC019 Faca estilo palito do Arkansas"},"content":{"rendered":"<p>A faca Arkansas Toothpick-Style AC019 \u00e9 uma faca Bowie fina que oferece desempenho funcional e valor colecion\u00e1vel.<\/p>\n<p>A l\u00e2mina \u00e9 feita de a\u00e7o D2 de alto desempenho, forjada \u00e0 m\u00e3o para atingir uma dureza de 61\u00b1HRC. Ela \u00e9 afiada, resistente ao desgaste e altamente resistente \u00e0 corros\u00e3o.<\/p>\n<p>Constru\u00edda com uma estrutura full-tang, a faca permanece s\u00f3lida e confi\u00e1vel mesmo sob uso intenso.<\/p>\n<p>O perfil alongado combinado com uma espinha grossa proporciona excelente poder de perfura\u00e7\u00e3o e corte, ao mesmo tempo em que mostra a est\u00e9tica cl\u00e1ssica de for\u00e7a e equil\u00edbrio da Bowie.<\/p>\n<p>O cabo de madeira maci\u00e7a se encaixa confortavelmente na m\u00e3o e o pomo de a\u00e7o aumenta o equil\u00edbrio e a durabilidade.<\/p>\n<p>A bainha de couro genu\u00edno \u00e9 finamente trabalhada para proteger a faca e permitir o transporte conveniente no cinto ou em uma mochila.<\/p>\n<p>Seja para ca\u00e7a, acampamento, sobreviv\u00eancia na selva, aventuras ao ar livre ou para colecionadores, o AC019 funciona com confiabilidade.<\/p>\n<p>&nbsp;<\/p>","protected":false},"excerpt":{"rendered":"<p><strong>Design cl\u00e1ssico da Bowie:<\/strong> A l\u00e2mina alongada com linhas semelhantes a uma espada proporciona um forte poder de perfura\u00e7\u00e3o e uma est\u00e9tica elegante, mostrando um equil\u00edbrio perfeito entre for\u00e7a e habilidade.<br \/>\n<strong>L\u00e2mina de a\u00e7o D2 de alto desempenho:<\/strong> Com classifica\u00e7\u00e3o de 61\u00b1HRC, oferece afia\u00e7\u00e3o duradoura, excelente resist\u00eancia ao desgaste e resist\u00eancia superior \u00e0 corros\u00e3o, ideal para tarefas externas exigentes.<br \/>\n<strong>Constru\u00e7\u00e3o Full-Tang:<\/strong> A l\u00e2mina \u00e9 forjada em uma \u00fanica pe\u00e7a para m\u00e1xima resist\u00eancia e estabilidade, garantindo seguran\u00e7a e confiabilidade durante o corte e o impulso<br \/>\n<strong>Uso vers\u00e1til em ambientes externos:<\/strong> Perfeito para ca\u00e7a, acampamento, sobreviv\u00eancia na selva e aventuras ao ar livre; combina desempenho pr\u00e1tico com valor colecion\u00e1vel.<\/p>","protected":false},"featured_media":332,"comment_status":"open","ping_status":"closed","template":"","meta":{"_acf_changed":false,"inline_featured_image":false,"slim_seo":{"title":"Faca Bowie grande para aventuras ao ar livre e cole\u00e7\u00f5es - ACECOLL","description":"AC019 Large Bowie Knife, ideal para ca\u00e7a, acampamento, sobreviv\u00eancia na selva e aventuras ao ar livre. Uma faca Bowie premium que oferece desempenho pr\u00e1tico e valor colecion\u00e1vel - agora em alta nas vendas, clique para saber mais!"}},"product_brand":[],"product_cat":[22,16,23,18],"product_tag":[],"class_list":{"0":"post-232","1":"product","2":"type-product","3":"status-publish","4":"has-post-thumbnail","6":"product_cat-bowie-knife","7":"product_cat-fixed-blade-knife","8":"product_cat-hunting-knives","9":"product_cat-survival-knives","11":"first","12":"instock","13":"taxable","14":"shipping-taxable","15":"purchasable","16":"product-type-simple"},"acf":[],"_links":{"self":[{"href":"https:\/\/acecoll.com\/pt\/wp-json\/wp\/v2\/product\/232","targetHints":{"allow":["GET"]}}],"collection":[{"href":"https:\/\/acecoll.com\/pt\/wp-json\/wp\/v2\/product"}],"about":[{"href":"https:\/\/acecoll.com\/pt\/wp-json\/wp\/v2\/types\/product"}],"replies":[{"embeddable":true,"href":"https:\/\/acecoll.com\/pt\/wp-json\/wp\/v2\/comments?post=232"}],"version-history":[{"count":5,"href":"https:\/\/acecoll.com\/pt\/wp-json\/wp\/v2\/product\/232\/revisions"}],"predecessor-version":[{"id":1971,"href":"https:\/\/acecoll.com\/pt\/wp-json\/wp\/v2\/product\/232\/revisions\/1971"}],"wp:featuredmedia":[{"embeddable":true,"href":"https:\/\/acecoll.com\/pt\/wp-json\/wp\/v2\/media\/332"}],"wp:attachment":[{"href":"https:\/\/acecoll.com\/pt\/wp-json\/wp\/v2\/media?parent=232"}],"wp:term":[{"taxonomy":"product_brand","embeddable":true,"href":"https:\/\/acecoll.com\/pt\/wp-json\/wp\/v2\/product_brand?post=232"},{"taxonomy":"product_cat","embeddable":true,"href":"https:\/\/acecoll.com\/pt\/wp-json\/wp\/v2\/product_cat?post=232"},{"taxonomy":"product_tag","embeddable":true,"href":"https:\/\/acecoll.com\/pt\/wp-json\/wp\/v2\/product_tag?post=232"}],"curies":[{"name":"wp","href":"https:\/\/api.w.org\/{rel}","templated":true}]}}