{"id":233,"date":"2025-10-28T07:38:41","date_gmt":"2025-10-28T07:38:41","guid":{"rendered":"https:\/\/acecoll.com\/?post_type=product&#038;p=233"},"modified":"2026-02-11T07:23:19","modified_gmt":"2026-02-11T07:23:19","slug":"af021-canivete-de-lamina-fixa-wide-tanto","status":"publish","type":"product","link":"https:\/\/acecoll.com\/pt\/product\/af021-canivete-de-lamina-fixa-wide-tanto\/","title":{"rendered":"AC021 Fac\u00e3o T\u00e1tico M\u00e9dio | Faca de Sobreviv\u00eancia Pesada"},"content":{"rendered":"<p>AC021 Medium Tactical Machete is a heavy-duty tactical survival knife designed for demanding outdoor use.<br \/>\nA l\u00e2mina \u00e9 forjada em a\u00e7o-ferramenta CPM-T440V de alto desempenho, oferecendo alta dureza, afia\u00e7\u00e3o e excelente resist\u00eancia ao desgaste, capaz de lidar facilmente com tarefas de corte e corte pesado.<br \/>\nA faca apresenta uma constru\u00e7\u00e3o full-tang para maior resist\u00eancia, estabilidade e seguran\u00e7a.<br \/>\nSua espinha dorsal de 8 mm de espessura proporciona excelente impulso e for\u00e7a de impacto, tornando-a ideal para o processamento de madeira, montagem de acampamentos ou sobreviv\u00eancia na natureza.<\/p>\n<p>O cabo de madeira maci\u00e7a se encaixa confortavelmente na m\u00e3o, oferecendo uma pegada segura e antiderrapante, enquanto a bainha de couro costurada \u00e0 m\u00e3o acrescenta funcionalidade e textura refinada.<\/p>\n<p>Whether for camping, wood chopping, jungle exploration, or outdoor survival, the AC021 delivers powerful performance and excellent handling\u2014making it a trusted heavy-duty blade for outdoor enthusiasts and knife collectors alike.<\/p>","protected":false},"excerpt":{"rendered":"<p>A\u00e7o de alto desempenho: Forjado em a\u00e7o premium para ferramentas CPM-T440V com alta dureza e excelente resist\u00eancia ao desgaste.<br \/>\nEspinha extra grossa de 8 mm: A l\u00e2mina de comprimento m\u00e9dio e espessura de 8 mm proporciona uma for\u00e7a de corte poderosa e um forte desempenho de impacto.<br \/>\nConstru\u00e7\u00e3o Full-Tang: O design de uma s\u00f3 pe\u00e7a com espiga completa proporciona resist\u00eancia e confiabilidade superiores, ideal para tarefas externas de alta intensidade.<br \/>\nCabo de madeira ergon\u00f4mico: Punho completo e confort\u00e1vel, antiderrapante e seguro, f\u00e1cil de controlar mesmo durante o uso prolongado.<br \/>\nBainha de couro genu\u00edno: Costurada \u00e0 m\u00e3o com fino acabamento, textura premium e conveniente para ser carregada no cinto ou no ombro.<br \/>\nAplica\u00e7\u00f5es vers\u00e1teis: Perfeito para acampamento, corte de madeira, sobreviv\u00eancia na natureza e treinamento t\u00e1tico.<\/p>","protected":false},"featured_media":1015,"comment_status":"open","ping_status":"closed","template":"","meta":{"_acf_changed":false,"inline_featured_image":false,"slim_seo":{"description":"O AC021 Medium Tactical Machete \u00e9 uma faca de sobreviv\u00eancia para servi\u00e7os pesados que combina pot\u00eancia e habilidade. Para camping, processamento de madeira, explora\u00e7\u00e3o da selva e sobreviv\u00eancia ao ar livre.","title":"AC021 Medium Tactical Machete | Heavy Survival Knife - ACECOLL"}},"product_brand":[],"product_cat":[16,18,21],"product_tag":[],"class_list":{"0":"post-233","1":"product","2":"type-product","3":"status-publish","4":"has-post-thumbnail","6":"product_cat-fixed-blade-knife","7":"product_cat-survival-knives","8":"product_cat-tanto-knives","10":"first","11":"instock","12":"taxable","13":"shipping-taxable","14":"purchasable","15":"product-type-simple"},"acf":[],"_links":{"self":[{"href":"https:\/\/acecoll.com\/pt\/wp-json\/wp\/v2\/product\/233","targetHints":{"allow":["GET"]}}],"collection":[{"href":"https:\/\/acecoll.com\/pt\/wp-json\/wp\/v2\/product"}],"about":[{"href":"https:\/\/acecoll.com\/pt\/wp-json\/wp\/v2\/types\/product"}],"replies":[{"embeddable":true,"href":"https:\/\/acecoll.com\/pt\/wp-json\/wp\/v2\/comments?post=233"}],"version-history":[{"count":4,"href":"https:\/\/acecoll.com\/pt\/wp-json\/wp\/v2\/product\/233\/revisions"}],"predecessor-version":[{"id":1397,"href":"https:\/\/acecoll.com\/pt\/wp-json\/wp\/v2\/product\/233\/revisions\/1397"}],"wp:featuredmedia":[{"embeddable":true,"href":"https:\/\/acecoll.com\/pt\/wp-json\/wp\/v2\/media\/1015"}],"wp:attachment":[{"href":"https:\/\/acecoll.com\/pt\/wp-json\/wp\/v2\/media?parent=233"}],"wp:term":[{"taxonomy":"product_brand","embeddable":true,"href":"https:\/\/acecoll.com\/pt\/wp-json\/wp\/v2\/product_brand?post=233"},{"taxonomy":"product_cat","embeddable":true,"href":"https:\/\/acecoll.com\/pt\/wp-json\/wp\/v2\/product_cat?post=233"},{"taxonomy":"product_tag","embeddable":true,"href":"https:\/\/acecoll.com\/pt\/wp-json\/wp\/v2\/product_tag?post=233"}],"curies":[{"name":"wp","href":"https:\/\/api.w.org\/{rel}","templated":true}]}}