{"id":234,"date":"2025-10-28T07:38:41","date_gmt":"2025-10-28T07:38:41","guid":{"rendered":"https:\/\/acecoll.com\/?post_type=product&#038;p=234"},"modified":"2026-02-11T07:23:28","modified_gmt":"2026-02-11T07:23:28","slug":"af022-faca-de-aco-damasco-para-uso-externo-com-cabo-de-madeira-de-ebano","status":"publish","type":"product","link":"https:\/\/acecoll.com\/pt\/product\/af022-faca-de-aco-damasco-para-uso-externo-com-cabo-de-madeira-de-ebano\/","title":{"rendered":"Faca AC022 Damascus Tanto"},"content":{"rendered":"<p>A faca AC022 Tanto Damascus \u00e9 uma faca artesanal premium que combina arte e desempenho.<br \/>\nA l\u00e2mina \u00e9 feita de a\u00e7o Damasco de alta qualidade, forjado e tratado termicamente em v\u00e1rias camadas para criar um padr\u00e3o ondulado 3D exclusivo. \u00c9 afiada, resistente ao desgaste e oferece excepcional dureza e estabilidade.<br \/>\nA faca apresenta uma constru\u00e7\u00e3o full-tang, com a l\u00e2mina atravessando o cabo para garantir resist\u00eancia e confiabilidade sob uso intenso.<br \/>\nA al\u00e7a \u00e9 feita de madeira de \u00e9bano escuro, proporcionando uma pegada confort\u00e1vel com eleg\u00e2ncia e praticidade.<br \/>\nEle vem com uma bainha de couro requintada para um transporte conveniente e prote\u00e7\u00e3o eficaz.<br \/>\nSeja para acampamentos, ca\u00e7adas, aventuras ao ar livre ou como pe\u00e7a de exibi\u00e7\u00e3o para colecionadores, a AC022 se destaca por seu excelente acabamento e est\u00e9tica poderosa, o que a torna uma faca de Damasco realmente confi\u00e1vel e colecion\u00e1vel.<\/p>","protected":false},"excerpt":{"rendered":"<p data-start=\"830\" data-end=\"928\">L\u00e2mina de a\u00e7o Damasco Premium - Fabricada em a\u00e7o Damasco de alto desempenho, forjada e temperada em v\u00e1rias camadas para criar um padr\u00e3o ondulado 3D exclusivo. Combina funcionalidade e valor colecion\u00e1vel.<br \/>\nConstru\u00e7\u00e3o Full-Tang - A l\u00e2mina atravessa o cabo, garantindo resist\u00eancia, equil\u00edbrio e confiabilidade excepcionais.<br \/>\nCabo de madeira de \u00e9bano, confort\u00e1vel e antideslizante - Feito de madeira de \u00e9bano selecionada, proporciona uma empunhadura suave e ergon\u00f4mica que \u00e9 elegante e pr\u00e1tica.<br \/>\nRequintada bainha de couro genu\u00edno - bainha de couro costurada \u00e0 m\u00e3o com uma textura espessa que protege a faca e acrescenta uma est\u00e9tica vintage.<br \/>\nArtesanato forjado \u00e0 m\u00e3o com alto valor colecion\u00e1vel - Cada faca \u00e9 forjada individualmente \u00e0 m\u00e3o por artes\u00e3os especializados, exigindo um longo ciclo de produ\u00e7\u00e3o e t\u00e9cnicas complexas, o que a torna uma verdadeira pe\u00e7a de colecionador.<\/p>","protected":false},"featured_media":1025,"comment_status":"open","ping_status":"closed","template":"","meta":{"_acf_changed":false,"inline_featured_image":false,"slim_seo":{"description":"A faca AC022 Tanto Damascus, seja para sobreviv\u00eancia ao ar livre, acampamento, ca\u00e7a ou como pe\u00e7a de exibi\u00e7\u00e3o para colecionadores, apresenta excepcional habilidade e resist\u00eancia. Agora em alta - clique para saber mais!","title":"AC022 Damascus Tanto Knife - ACECOLL"}},"product_brand":[],"product_cat":[23,18,21],"product_tag":[],"class_list":{"0":"post-234","1":"product","2":"type-product","3":"status-publish","4":"has-post-thumbnail","6":"product_cat-hunting-knives","7":"product_cat-survival-knives","8":"product_cat-tanto-knives","10":"first","11":"instock","12":"taxable","13":"shipping-taxable","14":"purchasable","15":"product-type-simple"},"acf":[],"_links":{"self":[{"href":"https:\/\/acecoll.com\/pt\/wp-json\/wp\/v2\/product\/234","targetHints":{"allow":["GET"]}}],"collection":[{"href":"https:\/\/acecoll.com\/pt\/wp-json\/wp\/v2\/product"}],"about":[{"href":"https:\/\/acecoll.com\/pt\/wp-json\/wp\/v2\/types\/product"}],"replies":[{"embeddable":true,"href":"https:\/\/acecoll.com\/pt\/wp-json\/wp\/v2\/comments?post=234"}],"version-history":[{"count":6,"href":"https:\/\/acecoll.com\/pt\/wp-json\/wp\/v2\/product\/234\/revisions"}],"predecessor-version":[{"id":1705,"href":"https:\/\/acecoll.com\/pt\/wp-json\/wp\/v2\/product\/234\/revisions\/1705"}],"wp:featuredmedia":[{"embeddable":true,"href":"https:\/\/acecoll.com\/pt\/wp-json\/wp\/v2\/media\/1025"}],"wp:attachment":[{"href":"https:\/\/acecoll.com\/pt\/wp-json\/wp\/v2\/media?parent=234"}],"wp:term":[{"taxonomy":"product_brand","embeddable":true,"href":"https:\/\/acecoll.com\/pt\/wp-json\/wp\/v2\/product_brand?post=234"},{"taxonomy":"product_cat","embeddable":true,"href":"https:\/\/acecoll.com\/pt\/wp-json\/wp\/v2\/product_cat?post=234"},{"taxonomy":"product_tag","embeddable":true,"href":"https:\/\/acecoll.com\/pt\/wp-json\/wp\/v2\/product_tag?post=234"}],"curies":[{"name":"wp","href":"https:\/\/api.w.org\/{rel}","templated":true}]}}