{"id":235,"date":"2025-10-28T07:38:41","date_gmt":"2025-10-28T07:38:41","guid":{"rendered":"https:\/\/acecoll.com\/?post_type=product&#038;p=235"},"modified":"2026-02-11T07:23:39","modified_gmt":"2026-02-11T07:23:39","slug":"af023-faca-tatica-de-lamina-fixa-cabo-sand-g10-aco-vg10","status":"publish","type":"product","link":"https:\/\/acecoll.com\/pt\/product\/af023-faca-tatica-de-lamina-fixa-cabo-sand-g10-aco-vg10\/","title":{"rendered":"AC023 Faca de l\u00e2mina fixa t\u00e1tica - Cabo Sand G10, a\u00e7o VG10"},"content":{"rendered":"<p>O canivete t\u00e1tico m\u00e9dio-curto AC023 \u00e9 um canivete premium para uso externo que combina habilidade artesanal com desempenho em campo.<br \/>\nA l\u00e2mina \u00e9 forjada em a\u00e7o inoxid\u00e1vel VG10 de alta qualidade e polida \u00e0 m\u00e3o por milhares de ciclos at\u00e9 obter um acabamento espelhado, mostrando um acabamento excepcional.<br \/>\nA espinha dorsal de 8 mm de espessura proporciona uma poderosa capacidade de perfura\u00e7\u00e3o e corte.<br \/>\nA al\u00e7a G10 oferece uma empunhadura confort\u00e1vel, antiderrapante e resistente ao desgaste, garantindo um controle seguro mesmo em ambientes adversos.<br \/>\nEle vem com uma bainha Kydex leve e dur\u00e1vel para f\u00e1cil transporte e acesso r\u00e1pido.<br \/>\nSeja para acampamento, ca\u00e7a, aventuras de sobreviv\u00eancia ou para o uso di\u00e1rio, o AC023 oferece desempenho excepcional e qualidade refinada, tornando-o um companheiro t\u00e1tico confi\u00e1vel.<\/p>","protected":false},"excerpt":{"rendered":"<p>Artesanato de primeira linha: L\u00e2mina de a\u00e7o inoxid\u00e1vel VG10, polida como espelho por meio de milhares de processos de acabamento manual para obter uma superf\u00edcie brilhante e reflexiva.<br \/>\nL\u00e2mina de alta resist\u00eancia: a l\u00e2mina de 8 mm de espessura proporciona um poder excepcional de perfura\u00e7\u00e3o e corte.<br \/>\nEmpunhadura segura: O cabo G10 bronzeado texturizado aumenta o controle e a estabilidade em qualquer condi\u00e7\u00e3o.<br \/>\nBainha de Kydex: Vem com uma bainha Kydex dur\u00e1vel para f\u00e1cil transporte e acesso r\u00e1pido.<br \/>\nUso vers\u00e1til: ideal para ca\u00e7a, camping, sobreviv\u00eancia ao ar livre, aventura e EDC.<\/p>","protected":false},"featured_media":1415,"comment_status":"open","ping_status":"closed","template":"","meta":{"_acf_changed":false,"inline_featured_image":false,"slim_seo":{"title":"AC023 Tactical Fixed Blade Knife - Sand G10 Handle, VG10 Steel - ACECOLL","description":"Artesanato de primeira qualidade: L\u00e2mina de a\u00e7o inoxid\u00e1vel VG10, polida com espelho por meio de milhares de processos de acabamento manual para obter uma superf\u00edcie brilhante e reflexiva. Alta resist\u00eancia"}},"product_brand":[],"product_cat":[16,17,18,19],"product_tag":[],"class_list":{"0":"post-235","1":"product","2":"type-product","3":"status-publish","4":"has-post-thumbnail","6":"product_cat-fixed-blade-knife","7":"product_cat-full-tang-knives","8":"product_cat-survival-knives","9":"product_cat-tactical-knives","11":"first","12":"instock","13":"taxable","14":"shipping-taxable","15":"purchasable","16":"product-type-simple"},"acf":[],"_links":{"self":[{"href":"https:\/\/acecoll.com\/pt\/wp-json\/wp\/v2\/product\/235","targetHints":{"allow":["GET"]}}],"collection":[{"href":"https:\/\/acecoll.com\/pt\/wp-json\/wp\/v2\/product"}],"about":[{"href":"https:\/\/acecoll.com\/pt\/wp-json\/wp\/v2\/types\/product"}],"replies":[{"embeddable":true,"href":"https:\/\/acecoll.com\/pt\/wp-json\/wp\/v2\/comments?post=235"}],"version-history":[{"count":5,"href":"https:\/\/acecoll.com\/pt\/wp-json\/wp\/v2\/product\/235\/revisions"}],"predecessor-version":[{"id":1422,"href":"https:\/\/acecoll.com\/pt\/wp-json\/wp\/v2\/product\/235\/revisions\/1422"}],"wp:featuredmedia":[{"embeddable":true,"href":"https:\/\/acecoll.com\/pt\/wp-json\/wp\/v2\/media\/1415"}],"wp:attachment":[{"href":"https:\/\/acecoll.com\/pt\/wp-json\/wp\/v2\/media?parent=235"}],"wp:term":[{"taxonomy":"product_brand","embeddable":true,"href":"https:\/\/acecoll.com\/pt\/wp-json\/wp\/v2\/product_brand?post=235"},{"taxonomy":"product_cat","embeddable":true,"href":"https:\/\/acecoll.com\/pt\/wp-json\/wp\/v2\/product_cat?post=235"},{"taxonomy":"product_tag","embeddable":true,"href":"https:\/\/acecoll.com\/pt\/wp-json\/wp\/v2\/product_tag?post=235"}],"curies":[{"name":"wp","href":"https:\/\/api.w.org\/{rel}","templated":true}]}}