{"id":237,"date":"2025-10-28T07:38:41","date_gmt":"2025-10-28T07:38:41","guid":{"rendered":"https:\/\/acecoll.com\/?post_type=product&#038;p=237"},"modified":"2026-02-11T07:24:30","modified_gmt":"2026-02-11T07:24:30","slug":"af029-faca-tatica-de-sobrevivencia-com-lamina-fixa-bowie-em-aco-inoxidavel","status":"publish","type":"product","link":"https:\/\/acecoll.com\/pt\/product\/af029-faca-tatica-de-sobrevivencia-com-lamina-fixa-bowie-em-aco-inoxidavel\/","title":{"rendered":"AC029 Faca Bowie T\u00e1tica e de Sobreviv\u00eancia Grande"},"content":{"rendered":"<p>O AC029 Large Tactical &amp; Survival Bowie Knife foi projetado para aventuras ao ar livre e situa\u00e7\u00f5es de sobreviv\u00eancia.<\/p>\n<p>Apresenta uma constru\u00e7\u00e3o full-tang com uma l\u00e2mina de a\u00e7o premium de alta resist\u00eancia, forjada e temperada em altas temperaturas para maior dureza e resist\u00eancia ao desgaste. A l\u00e2mina permanece afiada e dur\u00e1vel, com uma espessura de at\u00e9 5 mm, garantindo extrema confiabilidade.<\/p>\n<p>Equipado com um cabo de madeira preta para excelente estabilidade e ader\u00eancia.<\/p>\n<p>Seu design diferenciado e seu trabalho artesanal tamb\u00e9m oferecem valor colecion\u00e1vel, tornando-o uma ferramenta ideal para atividades ao ar livre, acampamentos, treinamento de sobreviv\u00eancia e uso t\u00e1tico.<\/p>","protected":false},"excerpt":{"rendered":"<p data-start=\"1413\" data-end=\"1505\">L\u00e2mina grande com design diferenciado: O formato exclusivo proporciona uma forte sensa\u00e7\u00e3o de poder e funcionalidade, al\u00e9m de oferecer valor colecion\u00e1vel.<br \/>\nArtesanato de forjamento e t\u00eampera em alta temperatura: Especialmente forjado e tratado termicamente em altas temperaturas para proporcionar dureza superior, resist\u00eancia ao desgaste e reten\u00e7\u00e3o duradoura da borda.<br \/>\nConstru\u00e7\u00e3o Full-Tang de alta resist\u00eancia: Constru\u00eddo a partir de uma \u00fanica pe\u00e7a de a\u00e7o para oferecer excelente resist\u00eancia a impactos e confiabilidade sob uso intenso.<br \/>\nDesign t\u00e1tico e de sobreviv\u00eancia de dupla finalidade: Adequado para aplica\u00e7\u00f5es de corte, autodefesa, acampamento e sobreviv\u00eancia - uma ferramenta ideal para explora\u00e7\u00e3o ao ar livre.<\/p>","protected":false},"featured_media":1144,"comment_status":"open","ping_status":"closed","template":"","meta":{"_acf_changed":false,"inline_featured_image":false,"slim_seo":{"title":"AC029 Large Tactical & Survival Bowie Knife - ACECOLL","description":"L\u00e2mina grande com design diferenciado: O formato exclusivo proporciona uma forte sensa\u00e7\u00e3o de pot\u00eancia e funcionalidade, al\u00e9m de oferecer valor colecion\u00e1vel. Alta temperatura"}},"product_brand":[],"product_cat":[22,16,23,18,19],"product_tag":[],"class_list":{"0":"post-237","1":"product","2":"type-product","3":"status-publish","4":"has-post-thumbnail","6":"product_cat-bowie-knife","7":"product_cat-fixed-blade-knife","8":"product_cat-hunting-knives","9":"product_cat-survival-knives","10":"product_cat-tactical-knives","12":"first","13":"instock","14":"taxable","15":"shipping-taxable","16":"purchasable","17":"product-type-simple"},"acf":[],"_links":{"self":[{"href":"https:\/\/acecoll.com\/pt\/wp-json\/wp\/v2\/product\/237","targetHints":{"allow":["GET"]}}],"collection":[{"href":"https:\/\/acecoll.com\/pt\/wp-json\/wp\/v2\/product"}],"about":[{"href":"https:\/\/acecoll.com\/pt\/wp-json\/wp\/v2\/types\/product"}],"replies":[{"embeddable":true,"href":"https:\/\/acecoll.com\/pt\/wp-json\/wp\/v2\/comments?post=237"}],"version-history":[{"count":6,"href":"https:\/\/acecoll.com\/pt\/wp-json\/wp\/v2\/product\/237\/revisions"}],"predecessor-version":[{"id":1690,"href":"https:\/\/acecoll.com\/pt\/wp-json\/wp\/v2\/product\/237\/revisions\/1690"}],"wp:featuredmedia":[{"embeddable":true,"href":"https:\/\/acecoll.com\/pt\/wp-json\/wp\/v2\/media\/1144"}],"wp:attachment":[{"href":"https:\/\/acecoll.com\/pt\/wp-json\/wp\/v2\/media?parent=237"}],"wp:term":[{"taxonomy":"product_brand","embeddable":true,"href":"https:\/\/acecoll.com\/pt\/wp-json\/wp\/v2\/product_brand?post=237"},{"taxonomy":"product_cat","embeddable":true,"href":"https:\/\/acecoll.com\/pt\/wp-json\/wp\/v2\/product_cat?post=237"},{"taxonomy":"product_tag","embeddable":true,"href":"https:\/\/acecoll.com\/pt\/wp-json\/wp\/v2\/product_tag?post=237"}],"curies":[{"name":"wp","href":"https:\/\/api.w.org\/{rel}","templated":true}]}}