{"id":238,"date":"2025-10-28T07:38:42","date_gmt":"2025-10-28T07:38:42","guid":{"rendered":"https:\/\/acecoll.com\/?post_type=product&#038;p=238"},"modified":"2026-03-31T08:03:19","modified_gmt":"2026-03-31T08:03:19","slug":"af030-faca-tatica-de-sobrevivencia-com-lamina-fixa-bowie-cabo-de-madeira-vermelha-aco-ferramenta-a8","status":"publish","type":"product","link":"https:\/\/acecoll.com\/pt\/product\/af030-faca-tatica-de-sobrevivencia-com-lamina-fixa-bowie-cabo-de-madeira-vermelha-aco-ferramenta-a8\/","title":{"rendered":"Faca de ca\u00e7a bowie de l\u00e2mina longa AC030"},"content":{"rendered":"<p>A faca Bowie de l\u00e2mina longa AC030 apresenta um design cl\u00e1ssico com um visual robusto. A l\u00e2mina \u00e9 extra longa e grossa, adequada para explora\u00e7\u00e3o na selva, sobreviv\u00eancia na natureza selvagem e tamb\u00e9m vale a pena colecionar.<br \/>\nA l\u00e2mina \u00e9 feita de a\u00e7o premium de alta resist\u00eancia com forjamento temperado em alta temperatura. A constru\u00e7\u00e3o de espiga completa garante resist\u00eancia e durabilidade.<br \/>\nO cabo de madeira de lei marrom-avermelhada proporciona uma empunhadura confort\u00e1vel e a bainha de couro facilita o transporte e a prote\u00e7\u00e3o.<br \/>\nSeja para aventuras ao ar livre, sobreviv\u00eancia ou colecionismo, essa faca t\u00e1tica multiuso \u00e9 uma ferramenta essencial.<\/p>","protected":false},"excerpt":{"rendered":"<p>Design t\u00e1tico profissional: Formato cl\u00e1ssico de faca Bowie, apar\u00eancia robusta, combina praticidade e valor colecion\u00e1vel.<\/p>\n<p>L\u00e2mina extralonga para cortar e empurrar com for\u00e7a: Comprimento total de 15,55 polegadas, comprimento da l\u00e2mina de 10,2 polegadas, espessura da lombada de 6,5 mm.<\/p>\n<p>L\u00e2mina Full Tang forjada e temperada em alta temperatura: O design de espiga completa fortalece a l\u00e2mina, a t\u00eampera em alta temperatura melhora a dureza e a resist\u00eancia ao desgaste.<\/p>\n<p>Faca multifuncional de sobreviv\u00eancia ao ar livre: Adequado para limpar a selva, cortar e desbastar; faca ideal para explora\u00e7\u00e3o na selva e sobreviv\u00eancia na natureza.<\/p>","protected":false},"featured_media":365,"comment_status":"open","ping_status":"closed","template":"","meta":{"_acf_changed":false,"inline_featured_image":false,"slim_seo":{"description":"AC030, design cl\u00e1ssico, adequado para explora\u00e7\u00e3o na selva, sobreviv\u00eancia na natureza selvagem, corte e desbaste, tamb\u00e9m colecion\u00e1vel. Uma faca t\u00e1tica multifuncional indispens\u00e1vel para os entusiastas de atividades ao ar livre e de sobreviv\u00eancia, agora em alta.","title":"AC030 long blade bowie hunting knife - ACECOLL"}},"product_brand":[],"product_cat":[22,17,23,18],"product_tag":[],"class_list":{"0":"post-238","1":"product","2":"type-product","3":"status-publish","4":"has-post-thumbnail","6":"product_cat-bowie-knife","7":"product_cat-full-tang-knives","8":"product_cat-hunting-knives","9":"product_cat-survival-knives","11":"first","12":"instock","13":"taxable","14":"shipping-taxable","15":"purchasable","16":"product-type-simple"},"acf":[],"_links":{"self":[{"href":"https:\/\/acecoll.com\/pt\/wp-json\/wp\/v2\/product\/238","targetHints":{"allow":["GET"]}}],"collection":[{"href":"https:\/\/acecoll.com\/pt\/wp-json\/wp\/v2\/product"}],"about":[{"href":"https:\/\/acecoll.com\/pt\/wp-json\/wp\/v2\/types\/product"}],"replies":[{"embeddable":true,"href":"https:\/\/acecoll.com\/pt\/wp-json\/wp\/v2\/comments?post=238"}],"version-history":[{"count":6,"href":"https:\/\/acecoll.com\/pt\/wp-json\/wp\/v2\/product\/238\/revisions"}],"predecessor-version":[{"id":1636,"href":"https:\/\/acecoll.com\/pt\/wp-json\/wp\/v2\/product\/238\/revisions\/1636"}],"wp:featuredmedia":[{"embeddable":true,"href":"https:\/\/acecoll.com\/pt\/wp-json\/wp\/v2\/media\/365"}],"wp:attachment":[{"href":"https:\/\/acecoll.com\/pt\/wp-json\/wp\/v2\/media?parent=238"}],"wp:term":[{"taxonomy":"product_brand","embeddable":true,"href":"https:\/\/acecoll.com\/pt\/wp-json\/wp\/v2\/product_brand?post=238"},{"taxonomy":"product_cat","embeddable":true,"href":"https:\/\/acecoll.com\/pt\/wp-json\/wp\/v2\/product_cat?post=238"},{"taxonomy":"product_tag","embeddable":true,"href":"https:\/\/acecoll.com\/pt\/wp-json\/wp\/v2\/product_tag?post=238"}],"curies":[{"name":"wp","href":"https:\/\/api.w.org\/{rel}","templated":true}]}}