{"id":239,"date":"2025-10-28T07:38:42","date_gmt":"2025-10-28T07:38:42","guid":{"rendered":"https:\/\/acecoll.com\/?post_type=product&#038;p=239"},"modified":"2026-02-11T07:22:37","modified_gmt":"2026-02-11T07:22:37","slug":"af017-punhal-tatico-com-lamina-fuller-em-aco-aus-10-para-uso-externo","status":"publish","type":"product","link":"https:\/\/acecoll.com\/pt\/product\/af017-punhal-tatico-com-lamina-fuller-em-aco-aus-10-para-uso-externo\/","title":{"rendered":"Adaga de Sobreviv\u00eancia T\u00e1tica M\u00e9dia AC017"},"content":{"rendered":"<p>A AC017 Medium Tactical Survival Dagger \u00e9 uma adaga de cano completo finamente trabalhada que combina desempenho t\u00e1tico com artesanato.<\/p>\n<p>A l\u00e2mina \u00e9 forjada \u00e0 m\u00e3o em a\u00e7o inoxid\u00e1vel AUS-10 de alto desempenho, oferecendo afia\u00e7\u00e3o e dureza excepcionais e excelente resist\u00eancia \u00e0 corros\u00e3o e ao desgaste.<\/p>\n<p>O design do sulco central do fuller n\u00e3o apenas reduz o peso total, mas tamb\u00e9m aumenta a rigidez estrutural e acrescenta profundidade visual \u00e0 l\u00e2mina.<\/p>\n<p>Constru\u00eddo com uma estrutura full-tang que atravessa toda a al\u00e7a, ele garante resist\u00eancia e confiabilidade superiores, mesmo sob uso intenso.<\/p>\n<p>O cabo de madeira dura proporciona uma empunhadura confort\u00e1vel e antideslizante, combinando um trabalho artesanal fino com um manuseio seguro. A bainha de couro em estilo vintage oferece um ajuste preciso para armazenamento seguro e f\u00e1cil transporte.<\/p>\n<p>Seja para acampar, ca\u00e7ar, sobreviver ao ar livre, explorar a natureza selvagem ou exibir sua cole\u00e7\u00e3o, a AC017 \u00e9 uma adaga t\u00e1tica premium que incorpora for\u00e7a e habilidade.<\/p>","protected":false},"excerpt":{"rendered":"<p>Design de adaga sim\u00e9trica de dois gumes: Estilo t\u00e1tico cl\u00e1ssico para ataque e defesa, combinando praticidade com valor colecion\u00e1vel.<br \/>\nEstrutura de sulco mais completa: Reduz o peso total da l\u00e2mina ao mesmo tempo em que aumenta a rigidez e proporciona uma apar\u00eancia t\u00e1tica impressionante.<br \/>\nA\u00e7o AUS-10 de alto desempenho: Oferece resist\u00eancia e nitidez excepcionais.<br \/>\nConstru\u00e7\u00e3o full-tang: A l\u00e2mina atravessa todo o cabo, garantindo excelente resist\u00eancia e confiabilidade.<br \/>\nCabo de madeira dura: Pega confort\u00e1vel, est\u00e1vel e antiderrapante, que combina habilidade artesanal com facilidade de uso.<br \/>\nBainha de couro: Proporciona um ajuste seguro para armazenamento seguro, al\u00e9m de apresentar uma apar\u00eancia refinada e premium.<br \/>\nEdi\u00e7\u00e3o artesanal limitada: Cada pe\u00e7a \u00e9 forjada e polida \u00e0 m\u00e3o por artes\u00e3os qualificados, destacando seu valor colecion\u00e1vel exclusivo.<\/p>","protected":false},"featured_media":372,"comment_status":"open","ping_status":"closed","template":"","meta":{"_acf_changed":false,"inline_featured_image":false,"slim_seo":{"description":"A AC017 apresenta um design de ranhura mais completa e uma constru\u00e7\u00e3o de cano completo, proporcionando nitidez e estabilidade. Uma faca t\u00e1tica premium que combina for\u00e7a e habilidade - agora em alta nas vendas, clique para saber mais!","title":"AC017 Medium Tactical Survival Dagger - ACECOLL"}},"product_brand":[],"product_cat":[17,20],"product_tag":[],"class_list":{"0":"post-239","1":"product","2":"type-product","3":"status-publish","4":"has-post-thumbnail","6":"product_cat-full-tang-knives","7":"product_cat-tactical-dagger","9":"first","10":"instock","11":"taxable","12":"shipping-taxable","13":"purchasable","14":"product-type-simple"},"acf":[],"_links":{"self":[{"href":"https:\/\/acecoll.com\/pt\/wp-json\/wp\/v2\/product\/239","targetHints":{"allow":["GET"]}}],"collection":[{"href":"https:\/\/acecoll.com\/pt\/wp-json\/wp\/v2\/product"}],"about":[{"href":"https:\/\/acecoll.com\/pt\/wp-json\/wp\/v2\/types\/product"}],"replies":[{"embeddable":true,"href":"https:\/\/acecoll.com\/pt\/wp-json\/wp\/v2\/comments?post=239"}],"version-history":[{"count":4,"href":"https:\/\/acecoll.com\/pt\/wp-json\/wp\/v2\/product\/239\/revisions"}],"predecessor-version":[{"id":1250,"href":"https:\/\/acecoll.com\/pt\/wp-json\/wp\/v2\/product\/239\/revisions\/1250"}],"wp:featuredmedia":[{"embeddable":true,"href":"https:\/\/acecoll.com\/pt\/wp-json\/wp\/v2\/media\/372"}],"wp:attachment":[{"href":"https:\/\/acecoll.com\/pt\/wp-json\/wp\/v2\/media?parent=239"}],"wp:term":[{"taxonomy":"product_brand","embeddable":true,"href":"https:\/\/acecoll.com\/pt\/wp-json\/wp\/v2\/product_brand?post=239"},{"taxonomy":"product_cat","embeddable":true,"href":"https:\/\/acecoll.com\/pt\/wp-json\/wp\/v2\/product_cat?post=239"},{"taxonomy":"product_tag","embeddable":true,"href":"https:\/\/acecoll.com\/pt\/wp-json\/wp\/v2\/product_tag?post=239"}],"curies":[{"name":"wp","href":"https:\/\/api.w.org\/{rel}","templated":true}]}}