{"id":243,"date":"2025-10-28T07:38:42","date_gmt":"2025-10-28T07:38:42","guid":{"rendered":"https:\/\/acecoll.com\/?post_type=product&#038;p=243"},"modified":"2025-11-27T01:51:02","modified_gmt":"2025-11-27T01:51:02","slug":"af001-faca-de-sobrevivencia-tatica-de-ponta-de-clipe-medio","status":"publish","type":"product","link":"https:\/\/acecoll.com\/pt\/product\/af001-faca-de-sobrevivencia-tatica-de-ponta-de-clipe-medio\/","title":{"rendered":"AC001 Faca t\u00e1tica e de sobreviv\u00eancia de ponta de clipe m\u00e9dia"},"content":{"rendered":"<p>A faca AC001 Medium Clip Point Tactical &amp; Survival Knife combina desempenho pr\u00e1tico com um design limpo e minimalista.<\/p>\n<p>A l\u00e2mina \u00e9 forjada em a\u00e7o para ferramentas D2 de alto desempenho, oferecendo nitidez, resist\u00eancia ao desgaste, excelente prote\u00e7\u00e3o contra corros\u00e3o e reten\u00e7\u00e3o duradoura do fio. A constru\u00e7\u00e3o Full-Tang atravessa o cabo, garantindo confiabilidade s\u00f3lida durante o uso intensivo ao ar livre.<\/p>\n<p>A al\u00e7a refor\u00e7ada com n\u00e1ilon \u00e9 ergonomicamente projetada para uma pegada segura, antiderrapante e confort\u00e1vel. Ele vem com uma bainha Kydex dur\u00e1vel para f\u00e1cil transporte e acesso r\u00e1pido, ideal para acampamentos, caminhadas, sobreviv\u00eancia, ca\u00e7a e transporte di\u00e1rio.<\/p>\n<p>Dispon\u00edvel nas op\u00e7\u00f5es de cores preta e marrom.<\/p>","protected":false},"excerpt":{"rendered":"<ul>\n<li><b><span data-font-family=\"\u5b8b\u4f53\">L\u00e2mina de a\u00e7o D2 de alto desempenho:<\/span><\/b><span data-font-family=\"\u5b8b\u4f53\"> Fabricado em a\u00e7o para ferramentas D2 de primeira qualidade para maior afia\u00e7\u00e3o, resist\u00eancia ao desgaste e prote\u00e7\u00e3o contra corros\u00e3o.<\/span><\/li>\n<li><b><span data-font-family=\"\u5b8b\u4f53\">Design profissional de exteriores:<\/span><\/b><span data-font-family=\"\u5b8b\u4f53\"> Criada por um entusiasta experiente de atividades ao ar livre. A curvatura precisa da l\u00e2mina proporciona excelente efici\u00eancia e controle de corte. O processo de t\u00eampera criog\u00eanica refina a estrutura do a\u00e7o, aumentando a resist\u00eancia e a tenacidade.<\/span><\/li>\n<li><b><span data-font-family=\"\u5b8b\u4f53\">Cabo ergon\u00f4mico:<\/span><\/b><span data-font-family=\"\u5b8b\u4f53\"> O cabo refor\u00e7ado com nylon oferece uma pegada segura e antiderrapante. As ranhuras profundas para os dedos garantem estabilidade e precis\u00e3o, mesmo com as m\u00e3os molhadas.<\/span><\/li>\n<li><b><span data-font-family=\"\u5b8b\u4f53\">Leve e vers\u00e1til:<\/span><\/b><span data-font-family=\"\u5b8b\u4f53\"> Pesa apenas 230 g. Compacto e \u00e1gil, ideal para acampamentos, caminhadas, sobreviv\u00eancia, ca\u00e7a ou transporte di\u00e1rio.<\/span><\/li>\n<li><b><span data-font-family=\"\u5b8b\u4f53\">Op\u00e7\u00f5es de cores:<\/span><\/b><span data-font-family=\"\u5b8b\u4f53\"> Dispon\u00edvel em preto ou marrom.<\/span><\/li>\n<\/ul>","protected":false},"featured_media":387,"comment_status":"open","ping_status":"closed","template":"","meta":{"_acf_changed":false,"inline_featured_image":false,"slim_seo":{"title":"Canivete t\u00e1tico e de sobreviv\u00eancia com ponta de clipe m\u00e9dio - ACECOLL","description":"AC001 Medium Clip Point Tactical &amp; Survival Knife, projetado por entusiastas experientes de atividades ao ar livre, ideal para acampamentos, caminhadas, sobreviv\u00eancia, ca\u00e7a e EDC, clique para saber mais!"}},"product_brand":[],"product_cat":[16,17,18,19],"product_tag":[],"class_list":{"0":"post-243","1":"product","2":"type-product","3":"status-publish","4":"has-post-thumbnail","6":"product_cat-fixed-blade-knife","7":"product_cat-full-tang-knives","8":"product_cat-survival-knives","9":"product_cat-tactical-knives","11":"first","12":"instock","13":"taxable","14":"shipping-taxable","15":"purchasable","16":"product-type-variable"},"acf":[],"_links":{"self":[{"href":"https:\/\/acecoll.com\/pt\/wp-json\/wp\/v2\/product\/243","targetHints":{"allow":["GET"]}}],"collection":[{"href":"https:\/\/acecoll.com\/pt\/wp-json\/wp\/v2\/product"}],"about":[{"href":"https:\/\/acecoll.com\/pt\/wp-json\/wp\/v2\/types\/product"}],"replies":[{"embeddable":true,"href":"https:\/\/acecoll.com\/pt\/wp-json\/wp\/v2\/comments?post=243"}],"version-history":[{"count":10,"href":"https:\/\/acecoll.com\/pt\/wp-json\/wp\/v2\/product\/243\/revisions"}],"predecessor-version":[{"id":1680,"href":"https:\/\/acecoll.com\/pt\/wp-json\/wp\/v2\/product\/243\/revisions\/1680"}],"wp:featuredmedia":[{"embeddable":true,"href":"https:\/\/acecoll.com\/pt\/wp-json\/wp\/v2\/media\/387"}],"wp:attachment":[{"href":"https:\/\/acecoll.com\/pt\/wp-json\/wp\/v2\/media?parent=243"}],"wp:term":[{"taxonomy":"product_brand","embeddable":true,"href":"https:\/\/acecoll.com\/pt\/wp-json\/wp\/v2\/product_brand?post=243"},{"taxonomy":"product_cat","embeddable":true,"href":"https:\/\/acecoll.com\/pt\/wp-json\/wp\/v2\/product_cat?post=243"},{"taxonomy":"product_tag","embeddable":true,"href":"https:\/\/acecoll.com\/pt\/wp-json\/wp\/v2\/product_tag?post=243"}],"curies":[{"name":"wp","href":"https:\/\/api.w.org\/{rel}","templated":true}]}}