{"id":244,"date":"2025-10-28T07:38:42","date_gmt":"2025-10-28T07:38:42","guid":{"rendered":"https:\/\/acecoll.com\/?post_type=product&#038;p=244"},"modified":"2025-11-14T02:19:55","modified_gmt":"2025-11-14T02:19:55","slug":"af002-adaga-de-sobrevivencia-tatica-com-ponta-de-lanca-media","status":"publish","type":"product","link":"https:\/\/acecoll.com\/pt\/product\/af002-adaga-de-sobrevivencia-tatica-com-ponta-de-lanca-media\/","title":{"rendered":"AC002 Adaga t\u00e1tica e de sobreviv\u00eancia de ponta de lan\u00e7a m\u00e9dia"},"content":{"rendered":"<p>AC002 Medium Spear Point Tactical &amp; Survival Dagger, projetado para usu\u00e1rios de atividades ao ar livre que buscam alto desempenho e confiabilidade.<\/p>\n<p>The blade is made of premium M390 steel, sharp and durable, with excellent wear and corrosion resistance. The full tang structure further ensures a solid and stable build.<\/p>\n<p>Cabo de madeira para uma empunhadura confort\u00e1vel, combinado com uma bainha de couro genu\u00edno. Ela tamb\u00e9m vem com um fecho de lat\u00e3o s\u00f3lido e um orif\u00edcio para cord\u00e3o, permitindo acesso r\u00e1pido e f\u00e1cil a partir de um cinto ou bota.<\/p>\n<p>Comprimento total de 10,2 polegadas, comprimento da l\u00e2mina de 5,5 polegadas, um tamanho bem equilibrado que \u00e9 muito adequado para transporte ao ar livre ou uso de emerg\u00eancia.<\/p>\n<p>Seja para acampamentos, caminhadas, EDC ou sobreviv\u00eancia ao ar livre, o AC002 \u00e9 uma ferramenta multiuso confi\u00e1vel com a qual o senhor pode contar.<\/p>","protected":false},"excerpt":{"rendered":"<p>A\u00e7o Premium: A l\u00e2mina \u00e9 feita de a\u00e7o M390 de alta qualidade, afiada e dur\u00e1vel, com excelente resist\u00eancia ao desgaste e \u00e0 corros\u00e3o. A constru\u00e7\u00e3o de espiga completa aumenta ainda mais a estabilidade da faca.<br \/>\nCabo confort\u00e1vel: Projetado com um cabo de madeira maci\u00e7a, antiderrapante e dur\u00e1vel, confort\u00e1vel de segurar, garantindo um controle est\u00e1vel em v\u00e1rios ambientes externos.<br \/>\nArmazenamento seguro: Vem com uma bainha de couro para proteger a l\u00e2mina com firmeza e evitar que escorregue. Com um orif\u00edcio para cord\u00e3o, pode ser preso a um cinto ou bota para um transporte mais seguro.<br \/>\nUso vers\u00e1til: adequado para acampamentos, caminhadas, EDC, sobreviv\u00eancia e uma ampla gama de cen\u00e1rios ao ar livre.<\/p>","protected":false},"featured_media":393,"comment_status":"open","ping_status":"closed","template":"","meta":{"_acf_changed":false,"inline_featured_image":false,"slim_seo":{"title":"Adaga de sobreviv\u00eancia e t\u00e1tica com ponta de lan\u00e7a m\u00e9dia AC002 - ACECOLL","description":"AC002 Medium Tactical &amp; Survival Dagger: a\u00e7o M390 premium + full tang. Ideal para acampamentos, caminhadas, EDC e sobreviv\u00eancia ao ar livre. J\u00e1 dispon\u00edvel - clique para saber mais!"}},"product_brand":[],"product_cat":[16,20],"product_tag":[],"class_list":{"0":"post-244","1":"product","2":"type-product","3":"status-publish","4":"has-post-thumbnail","6":"product_cat-fixed-blade-knife","7":"product_cat-tactical-dagger","9":"first","10":"instock","11":"taxable","12":"shipping-taxable","13":"purchasable","14":"product-type-simple"},"acf":[],"_links":{"self":[{"href":"https:\/\/acecoll.com\/pt\/wp-json\/wp\/v2\/product\/244","targetHints":{"allow":["GET"]}}],"collection":[{"href":"https:\/\/acecoll.com\/pt\/wp-json\/wp\/v2\/product"}],"about":[{"href":"https:\/\/acecoll.com\/pt\/wp-json\/wp\/v2\/types\/product"}],"replies":[{"embeddable":true,"href":"https:\/\/acecoll.com\/pt\/wp-json\/wp\/v2\/comments?post=244"}],"version-history":[{"count":5,"href":"https:\/\/acecoll.com\/pt\/wp-json\/wp\/v2\/product\/244\/revisions"}],"predecessor-version":[{"id":1317,"href":"https:\/\/acecoll.com\/pt\/wp-json\/wp\/v2\/product\/244\/revisions\/1317"}],"wp:featuredmedia":[{"embeddable":true,"href":"https:\/\/acecoll.com\/pt\/wp-json\/wp\/v2\/media\/393"}],"wp:attachment":[{"href":"https:\/\/acecoll.com\/pt\/wp-json\/wp\/v2\/media?parent=244"}],"wp:term":[{"taxonomy":"product_brand","embeddable":true,"href":"https:\/\/acecoll.com\/pt\/wp-json\/wp\/v2\/product_brand?post=244"},{"taxonomy":"product_cat","embeddable":true,"href":"https:\/\/acecoll.com\/pt\/wp-json\/wp\/v2\/product_cat?post=244"},{"taxonomy":"product_tag","embeddable":true,"href":"https:\/\/acecoll.com\/pt\/wp-json\/wp\/v2\/product_tag?post=244"}],"curies":[{"name":"wp","href":"https:\/\/api.w.org\/{rel}","templated":true}]}}