{"id":1807,"date":"2025-12-18T06:19:25","date_gmt":"2025-12-18T06:19:25","guid":{"rendered":"https:\/\/acecoll.com\/?page_id=1807"},"modified":"2026-03-13T02:15:44","modified_gmt":"2026-03-13T02:15:44","slug":"villkor-for-tjansten","status":"publish","type":"page","link":"https:\/\/acecoll.com\/sv\/villkor-for-tjansten\/","title":{"rendered":"Villkor f\u00f6r tj\u00e4nsten"},"content":{"rendered":"<h2 class=\"wp-block-heading\">Villkor f\u00f6r tj\u00e4nsten<\/h2>\n\n<p>Denna webbplats drivs av <a href=\"https:\/\/acecoll.com\/sv\/\">ACECOLL<\/a>. I detta sammanhang h\u00e4nvisar \u201cvi\u201d och \u201cv\u00e5r\u201d till ACECOLL. Vi f\u00f6rser dig (anv\u00e4ndaren) med denna webbplats, inklusive all information, verktyg och tj\u00e4nster, under f\u00f6ruts\u00e4ttning att du accepterar alla villkor, policyer och uttalanden som anges h\u00e4r.<\/p>\n<p><span data-font-family=\"\u5fae\u8f6f\u96c5\u9ed1\">Genom att g\u00e5 in p\u00e5 v\u00e5r webbplats och\/eller k\u00f6pa varor fr\u00e5n oss samtycker du till att anv\u00e4nda v\u00e5ra \u201cTj\u00e4nster\u201d och att vara bunden av dessa Anv\u00e4ndarvillkor (\u201cVillkor\u201d), inklusive eventuella ytterligare villkor eller policyer som h\u00e4nvisas till h\u00e4ri eller som l\u00e4nkas fr\u00e5n denna webbplats.<\/span><\/p>\n<p><span data-font-family=\"\u5fae\u8f6f\u96c5\u9ed1\">Dessa anv\u00e4ndarvillkor g\u00e4ller f\u00f6r alla anv\u00e4ndare av webbplatsen, inklusive men inte begr\u00e4nsat till bes\u00f6kare, leverant\u00f6rer, kunder, handlare och\/eller inneh\u00e5llsbidragsgivare.<\/span><\/p>\n<p><span data-font-family=\"\u5fae\u8f6f\u96c5\u9ed1\">L\u00e4s dessa villkor noggrant innan du g\u00e5r in p\u00e5 eller anv\u00e4nder den h\u00e4r webbplatsen. Din \u00e5tkomst till eller anv\u00e4ndning av n\u00e5gon del av denna webbplats utg\u00f6r ditt avtal om att vara bunden av dessa villkor. Om du inte samtycker till alla villkor i detta avtal f\u00e5r du inte komma \u00e5t denna webbplats eller anv\u00e4nda n\u00e5gra tj\u00e4nster. Om dessa anv\u00e4ndarvillkor betraktas som ett erbjudande, \u00e4r acceptansen begr\u00e4nsad till dessa anv\u00e4ndarvillkor.<\/span><\/p>\n<p><span data-font-family=\"\u5fae\u8f6f\u96c5\u9ed1\">Alla nya funktioner eller verktyg som l\u00e4ggs till i den aktuella butiken omfattas av dessa anv\u00e4ndarvillkor. Du kan n\u00e4r som helst se den senaste versionen av anv\u00e4ndarvillkoren p\u00e5 den h\u00e4r sidan. Vi f\u00f6rbeh\u00e5ller oss r\u00e4tten att uppdatera, \u00e4ndra eller ers\u00e4tta n\u00e5gon del av dessa anv\u00e4ndarvillkor genom att publicera uppdateringar och\/eller \u00e4ndringar p\u00e5 webbplatsen. Det \u00e4r ditt ansvar att regelbundet kontrollera denna sida f\u00f6r \u00e4ndringar. Din fortsatta anv\u00e4ndning av eller tillg\u00e5ng till denna webbplats efter att eventuella \u00e4ndringar har publicerats utg\u00f6r ditt godk\u00e4nnande av dessa \u00e4ndringar.<\/span><\/p>\n<p><span data-font-family=\"\u5fae\u8f6f\u96c5\u9ed1\">V\u00e5r onlinebutik \u00e4r v\u00e4rd p\u00e5 Woocommerce. plattform. De f\u00f6rser oss med en e-handelsplattform online som g\u00f6r det m\u00f6jligt f\u00f6r oss att s\u00e4lja produkter och tj\u00e4nster till dig.<\/span><\/p>\n\n<h2 class=\"wp-block-heading\">Villkor f\u00f6r onlinebutik<\/h2>\n\n<p>Genom att godk\u00e4nna dessa anv\u00e4ndarvillkor intygar du att du har uppn\u00e5tt laglig myndighets\u00e5lder i din stat eller provins. Du samtycker ocks\u00e5 till att \u00f6vervaka eventuella minder\u00e5riga anh\u00f6riga som kan komma att anv\u00e4nda denna webbplats.<\/p>\n<p>Du f\u00e5r inte anv\u00e4nda v\u00e5ra produkter eller tj\u00e4nster f\u00f6r n\u00e5got olagligt eller obeh\u00f6rigt \u00e4ndam\u00e5l. Du m\u00e5ste f\u00f6lja alla till\u00e4mpliga lagar, inklusive upphovsr\u00e4ttslagar, och du f\u00e5r inte distribuera maskar, virus eller n\u00e5gon annan destruktiv kod. Brott mot dessa villkor kan leda till omedelbar upps\u00e4gning av din \u00e5tkomst eller dina tj\u00e4nster.<\/p>\n\n<h2 class=\"wp-block-heading\">Allm\u00e4nna villkor och best\u00e4mmelser<\/h2>\n\n<p>Vi f\u00f6rbeh\u00e5ller oss r\u00e4tten att n\u00e4r som helst och av vilken anledning som helst v\u00e4gra att tillhandah\u00e5lla tj\u00e4nster till n\u00e5gon.<\/p><p>Du f\u00f6rst\u00e5r att ditt inneh\u00e5ll (exklusive kreditkortsinformation) kan \u00f6verf\u00f6ras okrypterat och kan: <br \/>(a) passera \u00f6ver olika n\u00e4tverk; och <br \/>(b) \u00e4ndras f\u00f6r att uppfylla de tekniska kraven f\u00f6r anslutna n\u00e4t eller enheter. <br \/>Kreditkortsinformation \u00e4r dock alltid krypterad under \u00f6verf\u00f6ringen.<\/p><p>Du samtycker till att inte kopiera, reproducera, s\u00e4lja, \u00e5terf\u00f6rs\u00e4lja eller p\u00e5 annat s\u00e4tt anv\u00e4nda n\u00e5gon del av Tj\u00e4nsten, eller ta kontakt via webbplatsen, utan v\u00e5rt uttryckliga skriftliga tillst\u00e5nd.<\/p><p>Rubrikerna i detta avtal \u00e4r endast avsedda att underl\u00e4tta l\u00e4sningen och p\u00e5verkar inte tolkningen av dessa villkor.<\/p>\n\n<h2 class=\"wp-block-heading\">Informationens riktighet, fullst\u00e4ndighet och aktualitet<\/h2>\n\n<p>Vi ansvarar inte f\u00f6r eventuella felaktigheter, ofullst\u00e4ndigheter eller inaktualiteter i informationen p\u00e5 denna webbplats. Inneh\u00e5llet p\u00e5 denna webbplats \u00e4r endast avsett som allm\u00e4n referens och b\u00f6r inte anv\u00e4ndas som enda grund f\u00f6r beslutsfattande. Innan du fattar n\u00e5got beslut b\u00f6r du konsultera mer auktoritativa, korrekta, fullst\u00e4ndiga eller aktuella informationsk\u00e4llor. Du anv\u00e4nder inneh\u00e5llet p\u00e5 denna webbplats p\u00e5 egen risk.<\/p><p>Denna webbplats kan inneh\u00e5lla historisk information. Historisk information \u00e5terspeglar inte n\u00f6dv\u00e4ndigtvis den aktuella situationen och \u00e4r endast avsedd som referens. Vi f\u00f6rbeh\u00e5ller oss r\u00e4tten att n\u00e4r som helst \u00e4ndra inneh\u00e5llet p\u00e5 denna webbplats, men vi har ingen skyldighet att uppdatera n\u00e5gon information p\u00e5 webbplatsen. Du samtycker till att vara ensam ansvarig f\u00f6r att \u00f6vervaka \u00e4ndringar p\u00e5 denna webbplats.<\/p>\n\n<h2 class=\"wp-block-heading\">\u00a0\u00c4ndringar av anv\u00e4ndarvillkoren<\/h2>\n\n<p><span dir=\"auto\">Du kan n\u00e4r som helst se den senaste versionen av anv\u00e4ndarvillkoren p\u00e5 den h\u00e4r sidan.<\/span><\/p><p><span dir=\"auto\">Vi f\u00f6rbeh\u00e5ller oss r\u00e4tten att uppdatera, \u00e4ndra eller ers\u00e4tta n\u00e5gon del av dessa anv\u00e4ndarvillkor efter eget gottfinnande, och s\u00e5dana uppdateringar och \u00e4ndringar kommer att publiceras p\u00e5 v\u00e5r webbplats. Det \u00e4r ditt ansvar att regelbundet kontrollera v\u00e5r webbplats f\u00f6r \u00e4ndringar. Din fortsatta anv\u00e4ndning av eller tillg\u00e5ng till v\u00e5r webbplats eller v\u00e5ra tj\u00e4nster efter eventuella \u00e4ndringar av dessa anv\u00e4ndarvillkor utg\u00f6r ditt godk\u00e4nnande av dessa \u00e4ndringar.<\/span><\/p>\n\n<h2 class=\"wp-block-heading\">Kontakta oss<\/h2>\n\n<p>F\u00f6r fr\u00e5gor om anv\u00e4ndarvillkoren, v\u00e4nligen skicka ett e-postmeddelande till info@acecoll.com.<\/p>","protected":false},"excerpt":{"rendered":"<p>Terms of Service This website is operated by ACECOLL. In this context, \u201cwe\u201d and \u201cour\u201d refer to ACECOLL. We provide you (the user) with this website, including all information, tools, and services, subject to your acceptance of all terms, conditions, policies, and statements set forth herein. By accessing our website and\/or purchasing any goods from [&hellip;]<\/p>","protected":false},"author":4,"featured_media":0,"parent":0,"menu_order":0,"comment_status":"closed","ping_status":"closed","template":"","meta":{"_acf_changed":false,"inline_featured_image":false,"slim_seo":{"description":"Anv\u00e4ndarvillkoren beskriver de regler, villkor och policyer som styr anv\u00e4ndningen av ACECOLLs webbplats, produkter och tj\u00e4nster.","title":"Terms of Service - ACECOLL"},"footnotes":""},"class_list":["post-1807","page","type-page","status-publish","hentry"],"acf":[],"_links":{"self":[{"href":"https:\/\/acecoll.com\/sv\/wp-json\/wp\/v2\/pages\/1807","targetHints":{"allow":["GET"]}}],"collection":[{"href":"https:\/\/acecoll.com\/sv\/wp-json\/wp\/v2\/pages"}],"about":[{"href":"https:\/\/acecoll.com\/sv\/wp-json\/wp\/v2\/types\/page"}],"author":[{"embeddable":true,"href":"https:\/\/acecoll.com\/sv\/wp-json\/wp\/v2\/users\/4"}],"replies":[{"embeddable":true,"href":"https:\/\/acecoll.com\/sv\/wp-json\/wp\/v2\/comments?post=1807"}],"version-history":[{"count":17,"href":"https:\/\/acecoll.com\/sv\/wp-json\/wp\/v2\/pages\/1807\/revisions"}],"predecessor-version":[{"id":1987,"href":"https:\/\/acecoll.com\/sv\/wp-json\/wp\/v2\/pages\/1807\/revisions\/1987"}],"wp:attachment":[{"href":"https:\/\/acecoll.com\/sv\/wp-json\/wp\/v2\/media?parent=1807"}],"curies":[{"name":"wp","href":"https:\/\/api.w.org\/{rel}","templated":true}]}}