{"id":3,"date":"2025-10-28T04:18:07","date_gmt":"2025-10-28T04:18:07","guid":{"rendered":"http:\/\/acecoll.com\/?page_id=3"},"modified":"2026-03-13T03:05:01","modified_gmt":"2026-03-13T03:05:01","slug":"integritetspolicy","status":"publish","type":"page","link":"https:\/\/acecoll.com\/sv\/integritetspolicy\/","title":{"rendered":"Integritetspolicy"},"content":{"rendered":"<h2 class=\"wp-block-heading\">Integritetspolicy<\/h2>\n\n<h2 class=\"wp-block-heading\">Vad g\u00f6r vi med din information?<\/h2>\n\n<p>N\u00e4r du k\u00f6per n\u00e5got fr\u00e5n <a href=\"https:\/\/acecoll.com\/sv\/\">ACECOLL<\/a>, Som en del av k\u00f6p- och s\u00e4ljprocessen samlar vi in de personuppgifter som du ger oss, till exempel ditt namn, din adress och din e-postadress.<br \/>N\u00e4r du surfar i v\u00e5r butik f\u00e5r vi ocks\u00e5 automatiskt din dators IP-adress (Internet Protocol) f\u00f6r att f\u00f6rse oss med information som hj\u00e4lper oss att l\u00e4ra oss mer om din webbl\u00e4sare och ditt operativsystem.<\/p>\n<p>E-postmarknadsf\u00f6ring (om till\u00e4mpligt): Med ditt samtycke kan vi skicka e-postmeddelanden till dig om v\u00e5r butik, nya produkter och andra uppdateringar.<\/p>\n\n<h2 class=\"wp-block-heading\">Hur vi inh\u00e4mtar ditt samtycke<\/h2>\n\n<p>N\u00e4r du f\u00f6rser oss med personuppgifter f\u00f6r att slutf\u00f6ra en transaktion, verifiera din betalningsmetod, g\u00f6ra en best\u00e4llning, ordna med leverans eller returnera ett k\u00f6p, samtycker du till att vi samlar in och anv\u00e4nder den informationen enbart f\u00f6r dessa specifika \u00e4ndam\u00e5l.<\/p>\n<p>Om vi beg\u00e4r dina personuppgifter f\u00f6r sekund\u00e4ra \u00e4ndam\u00e5l, t.ex. marknadsf\u00f6ring, kommer vi antingen att be om ditt uttryckliga samtycke eller ge dig m\u00f6jlighet att avb\u00f6ja.<\/p>\n\n<h2 class=\"wp-block-heading\">\u00c5terkalla ditt samtycke<\/h2>\n\n<p>Om du har valt att delta och senare \u00e4ndrar dig kan du \u00e5terkalla ditt samtycke till att vi kontaktar dig eller till fortsatt insamling, anv\u00e4ndning eller utl\u00e4mnande av dina personuppgifter <strong data-start=\"894\" data-end=\"951\">n\u00e4r som helst genom att kontakta oss p\u00e5 <\/strong> info@acecoll.com.<\/p>\n\n<h2 class=\"wp-block-heading\">Utl\u00e4mnande av personlig information<\/h2>\n\n<p>Vi kan komma att l\u00e4mna ut dina personuppgifter om vi \u00e4r skyldiga att g\u00f6ra det enligt lag eller om du bryter mot v\u00e5ra anv\u00e4ndarvillkor.<\/p>\n\n<h2 class=\"wp-block-heading\">Tj\u00e4nster fr\u00e5n tredje part<\/h2>\n\n<p>I allm\u00e4nhet kommer tredjepartsleverant\u00f6rer som vi anv\u00e4nder att samla in, anv\u00e4nda och avsl\u00f6ja din information endast i den utstr\u00e4ckning som kr\u00e4vs f\u00f6r att utf\u00f6ra sina tj\u00e4nster \u00e5t oss. Vissa leverant\u00f6rer, t.ex. betalningsportaler, har sina egna sekretesspolicyer avseende den information vi tillhandah\u00e5ller f\u00f6r k\u00f6prelaterade transaktioner.<\/p>\n<p>Vi rekommenderar att du l\u00e4ser igenom deras integritetspolicy f\u00f6r att f\u00f6rst\u00e5 hur dina personuppgifter kommer att hanteras. Observera att vissa leverant\u00f6rer kan befinna sig i jurisdiktioner som skiljer sig fr\u00e5n din eller v\u00e5r. Genom att forts\u00e4tta med en transaktion som involverar en tredjepartsleverant\u00f6r kan din information bli f\u00f6rem\u00e5l f\u00f6r lagarna i den jurisdiktionen.<\/p>\n<p>Om du till exempel befinner dig i Kanada och din transaktion behandlas av en betalningsgateway i USA, kan dina personuppgifter omfattas av amerikansk lagstiftning, inklusive Patriot Act.<\/p>\n<p>N\u00e4r du l\u00e4mnar v\u00e5r webbplats eller omdirigeras till en tredje parts webbplats omfattas du inte l\u00e4ngre av denna integritetspolicy eller v\u00e5ra anv\u00e4ndarvillkor.<\/p>\n\n<h2 class=\"wp-block-heading\">S\u00e4kerhet<\/h2>\n\n<p>F\u00f6r att skydda dina personuppgifter vidtar vi rimliga f\u00f6rsiktighets\u00e5tg\u00e4rder och f\u00f6ljer branschens b\u00e4sta praxis f\u00f6r att se till att de inte f\u00f6rloras, missbrukas, anv\u00e4nds, avsl\u00f6jas, \u00e4ndras eller f\u00f6rst\u00f6rs p\u00e5 ett ol\u00e4mpligt s\u00e4tt.<\/p>\n<p>Om du ger oss din kreditkortsinformation krypteras informationen med SSL-teknik (Secure Socket Layer) och lagras med AES-kryptering. \u00c4ven om ingen metod f\u00f6r \u00f6verf\u00f6ring via Internet eller elektronisk lagring \u00e4r 100% s\u00e4ker, f\u00f6ljer vi alla PCI-DSS-krav och implementerar ytterligare allm\u00e4nt accepterade branschstandarder.<\/p>\n\n<h2 class=\"wp-block-heading\">Kakor<\/h2>\n\n<p>Om du l\u00e4mnar en kommentar p\u00e5 v\u00e5r webbplats kan du v\u00e4lja att spara ditt namn, din e-postadress och din webbplats i cookies f\u00f6r din bekv\u00e4mlighet. Dessa cookies \u00e4r giltiga i ett \u00e5r.<\/p>\n<p>Om du bes\u00f6ker v\u00e5r inloggningssida s\u00e4tts en tillf\u00e4llig cookie f\u00f6r att avg\u00f6ra om din webbl\u00e4sare accepterar cookies. Denna cookie inneh\u00e5ller inga personuppgifter och raderas n\u00e4r du st\u00e4nger din webbl\u00e4sare.<\/p>\n<p>N\u00e4r du loggar in s\u00e4tts flera cookies f\u00f6r att spara din inloggningsinformation och dina val av sk\u00e4rmvisning. Inloggningscookies sparas i tv\u00e5 dagar, cookies f\u00f6r sk\u00e4rmalternativ sparas i ett \u00e5r och om du v\u00e4ljer \u201cKom ih\u00e5g mig\u201d f\u00f6rl\u00e4ngs inloggningscookies till tv\u00e5 veckor. Om du loggar ut tas inloggningscookies bort.<\/p>\n\n<h2 class=\"wp-block-heading\">\u00c5lder f\u00f6r samtycke<\/h2>\n\n<p>Genom att anv\u00e4nda denna webbplats intygar du att du \u00e4r minst myndig i den stat eller provins d\u00e4r du \u00e4r bosatt. Om du \u00e4r minder\u00e5rig bekr\u00e4ftar du att du har f\u00e5tt f\u00f6r\u00e4ldrarnas eller v\u00e5rdnadshavarens samtycke till att anv\u00e4nda denna webbplats.<\/p>\n\n<h2 class=\"wp-block-heading\">\u00c4ndringar av denna integritetspolicy<\/h2>\n\n<p>Vi f\u00f6rbeh\u00e5ller oss r\u00e4tten att n\u00e4r som helst \u00e4ndra denna integritetspolicy. \u00c4ndringar och f\u00f6rtydliganden tr\u00e4der i kraft omedelbart efter att de har publicerats p\u00e5 v\u00e5r webbplats.<\/p>\n<p>Om vi g\u00f6r v\u00e4sentliga \u00e4ndringar kommer vi att meddela dig via det e-postmeddelande som anges i ditt konto s\u00e5 att du \u00e4r medveten om den information vi samlar in, hur vi anv\u00e4nder den och under vilka omst\u00e4ndigheter vi kan avsl\u00f6ja den.<\/p>\n\n<h2 class=\"wp-block-heading\">Fr\u00e5gor och kontaktinformation<\/h2>\n\n<p>Om du vill f\u00e5 tillg\u00e5ng till, korrigera, \u00e4ndra eller radera n\u00e5gon personlig information som vi har om dig, registrera ett klagom\u00e5l eller vill ha mer information, v\u00e4nligen kontakta oss p\u00e5 info@acecoll.com.<\/p>","protected":false},"excerpt":{"rendered":"<p>Privacy Policy What Do We Do With Your Information? When you purchase something from ACECOLL, as part of the buying and selling process, we collect the personal information you give us such as your name, address and email address.When you browse our store, we also automatically receive your computer\u2019s internet protocol (IP) address in order [&hellip;]<\/p>","protected":false},"author":4,"featured_media":0,"parent":0,"menu_order":0,"comment_status":"closed","ping_status":"open","template":"","meta":{"_acf_changed":false,"inline_featured_image":false,"slim_seo":{"description":"ACECOLL:s officiella integritetspolicy f\u00f6rklarar hur vi samlar in, anv\u00e4nder och skyddar dina personuppgifter, inklusive samtycke, tredjepartstj\u00e4nster, cookies och dina r\u00e4ttigheter.","title":"Privacy Policy - ACECOLL"},"footnotes":""},"class_list":["post-3","page","type-page","status-publish","hentry"],"acf":[],"_links":{"self":[{"href":"https:\/\/acecoll.com\/sv\/wp-json\/wp\/v2\/pages\/3","targetHints":{"allow":["GET"]}}],"collection":[{"href":"https:\/\/acecoll.com\/sv\/wp-json\/wp\/v2\/pages"}],"about":[{"href":"https:\/\/acecoll.com\/sv\/wp-json\/wp\/v2\/types\/page"}],"author":[{"embeddable":true,"href":"https:\/\/acecoll.com\/sv\/wp-json\/wp\/v2\/users\/4"}],"replies":[{"embeddable":true,"href":"https:\/\/acecoll.com\/sv\/wp-json\/wp\/v2\/comments?post=3"}],"version-history":[{"count":30,"href":"https:\/\/acecoll.com\/sv\/wp-json\/wp\/v2\/pages\/3\/revisions"}],"predecessor-version":[{"id":1993,"href":"https:\/\/acecoll.com\/sv\/wp-json\/wp\/v2\/pages\/3\/revisions\/1993"}],"wp:attachment":[{"href":"https:\/\/acecoll.com\/sv\/wp-json\/wp\/v2\/media?parent=3"}],"curies":[{"name":"wp","href":"https:\/\/api.w.org\/{rel}","templated":true}]}}