{"id":1059,"date":"2025-11-05T05:49:47","date_gmt":"2025-11-05T05:49:47","guid":{"rendered":"https:\/\/acecoll.com\/?post_type=product&#038;p=1059"},"modified":"2026-03-26T07:37:01","modified_gmt":"2026-03-26T07:37:01","slug":"af026-taktisk-overlevnadskniv-tanto-med-fast-blad-sanmai-stal","status":"publish","type":"product","link":"https:\/\/acecoll.com\/sv\/product\/af026-taktisk-overlevnadskniv-tanto-med-fast-blad-sanmai-stal\/","title":{"rendered":"AC026 San Mai Tanto Taktisk &amp; \u00d6verlevnadskniv"},"content":{"rendered":"<p>AC026 San Mai Tanto Tactical &amp; Survival Knife \u00e4r en avancerad fastbladskniv f\u00f6r utomhusbruk som kombinerar funktionalitet och samlarv\u00e4rde.<br \/>\nBladet anv\u00e4nder San Mai-smidesteknik, som kombinerar tre lager av h\u00f6gpresterande st\u00e5l f\u00f6r att balansera sk\u00e4rpa, seghet och korrosionsbest\u00e4ndighet.<br \/>\nFull-Tang-strukturen garanterar stabilitet och tillf\u00f6rlitlighet vid tung anv\u00e4ndning.<br \/>\nTantobladet har en vass egg och en stark spets som l\u00e4mpar sig f\u00f6r sk\u00e4rande och genomborrande uppgifter.<br \/>\nDet ljusgr\u00f6na G10-handtaget ger ett fast grepp och \u00e4r kombinerat med en ljusgr\u00f6n Kydex-slida som \u00e4r l\u00e4tt, h\u00e5llbar och enkel att b\u00e4ra.<br \/>\nOavsett om det g\u00e4ller daglig EDC, utomhus\u00e4ventyr, \u00f6verlevnadsanv\u00e4ndning eller samling, fungerar AC026 bra<\/p>","protected":false},"excerpt":{"rendered":"<p>Samlings- och bruksf\u00f6rem\u00e5l i kombination: San Mai-smide och en satinfinish p\u00e5 bladet g\u00f6r den l\u00e4mplig f\u00f6r b\u00e5de utomhusbruk och samling<br \/>\nSan Mai smidd klinga: Tillverkat av tre lager h\u00f6gpresterande st\u00e5l f\u00f6r sk\u00e4rpa, seghet och korrosionsbest\u00e4ndighet<br \/>\nFull-Tang konstruktion: Ger h\u00f6g styrka och strukturell stabilitet<br \/>\nHalkfritt G10-handtag: Texturerad yta f\u00f6r ett fast och bekv\u00e4mt grepp<br \/>\nTaktisk Kydex-slida: Levereras med en justerbar b\u00e4lteskl\u00e4mma f\u00f6r enkel b\u00e4rning och snabb \u00e5tkomst<\/p>","protected":false},"featured_media":1066,"comment_status":"open","ping_status":"closed","template":"","meta":{"_acf_changed":false,"inline_featured_image":false,"slim_seo":{"description":"AC026 San Mai Tanto Tactical &amp; Survival Knife, idealisk f\u00f6r EDC, utomhus\u00f6verlevnad och samling. Nu tillg\u00e4nglig, klicka f\u00f6r att f\u00e5 veta mer.","title":"AC026 San Mai Tanto Tactical & Survival Knife - ACECOLL"}},"product_brand":[],"product_cat":[16,19,21],"product_tag":[],"class_list":{"0":"post-1059","1":"product","2":"type-product","3":"status-publish","4":"has-post-thumbnail","6":"product_cat-fixed-blade-knife","7":"product_cat-tactical-knives","8":"product_cat-tanto-knives","10":"first","11":"instock","12":"taxable","13":"shipping-taxable","14":"purchasable","15":"product-type-simple"},"acf":[],"_links":{"self":[{"href":"https:\/\/acecoll.com\/sv\/wp-json\/wp\/v2\/product\/1059","targetHints":{"allow":["GET"]}}],"collection":[{"href":"https:\/\/acecoll.com\/sv\/wp-json\/wp\/v2\/product"}],"about":[{"href":"https:\/\/acecoll.com\/sv\/wp-json\/wp\/v2\/types\/product"}],"replies":[{"embeddable":true,"href":"https:\/\/acecoll.com\/sv\/wp-json\/wp\/v2\/comments?post=1059"}],"version-history":[{"count":6,"href":"https:\/\/acecoll.com\/sv\/wp-json\/wp\/v2\/product\/1059\/revisions"}],"predecessor-version":[{"id":1708,"href":"https:\/\/acecoll.com\/sv\/wp-json\/wp\/v2\/product\/1059\/revisions\/1708"}],"wp:featuredmedia":[{"embeddable":true,"href":"https:\/\/acecoll.com\/sv\/wp-json\/wp\/v2\/media\/1066"}],"wp:attachment":[{"href":"https:\/\/acecoll.com\/sv\/wp-json\/wp\/v2\/media?parent=1059"}],"wp:term":[{"taxonomy":"product_brand","embeddable":true,"href":"https:\/\/acecoll.com\/sv\/wp-json\/wp\/v2\/product_brand?post=1059"},{"taxonomy":"product_cat","embeddable":true,"href":"https:\/\/acecoll.com\/sv\/wp-json\/wp\/v2\/product_cat?post=1059"},{"taxonomy":"product_tag","embeddable":true,"href":"https:\/\/acecoll.com\/sv\/wp-json\/wp\/v2\/product_tag?post=1059"}],"curies":[{"name":"wp","href":"https:\/\/api.w.org\/{rel}","templated":true}]}}