{"id":1432,"date":"2025-11-18T08:11:46","date_gmt":"2025-11-18T08:11:46","guid":{"rendered":"https:\/\/acecoll.com\/?post_type=product&#038;p=1432"},"modified":"2026-04-07T07:06:35","modified_gmt":"2026-04-07T07:06:35","slug":"ac031-machete-for-lang-overlevnad","status":"publish","type":"product","link":"https:\/\/acecoll.com\/sv\/product\/ac031-machete-for-lang-overlevnad\/","title":{"rendered":"AC031 Machete f\u00f6r l\u00e5ng \u00f6verlevnad"},"content":{"rendered":"<p>AC031 Long Survival Machete har en finish av samlarkvalitet och en extra l\u00e5ng silhuett som skapar en sl\u00e5ende visuell effekt - perfekt f\u00f6r att samla och visa upp.<\/p>\n<p>Ett 12,4-tums blad med en 6 mm tjock rygg ger en stark huggkraft, vilket g\u00f6r den utm\u00e4rkt f\u00f6r djungelr\u00f6jning eller f\u00f6r att hugga upp stigar i vildmarken.<\/p>\n<p>Tillverkad av h\u00f6gkvalitativt AUS-10-st\u00e5l som balanserar h\u00e5rdhet, slitstyrka och korrosionsbest\u00e4ndighet. Det h\u00e5ller sig vasst vid regelbunden anv\u00e4ndning samtidigt som bladets material och specifikationer \u00e4r l\u00e4mpliga f\u00f6r en samlarkniv.<\/p>","protected":false},"excerpt":{"rendered":"<p>Utseende som samlarobjekt: bladets strukturerade yta och kamouflagem\u00f6nster, i kombination med en extra l\u00e5ng profil, skapar en kraftfull visuell effekt. Den h\u00e4r kniven \u00e4r mycket visningsv\u00e4rd och idealisk f\u00f6r samlingar eller utst\u00e4llningar.<\/p>\n<p>H\u00f6gkvalitativt st\u00e5l: AUS-10-st\u00e5l erbjuder en balans mellan h\u00e5rdhet, slitstyrka och korrosionsbest\u00e4ndighet. I praktiken h\u00e5ller det en stabil egg, och bladets material och specifikationer matchar dess status som samlarkniv.<\/p>\n<p>Extra l\u00e5ngt blad: Med ett 12,4\u2033 blad och en 6 mm tjock ryggrad ger det en stark huggkraft f\u00f6r att r\u00f6ja djungelbuskage och g\u00f6ra stigar utomhus.<\/p>","protected":false},"featured_media":1436,"comment_status":"open","ping_status":"closed","template":"","meta":{"_acf_changed":false,"inline_featured_image":false,"slim_seo":{"description":"AC031 Long Survival Machete, utseende i samlarklass med stark visuell p\u00e5verkan, nu tillg\u00e4nglig. Klicka f\u00f6r att se mer detaljer","title":"AC031 Long Survival Machete - ACECOLL"}},"product_brand":[],"product_cat":[16],"product_tag":[],"class_list":{"0":"post-1432","1":"product","2":"type-product","3":"status-publish","4":"has-post-thumbnail","6":"product_cat-fixed-blade-knife","8":"first","9":"instock","10":"taxable","11":"shipping-taxable","12":"purchasable","13":"product-type-simple"},"acf":[],"_links":{"self":[{"href":"https:\/\/acecoll.com\/sv\/wp-json\/wp\/v2\/product\/1432","targetHints":{"allow":["GET"]}}],"collection":[{"href":"https:\/\/acecoll.com\/sv\/wp-json\/wp\/v2\/product"}],"about":[{"href":"https:\/\/acecoll.com\/sv\/wp-json\/wp\/v2\/types\/product"}],"replies":[{"embeddable":true,"href":"https:\/\/acecoll.com\/sv\/wp-json\/wp\/v2\/comments?post=1432"}],"version-history":[{"count":3,"href":"https:\/\/acecoll.com\/sv\/wp-json\/wp\/v2\/product\/1432\/revisions"}],"predecessor-version":[{"id":2031,"href":"https:\/\/acecoll.com\/sv\/wp-json\/wp\/v2\/product\/1432\/revisions\/2031"}],"wp:featuredmedia":[{"embeddable":true,"href":"https:\/\/acecoll.com\/sv\/wp-json\/wp\/v2\/media\/1436"}],"wp:attachment":[{"href":"https:\/\/acecoll.com\/sv\/wp-json\/wp\/v2\/media?parent=1432"}],"wp:term":[{"taxonomy":"product_brand","embeddable":true,"href":"https:\/\/acecoll.com\/sv\/wp-json\/wp\/v2\/product_brand?post=1432"},{"taxonomy":"product_cat","embeddable":true,"href":"https:\/\/acecoll.com\/sv\/wp-json\/wp\/v2\/product_cat?post=1432"},{"taxonomy":"product_tag","embeddable":true,"href":"https:\/\/acecoll.com\/sv\/wp-json\/wp\/v2\/product_tag?post=1432"}],"curies":[{"name":"wp","href":"https:\/\/api.w.org\/{rel}","templated":true}]}}