{"id":1456,"date":"2025-11-20T13:32:15","date_gmt":"2025-11-20T13:32:15","guid":{"rendered":"https:\/\/acecoll.com\/?post_type=product&#038;p=1456"},"modified":"2026-04-07T07:15:40","modified_gmt":"2026-04-07T07:15:40","slug":"ac032-kraftig-stor-kukri-machete","status":"publish","type":"product","link":"https:\/\/acecoll.com\/sv\/product\/ac032-kraftig-stor-kukri-machete\/","title":{"rendered":"AC032 Kraftig stor Kukri-machete"},"content":{"rendered":"<p>AC032 \u00e4r en kraftig Kukri Machete utformad f\u00f6r h\u00f6gintensiv hackning och samlingsvisning utomhus.<\/p>\n<p>Hela kniven har en Full Tang-design, vilket s\u00e4kerst\u00e4ller strukturell stabilitet under extremt kr\u00e4vande uppgifter.<\/p>\n<p>Bladet \u00e4r tillverkat av h\u00f6gkvalitativt AUS-10 rostfritt st\u00e5l. Efter v\u00e4rmebehandling stabiliseras h\u00e5rdheten vid 62 HRC, vilket ger \u00f6verl\u00e4gsen sk\u00e4rpa och korrosionsbest\u00e4ndighet.<\/p>\n<p>Handtaget \u00e4r i Wenge-tr\u00e4 och ger ett stadigt grepp och absorberar st\u00f6tar fr\u00e5n hacket.<\/p>\n<p>Fodralet \u00e4r ocks\u00e5 specialtillverkat av Wenge-tr\u00e4 och har b\u00e5de en skyddande funktion och en visningsfunktion.<\/p>\n<p>Tjockleken p\u00e5 6 mm i kombination med knivens tunga massa och Kukri-profilens viktf\u00f6rdel g\u00f6r att AC032 kan generera extrem kinetisk energi f\u00f6r huggning. Detta g\u00f6r att den effektivt kan hantera uppgifter som sp\u00e5rr\u00f6jning och vedklyvning.<\/p>\n<p>Samtidigt ger dess f\u00f6rstklassiga material och hantverk, tillsammans med dess imponerande utseende och design, den ett distinkt v\u00e4rde som ett avancerat samlarf\u00f6rem\u00e5l.<\/p>","protected":false},"excerpt":{"rendered":"<p>Samlingsobjekt med h\u00f6g prestanda Den massiva storleken p\u00e5 460 mm (18 tum), i kombination med ett uts\u00f6kt handtag i Wenge-tr\u00e4 och en specialtillverkad tr\u00e4slida, skapar ett f\u00f6rstklassigt och imponerande utseende. Ut\u00f6ver att vara ett robust \u00f6verlevnadsverktyg \u00e4r det ett utst\u00e4llningsf\u00f6rem\u00e5l f\u00f6r kniventusiaster, perfekt f\u00f6r samlingar eller som g\u00e5va.<\/p>\n<p>Premium st\u00e5lkvalitet H\u00f6gkvalitativt AUS-10 rostfritt st\u00e5l v\u00e4rmebehandlat till 62 HRC. det ger utm\u00e4rkt korrosionsbest\u00e4ndighet och exceptionell sk\u00e4rpa.<\/p>\n<p>6 mm tjocklek och ultimat huggkraft Den 6 mm extra tjocka ryggraden och 866 g (1,9 lbs) vikt, i kombination med den fram\u00e5tviktade Kukri-profilen, genererar ett massivt momentum med minimal anstr\u00e4ngning. Perfekt f\u00f6r djungelr\u00f6jning, vedhuggning och taktiska genombrytningsuppgifter.<\/p>\n<p>Robust Full Tang-konstruktion Med en integrerad Full Tang-konstruktion f\u00f6r att s\u00e4kerst\u00e4lla strukturell integritet \u00e4ven under extrema p\u00e5frestningar. Handtaget i massivt tr\u00e4 ger ett s\u00e4kert grepp och d\u00e4mpar effektivt st\u00f6tar vid kraftiga huggningar.<\/p>","protected":false},"featured_media":1461,"comment_status":"open","ping_status":"closed","template":"","meta":{"_acf_changed":false,"inline_featured_image":false,"slim_seo":{"description":"AC032 Kraftig stor Kukri Machete: Samlarobjekt i estetiskt utf\u00f6rande med tr\u00e4slida. Uppfyller taktiska \u00f6verlevnads- och visningskrav. Nu tillg\u00e4nglig, klicka f\u00f6r detaljer!","title":"AC032 Heavy Duty Large Kukri Machete - ACECOLL"}},"product_brand":[],"product_cat":[16,17,26],"product_tag":[],"class_list":{"0":"post-1456","1":"product","2":"type-product","3":"status-publish","4":"has-post-thumbnail","6":"product_cat-fixed-blade-knife","7":"product_cat-full-tang-knives","8":"product_cat-kukri-style-knives","10":"first","11":"instock","12":"taxable","13":"shipping-taxable","14":"purchasable","15":"product-type-simple"},"acf":[],"_links":{"self":[{"href":"https:\/\/acecoll.com\/sv\/wp-json\/wp\/v2\/product\/1456","targetHints":{"allow":["GET"]}}],"collection":[{"href":"https:\/\/acecoll.com\/sv\/wp-json\/wp\/v2\/product"}],"about":[{"href":"https:\/\/acecoll.com\/sv\/wp-json\/wp\/v2\/types\/product"}],"replies":[{"embeddable":true,"href":"https:\/\/acecoll.com\/sv\/wp-json\/wp\/v2\/comments?post=1456"}],"version-history":[{"count":4,"href":"https:\/\/acecoll.com\/sv\/wp-json\/wp\/v2\/product\/1456\/revisions"}],"predecessor-version":[{"id":2032,"href":"https:\/\/acecoll.com\/sv\/wp-json\/wp\/v2\/product\/1456\/revisions\/2032"}],"wp:featuredmedia":[{"embeddable":true,"href":"https:\/\/acecoll.com\/sv\/wp-json\/wp\/v2\/media\/1461"}],"wp:attachment":[{"href":"https:\/\/acecoll.com\/sv\/wp-json\/wp\/v2\/media?parent=1456"}],"wp:term":[{"taxonomy":"product_brand","embeddable":true,"href":"https:\/\/acecoll.com\/sv\/wp-json\/wp\/v2\/product_brand?post=1456"},{"taxonomy":"product_cat","embeddable":true,"href":"https:\/\/acecoll.com\/sv\/wp-json\/wp\/v2\/product_cat?post=1456"},{"taxonomy":"product_tag","embeddable":true,"href":"https:\/\/acecoll.com\/sv\/wp-json\/wp\/v2\/product_tag?post=1456"}],"curies":[{"name":"wp","href":"https:\/\/api.w.org\/{rel}","templated":true}]}}