{"id":1481,"date":"2025-11-20T13:47:11","date_gmt":"2025-11-20T13:47:11","guid":{"rendered":"https:\/\/acecoll.com\/?post_type=product&#038;p=1481"},"modified":"2026-04-07T09:38:19","modified_gmt":"2026-04-07T09:38:19","slug":"ac035-lang-rak-taktisk-overlevnadsmachete","status":"publish","type":"product","link":"https:\/\/acecoll.com\/sv\/product\/ac035-lang-rak-taktisk-overlevnadsmachete\/","title":{"rendered":"AC035 L\u00e5ng rak taktisk \u00f6verlevnadsmachete"},"content":{"rendered":"<p>AC035 \u00e4r en extremt slitstark l\u00e5ng rak taktisk machete. Den h\u00e4r kniven har en robust konstruktion och exceptionell prestanda som g\u00f6r att den inte bara kan samlas och visas upp.<\/p>\n<p>Den h\u00e4pnadsv\u00e4ckande bladtjockleken p\u00e5 8 mm och Full-Tang-strukturen garanterar kraftiga hugg och extrema \u00f6verlevnadsegenskaper utomhus.<\/p>\n<p>Bladet \u00e4r tillverkat av avancerat T440 Powder Steel. Det h\u00e4r \u00e4r ett premiumst\u00e5l som ger \u00f6verl\u00e4gsen h\u00f6g h\u00e5rdhet, slitstyrka och korrosionsbest\u00e4ndighet. Det garanterar en l\u00e5ngvarig sk\u00e4rpa.<\/p>\n<p>Handtaget \u00e4r tillverkat av utvalt tr\u00e4material. Det ger ett solitt, p\u00e5litligt grepp och \u00e5terspeglar den resoluta karakt\u00e4ren hos en klassisk stridskniv.<\/p>\n<p>Den levereras med en anpassad, h\u00f6gkvalitativ l\u00e4derslida. Detta h\u00f6jer avsev\u00e4rt AC035:s samlingsv\u00e4rde och allm\u00e4nna prestige. Slidan g\u00f6r den ocks\u00e5 l\u00e4tt att b\u00e4ra f\u00f6r buskr\u00f6jning eller \u00f6verlevnadsuppgifter utomhus.<\/p>","protected":false},"excerpt":{"rendered":"<p>Ultra-t\u00e5lig konstruktion och prestanda: Bladet har en tjocklek p\u00e5 8 mm, vilket ger o\u00f6vertr\u00e4ffad robusthet och slagt\u00e5lighet som \u00f6vertr\u00e4ffar standardspecifikationerna f\u00f6r macheter. Full-Tang-konstruktionen garanterar exceptionell prestanda vid extrema hugg- och f\u00e4ltarbeten.<br \/>\nBlad i T440-pulverst\u00e5l: Tillverkat av det avancerade T440 Powder Steel. Detta \u00e4r ett premiumst\u00e5l som kombinerar h\u00f6g h\u00e5rdhet, \u00f6verl\u00e4gsen slitstyrka och tillf\u00f6rlitlig korrosionsbest\u00e4ndighet, vilket ger en utm\u00e4rkt och l\u00e5ngvarig eggh\u00e5llning.<br \/>\nL\u00e5ng rak taktisk design: Har ett 410 mm (16,14 tum) l\u00e5ngt rakt blad och en unik s\u00e5grygg med dubbla funktioner. Det integrerar hacknings-, delnings- och sk\u00e4rfunktioner, utformade f\u00f6r taktisk \u00f6verlevnad och tung r\u00f6jning utomhus.<br \/>\nMaterial och hantverk f\u00f6r samlarobjekt: AC035 uppn\u00e5r ett h\u00f6gt samlar- och visningsv\u00e4rde genom att balansera nytta och estetik. Detta framg\u00e5r tydligt av det h\u00f6gpresterande st\u00e5let, det utvalda tr\u00e4handtaget (som ger ett stadigt grepp) och den \u00f6vergripande premiumfinishen och hantverket.<\/p>","protected":false},"featured_media":1482,"comment_status":"open","ping_status":"closed","template":"","meta":{"_acf_changed":false,"inline_featured_image":false,"slim_seo":{"description":"AC035 L\u00e5ng taktisk \u00f6verlevnadsmachete: L\u00e4mplig f\u00f6r premiumkollektion, tillsammans med extrem bushcraft och tung r\u00f6jning. Nu helt sl\u00e4ppt. Uppt\u00e4ck prestandan.","title":"AC035 Long Straight Tactical Survival Machete - ACECOLL"}},"product_brand":[],"product_cat":[16,17,18],"product_tag":[],"class_list":{"0":"post-1481","1":"product","2":"type-product","3":"status-publish","4":"has-post-thumbnail","6":"product_cat-fixed-blade-knife","7":"product_cat-full-tang-knives","8":"product_cat-survival-knives","10":"first","11":"instock","12":"taxable","13":"shipping-taxable","14":"purchasable","15":"product-type-simple"},"acf":[],"_links":{"self":[{"href":"https:\/\/acecoll.com\/sv\/wp-json\/wp\/v2\/product\/1481","targetHints":{"allow":["GET"]}}],"collection":[{"href":"https:\/\/acecoll.com\/sv\/wp-json\/wp\/v2\/product"}],"about":[{"href":"https:\/\/acecoll.com\/sv\/wp-json\/wp\/v2\/types\/product"}],"replies":[{"embeddable":true,"href":"https:\/\/acecoll.com\/sv\/wp-json\/wp\/v2\/comments?post=1481"}],"version-history":[{"count":4,"href":"https:\/\/acecoll.com\/sv\/wp-json\/wp\/v2\/product\/1481\/revisions"}],"predecessor-version":[{"id":2039,"href":"https:\/\/acecoll.com\/sv\/wp-json\/wp\/v2\/product\/1481\/revisions\/2039"}],"wp:featuredmedia":[{"embeddable":true,"href":"https:\/\/acecoll.com\/sv\/wp-json\/wp\/v2\/media\/1482"}],"wp:attachment":[{"href":"https:\/\/acecoll.com\/sv\/wp-json\/wp\/v2\/media?parent=1481"}],"wp:term":[{"taxonomy":"product_brand","embeddable":true,"href":"https:\/\/acecoll.com\/sv\/wp-json\/wp\/v2\/product_brand?post=1481"},{"taxonomy":"product_cat","embeddable":true,"href":"https:\/\/acecoll.com\/sv\/wp-json\/wp\/v2\/product_cat?post=1481"},{"taxonomy":"product_tag","embeddable":true,"href":"https:\/\/acecoll.com\/sv\/wp-json\/wp\/v2\/product_tag?post=1481"}],"curies":[{"name":"wp","href":"https:\/\/api.w.org\/{rel}","templated":true}]}}