{"id":1726,"date":"2025-12-10T09:31:49","date_gmt":"2025-12-10T09:31:49","guid":{"rendered":"https:\/\/acecoll.com\/?post_type=product&#038;p=1726"},"modified":"2025-12-10T11:29:32","modified_gmt":"2025-12-10T11:29:32","slug":"af007-spjutspets-fallkniv","status":"publish","type":"product","link":"https:\/\/acecoll.com\/sv\/product\/af007-spjutspets-fallkniv\/","title":{"rendered":"AF007 Spjutspets f\u00e4llkniv"},"content":{"rendered":"","protected":false},"excerpt":{"rendered":"<p>Anv\u00e4ndbar design: Designen \u00e4r dj\u00e4rv och minimalistisk, med ett str\u00f6mlinjeformat blad i kombination med ett khakif\u00e4rgat handtag, som uppfyller din \u00f6nskan om ett h\u00f6gpresterande verktyg.<\/p>\n<p>Bladmaterial av h\u00f6gsta kvalitet: Tillverkat av D2 verktygsst\u00e5l med h\u00f6g kolhalt som ger utm\u00e4rkt eggh\u00e5llning och slitstyrka. S\u00e4kerst\u00e4ller att bladet f\u00f6rblir h\u00e5llbart och tillf\u00f6rlitligt under sk\u00e4rande uppgifter.<\/p>\n<p>Bekv\u00e4mt grepp: Handtaget ger ett bekv\u00e4mt grepp och s\u00e4kerst\u00e4ller stabilitet, halkskydd och ett fast grepp, vilket g\u00f6r det till ett p\u00e5litligt EDC-verktyg.<\/p>","protected":false},"featured_media":1733,"comment_status":"open","ping_status":"closed","template":"","meta":{"_acf_changed":false,"inline_featured_image":false,"slim_seo":{"title":"AF007 Spear Point Folding Knife - ACECOLL","description":"Anv\u00e4ndbar design: Designen \u00e4r dj\u00e4rv och minimalistisk, med ett str\u00f6mlinjeformat blad parat med ett khakif\u00e4rgat handtag, vilket uppfyller din \u00f6nskan om utseendet p\u00e5 en h\u00f6gpresterande"}},"product_brand":[],"product_cat":[66,65],"product_tag":[],"class_list":{"0":"post-1726","1":"product","2":"type-product","3":"status-publish","4":"has-post-thumbnail","6":"product_cat-edc-knives","7":"product_cat-folding-knife","9":"first","10":"instock","11":"taxable","12":"shipping-taxable","13":"purchasable","14":"product-type-simple"},"acf":[],"_links":{"self":[{"href":"https:\/\/acecoll.com\/sv\/wp-json\/wp\/v2\/product\/1726","targetHints":{"allow":["GET"]}}],"collection":[{"href":"https:\/\/acecoll.com\/sv\/wp-json\/wp\/v2\/product"}],"about":[{"href":"https:\/\/acecoll.com\/sv\/wp-json\/wp\/v2\/types\/product"}],"replies":[{"embeddable":true,"href":"https:\/\/acecoll.com\/sv\/wp-json\/wp\/v2\/comments?post=1726"}],"version-history":[{"count":4,"href":"https:\/\/acecoll.com\/sv\/wp-json\/wp\/v2\/product\/1726\/revisions"}],"predecessor-version":[{"id":1738,"href":"https:\/\/acecoll.com\/sv\/wp-json\/wp\/v2\/product\/1726\/revisions\/1738"}],"wp:featuredmedia":[{"embeddable":true,"href":"https:\/\/acecoll.com\/sv\/wp-json\/wp\/v2\/media\/1733"}],"wp:attachment":[{"href":"https:\/\/acecoll.com\/sv\/wp-json\/wp\/v2\/media?parent=1726"}],"wp:term":[{"taxonomy":"product_brand","embeddable":true,"href":"https:\/\/acecoll.com\/sv\/wp-json\/wp\/v2\/product_brand?post=1726"},{"taxonomy":"product_cat","embeddable":true,"href":"https:\/\/acecoll.com\/sv\/wp-json\/wp\/v2\/product_cat?post=1726"},{"taxonomy":"product_tag","embeddable":true,"href":"https:\/\/acecoll.com\/sv\/wp-json\/wp\/v2\/product_tag?post=1726"}],"curies":[{"name":"wp","href":"https:\/\/api.w.org\/{rel}","templated":true}]}}