{"id":1940,"date":"2026-01-05T14:01:53","date_gmt":"2026-01-05T14:01:53","guid":{"rendered":"https:\/\/acecoll.com\/?post_type=product&#038;p=1940"},"modified":"2026-04-08T13:53:32","modified_gmt":"2026-04-08T13:53:32","slug":"ac036-display-grade-lang-kniv-med-fast-blad","status":"publish","type":"product","link":"https:\/\/acecoll.com\/sv\/product\/ac036-display-grade-lang-kniv-med-fast-blad\/","title":{"rendered":"AC036 Display-Grade l\u00e5ng kniv med fast blad"},"content":{"rendered":"<p>AC036 Display-Grade Collector's Long Fixed Blade Knife har en rak, ren bladprofil med ett raffinerat, minimalistiskt utseende. Den \u00e4r smidd av AUS-10-st\u00e5l och f\u00f6rsedd med en l\u00e4derslida och \u00e4r utformad f\u00f6r samling och visning.<\/p>","protected":false},"excerpt":{"rendered":"<ul>\n<li>Rak, ren och l\u00e5ng bladprofil<\/li>\n<li>Smidd av AUS-10 st\u00e5l<\/li>\n<li>Inkluderar l\u00e4derslida<\/li>\n<li>L\u00e4mplig f\u00f6r samling och visning<\/li>\n<\/ul>","protected":false},"featured_media":2052,"comment_status":"open","ping_status":"closed","template":"","meta":{"_acf_changed":false,"inline_featured_image":false,"slim_seo":{"description":"AC036 Display-Grade Collector's Long Fixed Blade Knife smidd av AUS-10-st\u00e5l med rak bladprofil. Inklusive l\u00e4derslida, Klicka f\u00f6r mer information!","title":"AC036 Display-Grade Long Fixed Blade Knife - ACECOLL"}},"product_brand":[],"product_cat":[16],"product_tag":[],"class_list":{"0":"post-1940","1":"product","2":"type-product","3":"status-publish","4":"has-post-thumbnail","6":"product_cat-fixed-blade-knife","8":"first","9":"instock","10":"taxable","11":"shipping-taxable","12":"purchasable","13":"product-type-simple"},"acf":[],"_links":{"self":[{"href":"https:\/\/acecoll.com\/sv\/wp-json\/wp\/v2\/product\/1940","targetHints":{"allow":["GET"]}}],"collection":[{"href":"https:\/\/acecoll.com\/sv\/wp-json\/wp\/v2\/product"}],"about":[{"href":"https:\/\/acecoll.com\/sv\/wp-json\/wp\/v2\/types\/product"}],"replies":[{"embeddable":true,"href":"https:\/\/acecoll.com\/sv\/wp-json\/wp\/v2\/comments?post=1940"}],"version-history":[{"count":7,"href":"https:\/\/acecoll.com\/sv\/wp-json\/wp\/v2\/product\/1940\/revisions"}],"predecessor-version":[{"id":2060,"href":"https:\/\/acecoll.com\/sv\/wp-json\/wp\/v2\/product\/1940\/revisions\/2060"}],"wp:featuredmedia":[{"embeddable":true,"href":"https:\/\/acecoll.com\/sv\/wp-json\/wp\/v2\/media\/2052"}],"wp:attachment":[{"href":"https:\/\/acecoll.com\/sv\/wp-json\/wp\/v2\/media?parent=1940"}],"wp:term":[{"taxonomy":"product_brand","embeddable":true,"href":"https:\/\/acecoll.com\/sv\/wp-json\/wp\/v2\/product_brand?post=1940"},{"taxonomy":"product_cat","embeddable":true,"href":"https:\/\/acecoll.com\/sv\/wp-json\/wp\/v2\/product_cat?post=1940"},{"taxonomy":"product_tag","embeddable":true,"href":"https:\/\/acecoll.com\/sv\/wp-json\/wp\/v2\/product_tag?post=1940"}],"curies":[{"name":"wp","href":"https:\/\/api.w.org\/{rel}","templated":true}]}}