{"id":2087,"date":"2026-04-14T02:58:42","date_gmt":"2026-04-14T02:58:42","guid":{"rendered":"https:\/\/acecoll.com\/?post_type=product&#038;p=2087"},"modified":"2026-04-14T02:58:44","modified_gmt":"2026-04-14T02:58:44","slug":"ac041-collector-grade-full-tang-outdoor-machete","status":"publish","type":"product","link":"https:\/\/acecoll.com\/sv\/product\/ac041-collector-grade-full-tang-outdoor-machete\/","title":{"rendered":"AC041 Collector-Grade Full-Tang Machete f\u00f6r utomhusbruk"},"content":{"rendered":"<p>AC041 \u00e4r en full-tang machete som balanserar utomhusanv\u00e4ndning med konstn\u00e4rligt samlingsv\u00e4rde. Hela bladet \u00e4r smidd av AS-10-st\u00e5l, och full-tang-konstruktionen s\u00e4kerst\u00e4ller exceptionell strukturell integritet och l\u00e5ngsiktig bevarandestabilitet.<\/p>\n<p>Med en total l\u00e4ngd p\u00e5 48,5 cm (19,1 in) \u00e4r profilen v\u00e4lproportionerad och kraftfull, och visar upp den unika strukturella estetiken hos kalla vapen. Bladet p\u00e5 33,5 cm (13,2 in) \u00e4r precisionsslipat f\u00f6r att s\u00e4kerst\u00e4lla utm\u00e4rkt sk\u00e4rpa och h\u00e5llbarhet. Handtaget \u00e4r tillverkat av noggrant polerat massivt tr\u00e4, vilket ger ett fast och naturligt grepp som inte bara ger en bekv\u00e4m anv\u00e4ndarupplevelse utan ocks\u00e5 utvecklar en unik tr\u00e4struktur med tiden.<\/p>\n<p>F\u00f6r att ytterligare f\u00f6rst\u00e4rka samlaregenskaperna \u00e4r produkten specialutrustad med en specialdesignad slida i pr\u00e4glat l\u00e4der. I kombination med ett integrerat remsystem kan den enkelt b\u00e4ras p\u00e5 ryggen.<\/p>\n<p>Med sina solida material och sitt uts\u00f6kta tillverkningshantverk \u00e4r AC041 b\u00e5de ett h\u00f6gpresterande utomhusverktyg och ett samlarobjekt med betydande visuell n\u00e4rvaro.<\/p>","protected":false},"excerpt":{"rendered":"<p>Full-tang construction, ensuring the structural integrity and stability of the blade.<br \/>\nAS-10 steel is durable, with a sharp and long-lasting edge.<br \/>\nEquipped with a carefully polished solid wood handle for a solid and natural grip.<br \/>\nCrafted embossed leather sheath, can be carried on the back.<br \/>\nWith solid materials and exquisite manufacturing craftsmanship, it balances outdoor utility with collection value.<\/p>","protected":false},"featured_media":2089,"comment_status":"open","ping_status":"closed","template":"","meta":{"_acf_changed":false,"inline_featured_image":false,"slim_seo":{"title":"AC041 Collector-Grade Full-Tang Outdoor Machete - ACECOLL","description":"AC041 Collector-Grade Full-Tang Outdoor Machete. Forged from AS-10 steel with an embossed back-carry leather sheath. Perfect for both outdoor utility and high-end collection"}},"product_brand":[],"product_cat":[16,17,18],"product_tag":[],"class_list":{"0":"post-2087","1":"product","2":"type-product","3":"status-publish","4":"has-post-thumbnail","6":"product_cat-fixed-blade-knife","7":"product_cat-full-tang-knives","8":"product_cat-survival-knives","10":"first","11":"instock","12":"taxable","13":"shipping-taxable","14":"purchasable","15":"product-type-simple"},"acf":[],"_links":{"self":[{"href":"https:\/\/acecoll.com\/sv\/wp-json\/wp\/v2\/product\/2087","targetHints":{"allow":["GET"]}}],"collection":[{"href":"https:\/\/acecoll.com\/sv\/wp-json\/wp\/v2\/product"}],"about":[{"href":"https:\/\/acecoll.com\/sv\/wp-json\/wp\/v2\/types\/product"}],"replies":[{"embeddable":true,"href":"https:\/\/acecoll.com\/sv\/wp-json\/wp\/v2\/comments?post=2087"}],"version-history":[{"count":1,"href":"https:\/\/acecoll.com\/sv\/wp-json\/wp\/v2\/product\/2087\/revisions"}],"predecessor-version":[{"id":2097,"href":"https:\/\/acecoll.com\/sv\/wp-json\/wp\/v2\/product\/2087\/revisions\/2097"}],"wp:featuredmedia":[{"embeddable":true,"href":"https:\/\/acecoll.com\/sv\/wp-json\/wp\/v2\/media\/2089"}],"wp:attachment":[{"href":"https:\/\/acecoll.com\/sv\/wp-json\/wp\/v2\/media?parent=2087"}],"wp:term":[{"taxonomy":"product_brand","embeddable":true,"href":"https:\/\/acecoll.com\/sv\/wp-json\/wp\/v2\/product_brand?post=2087"},{"taxonomy":"product_cat","embeddable":true,"href":"https:\/\/acecoll.com\/sv\/wp-json\/wp\/v2\/product_cat?post=2087"},{"taxonomy":"product_tag","embeddable":true,"href":"https:\/\/acecoll.com\/sv\/wp-json\/wp\/v2\/product_tag?post=2087"}],"curies":[{"name":"wp","href":"https:\/\/api.w.org\/{rel}","templated":true}]}}