{"id":2135,"date":"2026-05-12T03:17:23","date_gmt":"2026-05-12T03:17:23","guid":{"rendered":"https:\/\/acecoll.com\/?post_type=product&#038;p=2135"},"modified":"2026-05-12T03:25:21","modified_gmt":"2026-05-12T03:25:21","slug":"acm01-mid-size-drop-point-kniv-med-fast-blad","status":"publish","type":"product","link":"https:\/\/acecoll.com\/sv\/product\/acm01-mid-size-drop-point-kniv-med-fast-blad\/","title":{"rendered":"ACM01 Mid-Size Drop Point Kniv med fast blad"},"content":{"rendered":"<p>ACM01 Mid-Size Drop Point Fixed Blade Knife \u00e4r en mellanstor kniv med fast blad och full t\u00e5nge, skiktade G10-handtagsskalor och en Kydex-slida. Designad med en klassisk profil f\u00f6r daglig anv\u00e4ndning utomhus och i samlingar.<\/p>","protected":false},"excerpt":{"rendered":"<ul>\n<li>Bekv\u00e4mt handtagsgrepp med snyggt utseende<\/li>\n<li>Kydex-slida f\u00f6r bekv\u00e4m b\u00e4rning och snabb \u00e5tkomst<\/li>\n<li>Full tang-konstruktion<\/li>\n<li>Klassisk profil<\/li>\n<\/ul>","protected":false},"featured_media":2131,"comment_status":"open","ping_status":"closed","template":"","meta":{"_acf_changed":false,"inline_featured_image":false,"slim_seo":{"description":"ACM01 \u00e4r en kniv med fast blad och full t\u00e5nge, skiktade G10-handtagsskalor och en Kydex-slida. Designad med en klassisk profil f\u00f6r daglig anv\u00e4ndning utomhus och i samlingar.","title":"ACM01 Mid-Size Drop Point Fixed Blade Knife - ACECOLL"}},"product_brand":[],"product_cat":[16],"product_tag":[],"class_list":{"0":"post-2135","1":"product","2":"type-product","3":"status-publish","4":"has-post-thumbnail","6":"product_cat-fixed-blade-knife","8":"first","9":"instock","10":"taxable","11":"shipping-taxable","12":"purchasable","13":"product-type-simple"},"acf":[],"_links":{"self":[{"href":"https:\/\/acecoll.com\/sv\/wp-json\/wp\/v2\/product\/2135","targetHints":{"allow":["GET"]}}],"collection":[{"href":"https:\/\/acecoll.com\/sv\/wp-json\/wp\/v2\/product"}],"about":[{"href":"https:\/\/acecoll.com\/sv\/wp-json\/wp\/v2\/types\/product"}],"replies":[{"embeddable":true,"href":"https:\/\/acecoll.com\/sv\/wp-json\/wp\/v2\/comments?post=2135"}],"version-history":[{"count":3,"href":"https:\/\/acecoll.com\/sv\/wp-json\/wp\/v2\/product\/2135\/revisions"}],"predecessor-version":[{"id":2139,"href":"https:\/\/acecoll.com\/sv\/wp-json\/wp\/v2\/product\/2135\/revisions\/2139"}],"wp:featuredmedia":[{"embeddable":true,"href":"https:\/\/acecoll.com\/sv\/wp-json\/wp\/v2\/media\/2131"}],"wp:attachment":[{"href":"https:\/\/acecoll.com\/sv\/wp-json\/wp\/v2\/media?parent=2135"}],"wp:term":[{"taxonomy":"product_brand","embeddable":true,"href":"https:\/\/acecoll.com\/sv\/wp-json\/wp\/v2\/product_brand?post=2135"},{"taxonomy":"product_cat","embeddable":true,"href":"https:\/\/acecoll.com\/sv\/wp-json\/wp\/v2\/product_cat?post=2135"},{"taxonomy":"product_tag","embeddable":true,"href":"https:\/\/acecoll.com\/sv\/wp-json\/wp\/v2\/product_tag?post=2135"}],"curies":[{"name":"wp","href":"https:\/\/api.w.org\/{rel}","templated":true}]}}