{"id":219,"date":"2025-10-28T07:38:40","date_gmt":"2025-10-28T07:38:40","guid":{"rendered":"https:\/\/acecoll.com\/?post_type=product&#038;p=219"},"modified":"2025-11-12T16:29:18","modified_gmt":"2025-11-12T16:29:18","slug":"af004-medium-tanto-taktisk-overlevnadskniv","status":"publish","type":"product","link":"https:\/\/acecoll.com\/sv\/product\/af004-medium-tanto-taktisk-overlevnadskniv\/","title":{"rendered":"AC004 Medium Tanto Taktisk &amp; \u00f6verlevnadskniv"},"content":{"rendered":"<p>ACECOLL AC004, byggd f\u00f6r utforskning utomhus och anv\u00e4ndning f\u00f6r flera \u00e4ndam\u00e5l. Bladet \u00e4r tillverkat av SKD-11-st\u00e5l och har en handgjord satintv\u00e4tt som \u00e4r b\u00e5de attraktiv och praktisk.<\/p>\n<p>Fulltangskonstruktion med ett ergonomiskt G10-antisliphandtag ger ett stabilt och tillf\u00f6rlitligt grepp, \u00e4ven vid v\u00e5t eller tung anv\u00e4ndning.<\/p>\n<p>Den justerbara Kydex-slidan med ett h\u00e5l f\u00f6r nyckelband i handtags\u00e4nden g\u00f6r den enkel att f\u00f6rvara och b\u00e4ra, oavsett om det \u00e4r p\u00e5 b\u00e4ltet eller i ryggs\u00e4cken.<\/p>\n<p>Oavsett om det g\u00e4ller camping, vandring, bushcraft eller andra utomhus\u00e4ventyr \u00e4r AC004 en p\u00e5litlig f\u00f6ljeslagare.<\/p>","protected":false},"excerpt":{"rendered":"<p>Professionell bladdesign: 8,46-tums Tanto-blad med en handfinishad satin tv\u00e4tt. 6 mm tjockt, kombinerar sk\u00e4rande, genomtr\u00e4ngande och hackande prestanda f\u00f6r olika utomhusuppgifter.<\/p>\n<p>Premiumst\u00e5l: Handsmitt SKD-11-st\u00e5l med en h\u00e5rdhet p\u00e5 61 HRC. Vassa, h\u00e5llbara och motst\u00e5ndskraftiga mot slitage och korrosion.<\/p>\n<p>Konstruktion med full t\u00e5nge: Bladdesign i ett stycke kombinerat med ett halkfritt G10-handtag f\u00f6r ett stabilt och s\u00e4kert grepp.<\/p>\n<p>Fodral i Kydex: Svart och r\u00f6tt justerbart fodral, st\u00f6djer flera b\u00e4rvinklar, bekv\u00e4mt att f\u00e4sta i b\u00e4lte eller ryggs\u00e4ck.<\/p>\n<p>M\u00e5ngsidig anv\u00e4ndning: L\u00e4mplig f\u00f6r camping, vandring och \u00f6verlevnadsaktiviteter i djungeln.<\/p>","protected":false},"featured_media":249,"comment_status":"open","ping_status":"closed","template":"","meta":{"_acf_changed":false,"inline_featured_image":false,"slim_seo":{"description":"AC004 Tanto Tactical Survival Knife, handsmidd SKD-11 st\u00e5l, satin tv\u00e4ttat blad, full tang, G10 handtag, Kydex slida. Idealisk f\u00f6r camping, vandring och bushcraft. Handla nu f\u00f6r att l\u00e4ra dig mer.","title":"AC004 Medium Tanto Tactical & Survival Knife - ACECOLL"}},"product_brand":[],"product_cat":[16,18,19,21],"product_tag":[],"class_list":{"0":"post-219","1":"product","2":"type-product","3":"status-publish","4":"has-post-thumbnail","6":"product_cat-fixed-blade-knife","7":"product_cat-survival-knives","8":"product_cat-tactical-knives","9":"product_cat-tanto-knives","11":"first","12":"instock","13":"taxable","14":"shipping-taxable","15":"purchasable","16":"product-type-simple"},"acf":[],"_links":{"self":[{"href":"https:\/\/acecoll.com\/sv\/wp-json\/wp\/v2\/product\/219","targetHints":{"allow":["GET"]}}],"collection":[{"href":"https:\/\/acecoll.com\/sv\/wp-json\/wp\/v2\/product"}],"about":[{"href":"https:\/\/acecoll.com\/sv\/wp-json\/wp\/v2\/types\/product"}],"replies":[{"embeddable":true,"href":"https:\/\/acecoll.com\/sv\/wp-json\/wp\/v2\/comments?post=219"}],"version-history":[{"count":4,"href":"https:\/\/acecoll.com\/sv\/wp-json\/wp\/v2\/product\/219\/revisions"}],"predecessor-version":[{"id":1221,"href":"https:\/\/acecoll.com\/sv\/wp-json\/wp\/v2\/product\/219\/revisions\/1221"}],"wp:featuredmedia":[{"embeddable":true,"href":"https:\/\/acecoll.com\/sv\/wp-json\/wp\/v2\/media\/249"}],"wp:attachment":[{"href":"https:\/\/acecoll.com\/sv\/wp-json\/wp\/v2\/media?parent=219"}],"wp:term":[{"taxonomy":"product_brand","embeddable":true,"href":"https:\/\/acecoll.com\/sv\/wp-json\/wp\/v2\/product_brand?post=219"},{"taxonomy":"product_cat","embeddable":true,"href":"https:\/\/acecoll.com\/sv\/wp-json\/wp\/v2\/product_cat?post=219"},{"taxonomy":"product_tag","embeddable":true,"href":"https:\/\/acecoll.com\/sv\/wp-json\/wp\/v2\/product_tag?post=219"}],"curies":[{"name":"wp","href":"https:\/\/api.w.org\/{rel}","templated":true}]}}