{"id":220,"date":"2025-10-28T07:38:40","date_gmt":"2025-10-28T07:38:40","guid":{"rendered":"https:\/\/acecoll.com\/?post_type=product&#038;p=220"},"modified":"2026-02-11T07:19:06","modified_gmt":"2026-02-11T07:19:06","slug":"af005-overlevnadskniv-bowie-silver-95x18-vanadiumstal","status":"publish","type":"product","link":"https:\/\/acecoll.com\/sv\/product\/af005-overlevnadskniv-bowie-silver-95x18-vanadiumstal\/","title":{"rendered":"AC005 Bowie-kniv med full t\u00e5nge"},"content":{"rendered":"<p>ACECOLL \u00e4r en Bowie-kniv som \u00e4r byggd f\u00f6r utomhus\u00e4ventyr och kr\u00e4vande uppgifter:<\/p>\n<p>Den m\u00e4ter 13,39 tum i total l\u00e4ngd, med ett 8,46-tums blad och en 6 mm tjock rygg. Den klarar av att hugga ved, kapa och hantera vardagliga utomhusuppgifter med l\u00e4tthet.<\/p>\n<p>Fulltangentkonstruktion med tre genomg\u00e5ende nitar p\u00e5 handtaget f\u00f6rb\u00e4ttrar ytterligare den totala styrkan och tillf\u00f6rlitligheten.<\/p>\n<p>Det svarta tr\u00e4handtaget har en konkav halkskyddande struktur som ger ett bekv\u00e4mt och s\u00e4kert grepp, \u00e4ven i v\u00e5ta milj\u00f6er eller vid intensiv anv\u00e4ndning.<\/p>\n<p>Levereras med ett t\u00e5ligt men l\u00e4ttviktigt fodral i svart l\u00e4der med b\u00e4ltes\u00f6gla. Den kan b\u00e4ras vertikalt i midjan f\u00f6r att vara l\u00e4tt att b\u00e4ra och snabbt komma \u00e5t.<\/p>\n<p>Oavsett om det g\u00e4ller camping, vandring, bushcraft eller andra utomhus\u00e4ventyr \u00e4r AC005 en praktisk Bowie-kniv som du kan lita p\u00e5.<\/p>","protected":false},"excerpt":{"rendered":"<p>Premiumst\u00e5l: Handsmitt 95\u00d718 vanadinst\u00e5l med h\u00f6g h\u00e5rdhet och utm\u00e4rkt slitstyrka, vilket ger enast\u00e5ende sk\u00e4rpa och h\u00e5llbarhet.<br \/>\nFulltandad konstruktion: Bladkonstruktion i ett stycke med tre genomg\u00e5ende nitar f\u00f6r \u00f6kad stabilitet och tillf\u00f6rlitlighet.<br \/>\nErgonomiskt handtag: Handtag i svart micartatr\u00e4 med konkav halkskyddande struktur som ger ett fast grepp \u00e4ven i v\u00e5ta milj\u00f6er eller vid tung anv\u00e4ndning.<br \/>\nFodral i l\u00e4der: Slitstark och l\u00e4ttviktig slida med b\u00e4ltes\u00f6gla, l\u00e4tt att b\u00e4ra och ger snabb \u00e5tkomst.<br \/>\nM\u00e5ngsidig anv\u00e4ndning: Perfekt f\u00f6r camping, vandring, vedhuggning, \u00f6verlevnadsn\u00f6dl\u00e4gen eller andra utomhus\u00e4ventyr. En p\u00e5litlig f\u00f6ljeslagare f\u00f6r utomhusaktiviteter.<\/p>","protected":false},"featured_media":255,"comment_status":"open","ping_status":"closed","template":"","meta":{"_acf_changed":false,"inline_featured_image":false,"slim_seo":{"description":"AC005 Stor Bowie-kniv med full t\u00e5nge, premiumst\u00e5l, konstruktion med full t\u00e5nge. Perfekt f\u00f6r camping, vandring, vedhuggning, bushcraft och utomhus\u00e4ventyr. Het f\u00f6rs\u00e4ljning, klicka f\u00f6r att l\u00e4ra dig mer!","title":"AC005 Full-Tang Bowie Knife - ACECOLL"}},"product_brand":[],"product_cat":[22,16,18],"product_tag":[],"class_list":{"0":"post-220","1":"product","2":"type-product","3":"status-publish","4":"has-post-thumbnail","6":"product_cat-bowie-knife","7":"product_cat-fixed-blade-knife","8":"product_cat-survival-knives","10":"first","11":"instock","12":"taxable","13":"shipping-taxable","14":"purchasable","15":"product-type-simple"},"acf":[],"_links":{"self":[{"href":"https:\/\/acecoll.com\/sv\/wp-json\/wp\/v2\/product\/220","targetHints":{"allow":["GET"]}}],"collection":[{"href":"https:\/\/acecoll.com\/sv\/wp-json\/wp\/v2\/product"}],"about":[{"href":"https:\/\/acecoll.com\/sv\/wp-json\/wp\/v2\/types\/product"}],"replies":[{"embeddable":true,"href":"https:\/\/acecoll.com\/sv\/wp-json\/wp\/v2\/comments?post=220"}],"version-history":[{"count":5,"href":"https:\/\/acecoll.com\/sv\/wp-json\/wp\/v2\/product\/220\/revisions"}],"predecessor-version":[{"id":1235,"href":"https:\/\/acecoll.com\/sv\/wp-json\/wp\/v2\/product\/220\/revisions\/1235"}],"wp:featuredmedia":[{"embeddable":true,"href":"https:\/\/acecoll.com\/sv\/wp-json\/wp\/v2\/media\/255"}],"wp:attachment":[{"href":"https:\/\/acecoll.com\/sv\/wp-json\/wp\/v2\/media?parent=220"}],"wp:term":[{"taxonomy":"product_brand","embeddable":true,"href":"https:\/\/acecoll.com\/sv\/wp-json\/wp\/v2\/product_brand?post=220"},{"taxonomy":"product_cat","embeddable":true,"href":"https:\/\/acecoll.com\/sv\/wp-json\/wp\/v2\/product_cat?post=220"},{"taxonomy":"product_tag","embeddable":true,"href":"https:\/\/acecoll.com\/sv\/wp-json\/wp\/v2\/product_tag?post=220"}],"curies":[{"name":"wp","href":"https:\/\/api.w.org\/{rel}","templated":true}]}}