{"id":221,"date":"2025-10-28T07:38:40","date_gmt":"2025-10-28T07:38:40","guid":{"rendered":"https:\/\/acecoll.com\/?post_type=product&#038;p=221"},"modified":"2026-02-11T07:19:18","modified_gmt":"2026-02-11T07:19:18","slug":"af006-jaktkniv-m390-stal-for-utomhusjakt-overlevnad","status":"publish","type":"product","link":"https:\/\/acecoll.com\/sv\/product\/af006-jaktkniv-m390-stal-for-utomhusjakt-overlevnad\/","title":{"rendered":"AC006 Bowie jaktkniv f\u00f6r jakt och \u00f6verlevnad utomhus"},"content":{"rendered":"<p>AC006 Classic Hunting Bowie Knife is a premium outdoor knife that combines practicality with collectible value.<\/p>\n<p>Tillverkad av h\u00f6gkvalitativt M390 pulverst\u00e5l och handsmidd f\u00f6r varaktig sk\u00e4rpa. Fulltangskonstruktionen g\u00f6r bladet solitt och p\u00e5litligt och ger utm\u00e4rkt stabilitet \u00e4ven under tung anv\u00e4ndning.<\/p>\n<p>Handtaget \u00e4r tillverkat av naturligt rosentr\u00e4 och levereras med en h\u00f6gkvalitativ l\u00e4derslida f\u00f6r enkel b\u00e4rning i b\u00e4ltet och portabilitet. Oavsett om det g\u00e4ller jakt, camping, \u00f6verlevnad eller utforskning utomhus ger AC006 enast\u00e5ende sk\u00e4rprestanda och kontroll.<\/p>","protected":false},"excerpt":{"rendered":"<p>Premium M390 pulverst\u00e5lsblad: Tillverkat av M390 rostfritt pulverst\u00e5l f\u00f6r exceptionell sk\u00e4rpa och h\u00e5llbarhet.<br \/>\nHandgjord med precision: Varje kniv \u00e4r smidd och polerad av skickliga hantverkare, vilket ger ett enast\u00e5ende hantverk och samlarv\u00e4rde.<br \/>\nFulltangskonstruktion: Bladet och handtaget \u00e4r integrerat, vilket ger h\u00f6g h\u00e5llfasthet och utm\u00e4rkt stabilitet.<br \/>\nHandtag i rosentr\u00e4: Handtaget i rosentr\u00e4 ger ett stabilt, halkfritt grepp som f\u00f6rblir bekv\u00e4mt under l\u00e5ngvarig anv\u00e4ndning.<br \/>\nL\u00e4derslida av h\u00f6g kvalitet: Levereras med en fint utformad l\u00e4derslida med detaljerade m\u00f6nster, en b\u00e4ltes\u00f6gla och en sn\u00e4ppst\u00e4ngning f\u00f6r bekv\u00e4m transport.<br \/>\nM\u00e5ngsidig utomhusanv\u00e4ndning: Perfekt f\u00f6r jakt, camping, \u00f6verlevnad och utomhusskydd - din p\u00e5litliga f\u00f6ljeslagare i alla vildmarks\u00e4ventyr.<\/p>","protected":false},"featured_media":262,"comment_status":"open","ping_status":"closed","template":"","meta":{"_acf_changed":false,"inline_featured_image":false,"slim_seo":{"title":"Bowiekniv f\u00f6r jakt och \u00f6verlevnad utomhus - ACECOLL","description":"AC006 Classic Hunting Bowie Knife \u00e4r tillverkad av premiumst\u00e5l, handsmidd och f\u00f6rsedd med en h\u00f6gkvalitativ l\u00e4derslida f\u00f6r enkel transport. Perfekt f\u00f6r jakt, camping, \u00f6verlevnad och utomhus\u00e4ventyr. Hett s\u00e4ljande nu - klicka f\u00f6r att l\u00e4ra dig mer!"}},"product_brand":[],"product_cat":[16,23],"product_tag":[],"class_list":{"0":"post-221","1":"product","2":"type-product","3":"status-publish","4":"has-post-thumbnail","6":"product_cat-fixed-blade-knife","7":"product_cat-hunting-knives","9":"first","10":"instock","11":"taxable","12":"shipping-taxable","13":"purchasable","14":"product-type-simple"},"acf":[],"_links":{"self":[{"href":"https:\/\/acecoll.com\/sv\/wp-json\/wp\/v2\/product\/221","targetHints":{"allow":["GET"]}}],"collection":[{"href":"https:\/\/acecoll.com\/sv\/wp-json\/wp\/v2\/product"}],"about":[{"href":"https:\/\/acecoll.com\/sv\/wp-json\/wp\/v2\/types\/product"}],"replies":[{"embeddable":true,"href":"https:\/\/acecoll.com\/sv\/wp-json\/wp\/v2\/comments?post=221"}],"version-history":[{"count":8,"href":"https:\/\/acecoll.com\/sv\/wp-json\/wp\/v2\/product\/221\/revisions"}],"predecessor-version":[{"id":1322,"href":"https:\/\/acecoll.com\/sv\/wp-json\/wp\/v2\/product\/221\/revisions\/1322"}],"wp:featuredmedia":[{"embeddable":true,"href":"https:\/\/acecoll.com\/sv\/wp-json\/wp\/v2\/media\/262"}],"wp:attachment":[{"href":"https:\/\/acecoll.com\/sv\/wp-json\/wp\/v2\/media?parent=221"}],"wp:term":[{"taxonomy":"product_brand","embeddable":true,"href":"https:\/\/acecoll.com\/sv\/wp-json\/wp\/v2\/product_brand?post=221"},{"taxonomy":"product_cat","embeddable":true,"href":"https:\/\/acecoll.com\/sv\/wp-json\/wp\/v2\/product_cat?post=221"},{"taxonomy":"product_tag","embeddable":true,"href":"https:\/\/acecoll.com\/sv\/wp-json\/wp\/v2\/product_tag?post=221"}],"curies":[{"name":"wp","href":"https:\/\/api.w.org\/{rel}","templated":true}]}}