{"id":222,"date":"2025-10-28T07:38:40","date_gmt":"2025-10-28T07:38:40","guid":{"rendered":"https:\/\/acecoll.com\/?post_type=product&#038;p=222"},"modified":"2026-02-11T07:19:31","modified_gmt":"2026-02-11T07:19:31","slug":"af007-taktisk-tantokniv-spegelblank-10cr18mov-stal","status":"publish","type":"product","link":"https:\/\/acecoll.com\/sv\/product\/af007-taktisk-tantokniv-spegelblank-10cr18mov-stal\/","title":{"rendered":"AC007 Tanto Kniv med fast blad"},"content":{"rendered":"<p>AC007 Full-Tang Japanese-Style Tanto Fixed Blade Knife \u00e4r ett avancerat blad som blandar \u00f6sterl\u00e4ndsk estetik med praktisk prestanda.<\/p>\n<p>Bladet \u00e4r handsmitt av premium 10Cr18MoV-st\u00e5l, vilket g\u00f6r det starkt och knivskarpt. Dess geometriska Tanto-spets ger utm\u00e4rkt piercingf\u00f6rm\u00e5ga samtidigt som den visar upp det raffinerade konsthantverket i traditionellt japanskt hantverk.<\/p>\n<p>Handtaget \u00e4r tillverkat av naturligt asktr\u00e4, omsorgsfullt utskuret och polerat av skickliga hantverkare f\u00f6r ett bekv\u00e4mt och s\u00e4kert grepp. I kombination med full-tang-konstruktionen ger det tillf\u00f6rlitlig kontroll i alla utomhusmilj\u00f6er.<\/p>\n<p>En h\u00f6gkvalitativ l\u00e4derslida ger en smidig, \u00e5tsittande passform f\u00f6r s\u00e4ker och bekv\u00e4m transport.<\/p>\n<p>Oavsett om det g\u00e4ller utomhus\u00e4ventyr, camping eller samling och visning, \u00e4r AC007 ett m\u00e4sterverk som f\u00f6renar sk\u00f6nhet och prestanda.<\/p>","protected":false},"excerpt":{"rendered":"<div class=\"chat-turn-container model render\" tabindex=\"-1\" data-immersive-translate-walked=\"48a44ed9-a323-49f0-9b89-81f8dcac3def\">\n<div class=\"model-prompt-container\" data-turn-role=\"Model\" data-immersive-translate-walked=\"48a44ed9-a323-49f0-9b89-81f8dcac3def\">\n<div class=\"turn-content\" data-immersive-translate-walked=\"48a44ed9-a323-49f0-9b89-81f8dcac3def\">\n<div class=\"chat-turn-container model render\" tabindex=\"-1\" data-immersive-translate-walked=\"48a44ed9-a323-49f0-9b89-81f8dcac3def\">\n<div class=\"model-prompt-container\" data-turn-role=\"Model\" data-immersive-translate-walked=\"48a44ed9-a323-49f0-9b89-81f8dcac3def\">\n<div class=\"turn-content\" data-immersive-translate-walked=\"48a44ed9-a323-49f0-9b89-81f8dcac3def\">\n<ul>\n<li><strong>Kombinerar hantverk och samlarv\u00e4rde:<\/strong> det klassiska utseendet, det raffinerade utf\u00f6randet och de f\u00f6rstklassiga materialen g\u00f6r den inte bara till ett praktiskt verktyg utan ocks\u00e5 till ett konstn\u00e4rligt f\u00f6rem\u00e5l med samlarv\u00e4rde.<\/li>\n<li><strong>Premium st\u00e5l:<\/strong> Handsmidd av h\u00f6gkvalitativt \u201c10Cr18MoV\u201d-st\u00e5l.<\/li>\n<li><strong>Uts\u00f6kt hantverk med handslipning:<\/strong> Bladets yta \u00e4r ljus och sl\u00e4t, med en polerad st\u00e5lreflektion som visar avancerad slipningsteknik och fint hantverksm\u00e4ssigt utf\u00f6rande.<\/li>\n<li><strong>Geometrisk Tanto Bladspets:<\/strong> Den vassa spetsen ger en stark piercingkraft och ett exceptionellt estetiskt utseende.<\/li>\n<li><strong>Ask Tr\u00e4 Handtag:<\/strong> Noggrant utskurna och polerade av erfarna hantverkare, kombinerar komfort och raffinerat utseende.<\/li>\n<li><strong>Slida av h\u00f6gkvalitativt l\u00e4der:<\/strong> Handstickad med detaljerade m\u00f6nster och en smidig passform n\u00e4r den st\u00e4ngs, vilket \u00e5terspeglar en stark japansk estetik.<\/li>\n<\/ul>\n<\/div>\n<\/div>\n<\/div>\n<\/div>\n<\/div>\n<\/div>","protected":false},"featured_media":269,"comment_status":"open","ping_status":"closed","template":"","meta":{"_acf_changed":false,"inline_featured_image":false,"slim_seo":{"description":"AC007 Japansk Tanto kniv med fast blad, oavsett om den anv\u00e4nds f\u00f6r utomhus\u00e4ventyr eller f\u00f6r att visa upp en samling. Nu tillg\u00e4nglig i butik. Klicka h\u00e4r f\u00f6r mer information.","title":"AC007 Tanto Fixed Blade Knife - ACECOLL"}},"product_brand":[],"product_cat":[16,21],"product_tag":[],"class_list":{"0":"post-222","1":"product","2":"type-product","3":"status-publish","4":"has-post-thumbnail","6":"product_cat-fixed-blade-knife","7":"product_cat-tanto-knives","9":"first","10":"instock","11":"taxable","12":"shipping-taxable","13":"purchasable","14":"product-type-simple"},"acf":[],"_links":{"self":[{"href":"https:\/\/acecoll.com\/sv\/wp-json\/wp\/v2\/product\/222","targetHints":{"allow":["GET"]}}],"collection":[{"href":"https:\/\/acecoll.com\/sv\/wp-json\/wp\/v2\/product"}],"about":[{"href":"https:\/\/acecoll.com\/sv\/wp-json\/wp\/v2\/types\/product"}],"replies":[{"embeddable":true,"href":"https:\/\/acecoll.com\/sv\/wp-json\/wp\/v2\/comments?post=222"}],"version-history":[{"count":5,"href":"https:\/\/acecoll.com\/sv\/wp-json\/wp\/v2\/product\/222\/revisions"}],"predecessor-version":[{"id":897,"href":"https:\/\/acecoll.com\/sv\/wp-json\/wp\/v2\/product\/222\/revisions\/897"}],"wp:featuredmedia":[{"embeddable":true,"href":"https:\/\/acecoll.com\/sv\/wp-json\/wp\/v2\/media\/269"}],"wp:attachment":[{"href":"https:\/\/acecoll.com\/sv\/wp-json\/wp\/v2\/media?parent=222"}],"wp:term":[{"taxonomy":"product_brand","embeddable":true,"href":"https:\/\/acecoll.com\/sv\/wp-json\/wp\/v2\/product_brand?post=222"},{"taxonomy":"product_cat","embeddable":true,"href":"https:\/\/acecoll.com\/sv\/wp-json\/wp\/v2\/product_cat?post=222"},{"taxonomy":"product_tag","embeddable":true,"href":"https:\/\/acecoll.com\/sv\/wp-json\/wp\/v2\/product_tag?post=222"}],"curies":[{"name":"wp","href":"https:\/\/api.w.org\/{rel}","templated":true}]}}