{"id":224,"date":"2025-10-28T07:38:41","date_gmt":"2025-10-28T07:38:41","guid":{"rendered":"https:\/\/acecoll.com\/?post_type=product&#038;p=224"},"modified":"2026-02-11T07:19:57","modified_gmt":"2026-02-11T07:19:57","slug":"af009-taktisk-tantokniv","status":"publish","type":"product","link":"https:\/\/acecoll.com\/sv\/product\/af009-taktisk-tantokniv\/","title":{"rendered":"AC009 Tanto Taktisk kniv &amp; \u00f6verlevnadskniv"},"content":{"rendered":"<p>AC009 Tanto Tactical &amp; Survival Knife, a high-end outdoor knife that combines power and precision craftsmanship.<br \/>\nForged from high-strength Z-Wear stainless steel with a hardness of 60\u00b1HRC.<br \/>\nFulltangskonstruktionen och det 7 mm tjocka bladet garanterar stabilitet och tillf\u00f6rlitlighet vid tung anv\u00e4ndning.<br \/>\nG10-handtaget \u00e4r ergonomiskt utformat, halks\u00e4kert, v\u00e4rmet\u00e5ligt och bekv\u00e4mt att h\u00e5lla i.<br \/>\nLevereras med en Kydex-slida som \u00e4r l\u00e4tt, slitstark och g\u00f6r den l\u00e4tt att b\u00e4ra och snabbt komma \u00e5t.<br \/>\nOavsett om det g\u00e4ller camping, jakt, fiske, \u00e4ventyr, \u00f6verlevnad utomhus eller samling, levererar AF009 enast\u00e5ende prestanda med raffinerad kvalitet och hantverk.<\/p>","protected":false},"excerpt":{"rendered":"<p><strong>Samurai-stil Tanto Bladdesign:<\/strong> Den raka, rakbladsvassa eggen ger kraftfull genomtr\u00e4ngnings- och sk\u00e4rprestanda, l\u00e4mplig f\u00f6r ett brett spektrum av utomhusuppgifter.<br \/>\n<strong>F\u00f6rtjockat blad i rostfritt st\u00e5l med Z-Wear:<\/strong> Smidd av h\u00f6gh\u00e5llfast Z-Wear-st\u00e5l med 60\u00b1HRC h\u00e5rdhet. Vassa, slitstarka och mycket korrosionsbest\u00e4ndiga. Det 7 mm tjocka bladet ger extra kraft och h\u00e5llbarhet.<br \/>\n<strong>Full-Tang Fast konstruktion:<\/strong> Konstruktionen i ett stycke garanterar stabilitet och tillf\u00f6rlitlighet vid kr\u00e4vande anv\u00e4ndning.<br \/>\n<strong>Nylon Fiber G10 Handtag:<\/strong> Ergonomiskt utformad, halkskyddad, v\u00e4rmebest\u00e4ndig och ger ett s\u00e4kert och bekv\u00e4mt grepp.<br \/>\n<strong>Mantel i h\u00f6gh\u00e5llfast Kydex:<\/strong> L\u00e4tt, t\u00e5lig och ger snabb och enkel \u00e5tkomst.<br \/>\n<strong>Professionell applikation f\u00f6r flera scener:<\/strong> Idealisk f\u00f6r camping, jakt, fiske, uppt\u00e4cktsf\u00e4rder och \u00f6verlevnad utomhus. L\u00e4mpar sig ocks\u00e5 f\u00f6r insamling.<\/p>","protected":false},"featured_media":281,"comment_status":"open","ping_status":"closed","template":"","meta":{"_acf_changed":false,"inline_featured_image":false,"slim_seo":{"description":"AC009 Tanto Tactical &amp; Survival Knife, tillverkad av premiumst\u00e5l och \u00f6verl\u00e4gset utf\u00f6rande. Designad f\u00f6r b\u00e5de utomhusbruk och samling. Exceptionell kvalitet - klicka f\u00f6r att l\u00e4sa mer!","title":"AC009 Tanto Tactical & survival Knife - ACECOLL"}},"product_brand":[],"product_cat":[16,17,19,21],"product_tag":[],"class_list":{"0":"post-224","1":"product","2":"type-product","3":"status-publish","4":"has-post-thumbnail","6":"product_cat-fixed-blade-knife","7":"product_cat-full-tang-knives","8":"product_cat-tactical-knives","9":"product_cat-tanto-knives","11":"first","12":"instock","13":"purchasable","14":"product-type-simple"},"acf":[],"_links":{"self":[{"href":"https:\/\/acecoll.com\/sv\/wp-json\/wp\/v2\/product\/224","targetHints":{"allow":["GET"]}}],"collection":[{"href":"https:\/\/acecoll.com\/sv\/wp-json\/wp\/v2\/product"}],"about":[{"href":"https:\/\/acecoll.com\/sv\/wp-json\/wp\/v2\/types\/product"}],"replies":[{"embeddable":true,"href":"https:\/\/acecoll.com\/sv\/wp-json\/wp\/v2\/comments?post=224"}],"version-history":[{"count":4,"href":"https:\/\/acecoll.com\/sv\/wp-json\/wp\/v2\/product\/224\/revisions"}],"predecessor-version":[{"id":1319,"href":"https:\/\/acecoll.com\/sv\/wp-json\/wp\/v2\/product\/224\/revisions\/1319"}],"wp:featuredmedia":[{"embeddable":true,"href":"https:\/\/acecoll.com\/sv\/wp-json\/wp\/v2\/media\/281"}],"wp:attachment":[{"href":"https:\/\/acecoll.com\/sv\/wp-json\/wp\/v2\/media?parent=224"}],"wp:term":[{"taxonomy":"product_brand","embeddable":true,"href":"https:\/\/acecoll.com\/sv\/wp-json\/wp\/v2\/product_brand?post=224"},{"taxonomy":"product_cat","embeddable":true,"href":"https:\/\/acecoll.com\/sv\/wp-json\/wp\/v2\/product_cat?post=224"},{"taxonomy":"product_tag","embeddable":true,"href":"https:\/\/acecoll.com\/sv\/wp-json\/wp\/v2\/product_tag?post=224"}],"curies":[{"name":"wp","href":"https:\/\/api.w.org\/{rel}","templated":true}]}}