{"id":225,"date":"2025-10-28T07:38:41","date_gmt":"2025-10-28T07:38:41","guid":{"rendered":"https:\/\/acecoll.com\/?post_type=product&#038;p=225"},"modified":"2026-02-11T07:21:38","modified_gmt":"2026-02-11T07:21:38","slug":"af010-nepalesisk-kukri-machete-65mn-stal-handtag-av-lovtra","status":"publish","type":"product","link":"https:\/\/acecoll.com\/sv\/product\/af010-nepalesisk-kukri-machete-65mn-stal-handtag-av-lovtra\/","title":{"rendered":"AC010 Kukri-machete f\u00f6r tung anv\u00e4ndning"},"content":{"rendered":"<p>AC010 Heavy Duty Gurkha Kukri Machete \u00e4r inspirerad av den traditionella designen hos nepalesiska Gurkha-soldater. Det fram\u00e5tb\u00f6jda bladet f\u00f6rskjuter balansen naturligt fram\u00e5t, vilket ger st\u00f6rre momentum vid varje sving. Den n\u00e5got breddade spetsen \u00f6kar sk\u00e4rkraften samtidigt som kniven kan utf\u00f6ra sk\u00e4rande, hackande och delande uppgifter effektivt.<\/p>\n<p>AC010 \u00e4r helt handsmidd av 65Mn h\u00f6gmanganst\u00e5l och v\u00e4rmebehandlad f\u00f6r \u00f6verl\u00e4gsen h\u00e5rdhet och seghet. Dess fulltangskonstruktion integrerar bladet och handtaget i ett enda stycke, vilket g\u00f6r den idealisk f\u00f6r r\u00f6jning av buskar, skogsarbete och alla kr\u00e4vande sk\u00e4r- eller hugguppgifter utomhus.<\/p>\n<p>Handtaget \u00e4r tillverkat av naturligt l\u00f6vtr\u00e4, vilket ger ett fast och bekv\u00e4mt grepp. Den levereras med en slida i \u00e4kta l\u00e4der och ett h\u00e5l f\u00f6r nyckelband f\u00f6r bekv\u00e4m b\u00e4rning och snabb \u00e5tkomst.<\/p>\n<p>Oavsett om AC010 anv\u00e4nds f\u00f6r djungelr\u00f6jning, l\u00e4gerarbete, bushcraft eller \u00f6verlevnadstr\u00e4ning uppvisar den exceptionell styrka och hantverksskicklighet, vilket g\u00f6r den till en p\u00e5litlig, kraftig kniv f\u00f6r friluftsentusiaster och \u00f6verlevnadsproffs.<\/p>","protected":false},"excerpt":{"rendered":"<p>Klassisk Gurkha-design: Det fram\u00e5tb\u00f6jda bladet ger starkare huggkraft samtidigt som det ger utm\u00e4rkt prestanda f\u00f6r sk\u00e4rning, slashing och klyvning.<br \/>\nExtra tjock ryggrad: En fram\u00e5tviktad balans och 10 mm tjock ryggrad ger \u00f6verl\u00e4gsen huggningskraft och stabilitet.<br \/>\nKonstruktion med full t\u00e5nge: Smidd av 65 h\u00f6gmanganst\u00e5l med m\u00e4ssingsstift som h\u00e5ller fast handtaget f\u00f6r enast\u00e5ende h\u00e5llbarhet och s\u00e4kerhet.<br \/>\nHandtag av l\u00f6vtr\u00e4: Tillverkat av naturligt l\u00f6vtr\u00e4 f\u00f6r ett fast och bekv\u00e4mt grepp som sitter s\u00e4kert \u00e4ven vid l\u00e5ngvarig anv\u00e4ndning.<br \/>\nL\u00e4derslida och b\u00e4rbarhet: Levereras med ett b\u00e4ltesh\u00f6lje i \u00e4kta l\u00e4der och h\u00e5l f\u00f6r nyckelband f\u00f6r bekv\u00e4m och flexibel anv\u00e4ndning i f\u00e4lt.<br \/>\nM\u00e5ngsidig anv\u00e4ndning utomhus: Perfekt f\u00f6r bushcraft, camping, r\u00f6jning av stigar och kr\u00e4vande utomhusarbeten - AC010 klarar allt.<\/p>","protected":false},"featured_media":289,"comment_status":"open","ping_status":"closed","template":"","meta":{"_acf_changed":false,"inline_featured_image":false,"slim_seo":{"title":"AC010 Heavy Duty Kukri Machete - ACECOLL","description":"Klassisk Gurkha-design: Det fram\u00e5tb\u00f6jda bladet ger starkare huggkraft samtidigt som det ger utm\u00e4rkt sk\u00e4r-, slashing- och klyvningsprestanda. Extra-T"}},"product_brand":[],"product_cat":[16,17,26],"product_tag":[],"class_list":{"0":"post-225","1":"product","2":"type-product","3":"status-publish","4":"has-post-thumbnail","6":"product_cat-fixed-blade-knife","7":"product_cat-full-tang-knives","8":"product_cat-kukri-style-knives","10":"first","11":"instock","12":"taxable","13":"shipping-taxable","14":"purchasable","15":"product-type-simple"},"acf":[],"_links":{"self":[{"href":"https:\/\/acecoll.com\/sv\/wp-json\/wp\/v2\/product\/225","targetHints":{"allow":["GET"]}}],"collection":[{"href":"https:\/\/acecoll.com\/sv\/wp-json\/wp\/v2\/product"}],"about":[{"href":"https:\/\/acecoll.com\/sv\/wp-json\/wp\/v2\/types\/product"}],"replies":[{"embeddable":true,"href":"https:\/\/acecoll.com\/sv\/wp-json\/wp\/v2\/comments?post=225"}],"version-history":[{"count":4,"href":"https:\/\/acecoll.com\/sv\/wp-json\/wp\/v2\/product\/225\/revisions"}],"predecessor-version":[{"id":1682,"href":"https:\/\/acecoll.com\/sv\/wp-json\/wp\/v2\/product\/225\/revisions\/1682"}],"wp:featuredmedia":[{"embeddable":true,"href":"https:\/\/acecoll.com\/sv\/wp-json\/wp\/v2\/media\/289"}],"wp:attachment":[{"href":"https:\/\/acecoll.com\/sv\/wp-json\/wp\/v2\/media?parent=225"}],"wp:term":[{"taxonomy":"product_brand","embeddable":true,"href":"https:\/\/acecoll.com\/sv\/wp-json\/wp\/v2\/product_brand?post=225"},{"taxonomy":"product_cat","embeddable":true,"href":"https:\/\/acecoll.com\/sv\/wp-json\/wp\/v2\/product_cat?post=225"},{"taxonomy":"product_tag","embeddable":true,"href":"https:\/\/acecoll.com\/sv\/wp-json\/wp\/v2\/product_tag?post=225"}],"curies":[{"name":"wp","href":"https:\/\/api.w.org\/{rel}","templated":true}]}}