{"id":227,"date":"2025-10-28T07:38:41","date_gmt":"2025-10-28T07:38:41","guid":{"rendered":"https:\/\/acecoll.com\/?post_type=product&#038;p=227"},"modified":"2026-02-11T07:21:20","modified_gmt":"2026-02-11T07:21:20","slug":"af012-jaktbowiekniv-cpm-t440v-stal","status":"publish","type":"product","link":"https:\/\/acecoll.com\/sv\/product\/af012-jaktbowiekniv-cpm-t440v-stal\/","title":{"rendered":"AC012 Medium-Large Clip Point Bowie-kniv"},"content":{"rendered":"<p>AC012 Medium-Large Clip Point Bowie Knife:** A premium outdoor knife that combines practical performance with refined craftsmanship.<\/p>\n<p>Bladet \u00e4r precisionssmitt av rostfritt st\u00e5l med h\u00f6g kolhalt **CPM-T440V** och har en **full-tang-konstruktion** som l\u00f6per genom handtaget f\u00f6r exceptionell styrka och h\u00e5llbarhet. Det f\u00f6rblir stabilt och tillf\u00f6rlitligt \u00e4ven efter l\u00e5ngvarig anv\u00e4ndning f\u00f6r att sk\u00e4ra, hugga eller sticka h\u00e5l.<\/p>\n<p>Handtaget i svart l\u00f6vtr\u00e4** ger ett bekv\u00e4mt, halkfritt och s\u00e4kert grepp.<\/p>\n<p>Det **svarta fodralet** i \u00e4kta l\u00e4der har en s\u00e4kerhetsknapp och b\u00e4ltes\u00f6gla, vilket g\u00f6r det enkelt att b\u00e4ra och f\u00f6rvara under utomhusaktiviteter.<\/p>\n<p>Whether for hunting, camping, bushcraft, or collection, the AC012 stands out with its solid build and sleek appearance\u2014an ideal and trustworthy companion for outdoor enthusiasts and hunters alike.<\/p>","protected":false},"excerpt":{"rendered":"<p>Sl\u00e5ende design: Bowie-liknande profil som kombinerar det praktiska med det estetiska. Den vassa spetsen ger utm\u00e4rkta piercing- och sk\u00e4rprestanda.<br \/>\nH\u00f6gpresterande st\u00e5l: Tillverkad av rostfritt st\u00e5l med h\u00f6g kolhalt CPM-T440V, som f\u00f6rblir starkt och knivskarpt \u00e4ven efter l\u00e5ngvarig anv\u00e4ndning.<br \/>\nKlassisk Clip Point-form: Rakbladsvass spets med enast\u00e5ende penetration. Den b\u00f6jda ryggraden m\u00f6jligg\u00f6r exakt sk\u00e4rning samtidigt som den f\u00f6rh\u00f6jer knivens visuella tilltal.<br \/>\nHandtag i l\u00f6vtr\u00e4: Konturerad handflata ger ett bekv\u00e4mt, halkfritt grepp f\u00f6r s\u00e4ker och stabil hantering.<br \/>\nFulltandad konstruktion: Fulltang-blad i ett stycke som l\u00f6per genom handtaget ger \u00f6verl\u00e4gsen styrka och h\u00e5llbarhet.<br \/>\nSlida i \u00e4kta l\u00e4der: Premium l\u00e4derslida med s\u00e4ker sn\u00e4ppning och b\u00e4ltes\u00f6gla f\u00f6r enkel transport och skydd av bladet.<br \/>\nM\u00e5ngsidig applikation: Perfekt f\u00f6r jakt, camping, \u00f6verlevnadstr\u00e4ning och insamling - ett utm\u00e4rkt val f\u00f6r friluftsentusiaster och j\u00e4gare.<\/p>","protected":false},"featured_media":302,"comment_status":"open","ping_status":"closed","template":"","meta":{"_acf_changed":false,"inline_featured_image":false,"slim_seo":{"description":"AC012 Medium-Large Clip Point Bowie Knife erbjuder utm\u00e4rkta piercing- och sk\u00e4rprestanda. Oavsett om det g\u00e4ller jakt, camping, \u00f6verlevnadstr\u00e4ning eller utomhus\u00e4ventyr \u00e4r AC012 en p\u00e5litlig f\u00f6ljeslagare. Uppt\u00e4ck denna premiumkniv f\u00f6r utomhusbruk som kombinerar styrka och hantverksskicklighet","title":"AC012 Medium-Large Clip Point Bowie Knife - ACECOLL"}},"product_brand":[],"product_cat":[22,16,18],"product_tag":[],"class_list":{"0":"post-227","1":"product","2":"type-product","3":"status-publish","4":"has-post-thumbnail","6":"product_cat-bowie-knife","7":"product_cat-fixed-blade-knife","8":"product_cat-survival-knives","10":"first","11":"instock","12":"taxable","13":"shipping-taxable","14":"purchasable","15":"product-type-simple"},"acf":[],"_links":{"self":[{"href":"https:\/\/acecoll.com\/sv\/wp-json\/wp\/v2\/product\/227","targetHints":{"allow":["GET"]}}],"collection":[{"href":"https:\/\/acecoll.com\/sv\/wp-json\/wp\/v2\/product"}],"about":[{"href":"https:\/\/acecoll.com\/sv\/wp-json\/wp\/v2\/types\/product"}],"replies":[{"embeddable":true,"href":"https:\/\/acecoll.com\/sv\/wp-json\/wp\/v2\/comments?post=227"}],"version-history":[{"count":3,"href":"https:\/\/acecoll.com\/sv\/wp-json\/wp\/v2\/product\/227\/revisions"}],"predecessor-version":[{"id":940,"href":"https:\/\/acecoll.com\/sv\/wp-json\/wp\/v2\/product\/227\/revisions\/940"}],"wp:featuredmedia":[{"embeddable":true,"href":"https:\/\/acecoll.com\/sv\/wp-json\/wp\/v2\/media\/302"}],"wp:attachment":[{"href":"https:\/\/acecoll.com\/sv\/wp-json\/wp\/v2\/media?parent=227"}],"wp:term":[{"taxonomy":"product_brand","embeddable":true,"href":"https:\/\/acecoll.com\/sv\/wp-json\/wp\/v2\/product_brand?post=227"},{"taxonomy":"product_cat","embeddable":true,"href":"https:\/\/acecoll.com\/sv\/wp-json\/wp\/v2\/product_cat?post=227"},{"taxonomy":"product_tag","embeddable":true,"href":"https:\/\/acecoll.com\/sv\/wp-json\/wp\/v2\/product_tag?post=227"}],"curies":[{"name":"wp","href":"https:\/\/api.w.org\/{rel}","templated":true}]}}