{"id":228,"date":"2025-10-28T07:38:41","date_gmt":"2025-10-28T07:38:41","guid":{"rendered":"https:\/\/acecoll.com\/?post_type=product&#038;p=228"},"modified":"2026-02-11T07:21:29","modified_gmt":"2026-02-11T07:21:29","slug":"af013-fantasy-kukri-style-taktisk-kniv-aus-10-stal-svart-handtag","status":"publish","type":"product","link":"https:\/\/acecoll.com\/sv\/product\/af013-fantasy-kukri-style-taktisk-kniv-aus-10-stal-svart-handtag\/","title":{"rendered":"AC013 Kukri taktisk \u00f6verlevnadskniv"},"content":{"rendered":"<p class=\"ng-star-inserted\"><span class=\"ng-star-inserted\">F\u00f6rbered dig f\u00f6r p\u00e5verkan. Den\u00a0<\/span><strong class=\"ng-star-inserted\"><span class=\"ng-star-inserted\">Havoc<\/span><\/strong><span class=\"ng-star-inserted\">\u00a0is a fixed blade born from raw power and aggressive design, a true beast in both form and function. This is a knife that doesn&#8217;t just perform; it makes a statement.<\/span><\/p>\n<p class=\"ng-star-inserted\"><strong class=\"ng-star-inserted\"><span class=\"ng-star-inserted\">The Blade: En symfoni av kraft<\/span><\/strong><br class=\"ng-star-inserted\" \/><span class=\"ng-star-inserted\">I grunden har Havoc ett massivt 7,8-tums blad smidd av h\u00f6gpresterande\u00a0<\/span><strong class=\"ng-star-inserted\"><span class=\"ng-star-inserted\">AUS-10 rostfritt st\u00e5l<\/span><\/strong><span class=\"ng-star-inserted\">. Det h\u00e4r bladet \u00e4r k\u00e4nt f\u00f6r sin utm\u00e4rkta seghet, sk\u00e4rpa och \u00f6verl\u00e4gsna korrosionsbest\u00e4ndighet och \u00e4r h\u00e4rdat till 59-61 HRC f\u00f6r tillf\u00f6rlitlig prestanda. Den kraftfulla\u00a0<\/span><strong class=\"ng-star-inserted\"><span class=\"ng-star-inserted\">recurve &#8220;dog-leg&#8221; profile<\/span><\/strong><span class=\"ng-star-inserted\">\u00a0utm\u00e4rker sig med djupa, kraftfulla hack och skivor. Det som verkligen skiljer den fr\u00e5n m\u00e4ngden \u00e4r den fantastiska\u00a0<\/span><strong class=\"ng-star-inserted\"><span class=\"ng-star-inserted\">anpassad tv\u00e5f\u00e4rgad finish<\/span><\/strong><span class=\"ng-star-inserted\">, combining a non-reflective blackwash on the flats with a satin-finished cutting edge, separated by a unique, aggressive &#8220;bat-wing&#8221; pattern.<\/span><\/p>\n<p class=\"ng-star-inserted\"><strong class=\"ng-star-inserted\"><span class=\"ng-star-inserted\">Handtaget: Ergonomiskt och of\u00f6rst\u00f6rbart<\/span><\/strong><br class=\"ng-star-inserted\" \/><span class=\"ng-star-inserted\">The full-tang handle is engineered for absolute control. It&#8217;s fitted with scales made from\u00a0<\/span><strong class=\"ng-star-inserted\"><span class=\"ng-star-inserted\">h\u00f6g densitet, f\u00f6rst\u00e4rkt glasfibernylon<\/span><\/strong><span class=\"ng-star-inserted\">\u2014an advanced composite material that is even more stable and durable than standard G10. It\u2019s impervious to temperature, moisture, and wear, and will not shrink or swell. The ergonomic design and deep texturing provide a secure, non-slip grip for any hard-use scenario comfortable and convenient carry, ensuring this powerful tool can be deployed in an instant.<\/span><\/p>\n<p class=\"ng-star-inserted\"><strong class=\"ng-star-inserted\"><span class=\"ng-star-inserted\">Ett odjur av en klinga<\/span><\/strong><br class=\"ng-star-inserted\" \/><span class=\"ng-star-inserted\">The Havoc is more than a knife; it&#8217;s a centerpiece. Its sheer power and unique design make it a standout choice for collectors, a formidable tool for clearing a campsite, and an impressive piece of gear for any outdoor adventure. It&#8217;s a stunning.<\/span><\/p>\n<p class=\"ng-star-inserted\"><strong class=\"ng-star-inserted\"><span class=\"ng-star-inserted\">Mantel: Modern och m\u00e5ngsidig<\/span><\/strong><br class=\"ng-star-inserted\" \/><span class=\"ng-star-inserted\">En best som Havoc beh\u00f6ver en bur som matchar. Den levereras komplett med en l\u00e4ttviktig och h\u00e5llbar\u00a0<\/span><strong class=\"ng-star-inserted\"><span class=\"ng-star-inserted\">Kydex-slida<\/span><\/strong><span class=\"ng-star-inserted\">, custom-molded for a perfect, rattle-free fit. The sheath is paired with a heavy-duty, reinforced nylon belt loop, allowing for secure and comfortable carry, ready for rapid deployment at a moment&#8217;s notice.<\/span><\/p>\n<p class=\"ng-star-inserted\"><strong class=\"ng-star-inserted\"><span class=\"ng-star-inserted\">Den ultimata statement-pj\u00e4sen<\/span><\/strong><br class=\"ng-star-inserted\" \/><span class=\"ng-star-inserted\">Skapad av Ashenforge f\u00f6r den kr\u00e4sne och of\u00f6rgl\u00f6mliga g\u00e5van till mannen som uppskattar dj\u00e4rv design och kompromissl\u00f6s styrka.<\/span><\/p>","protected":false},"excerpt":{"rendered":"<p>Blad i f\u00f6rstklassigt AUS-10-st\u00e5l: Tillverkat av h\u00f6gpresterande AUS-10 rostfritt st\u00e5l med 59-61HRC h\u00e5rdhet. Knivskarpt, t\u00e5ligt och korrosionsbest\u00e4ndigt f\u00f6r l\u00e5ngvarig h\u00e5llbarhet.<br \/>\nKonstruktion med full t\u00e5nge: Ger \u00f6verl\u00e4gsen styrka och stabilitet f\u00f6r kr\u00e4vande utomhusbruk.<br \/>\nSl\u00e5ende bladfinish: Har en distinkt bat-m\u00f6nstrad bladyta som f\u00f6rb\u00e4ttrar b\u00e5de den taktiska och visuella effekten.<br \/>\nErgonomiskt handtag: Tillverkat av ett nytt, halkfritt och slitstarkt material. Ger ett s\u00e4kert och bekv\u00e4mt grepp med utm\u00e4rkt ergonomi f\u00f6r l\u00e5ngvarig anv\u00e4ndning.<br \/>\nSlitstark Kydex-slida: Levereras med en f\u00f6rst\u00e4rkt b\u00e4ltes\u00f6gla i Oxford-tyg. S\u00e4ker, l\u00e4tt och enkel att b\u00e4ra eller montera under utomhusaktiviteter.<br \/>\nM\u00e5ngsidigt taktiskt verktyg: Perfekt f\u00f6r camping, jakt, \u00f6verlevnad, fiske och \u00e4ventyr. Dess unika form g\u00f6r den ocks\u00e5 till ett v\u00e4rdefullt samlarobjekt.<\/p>","protected":false},"featured_media":309,"comment_status":"open","ping_status":"closed","template":"","meta":{"_acf_changed":false,"inline_featured_image":false,"slim_seo":{"description":"AC013 Kukri Tactical Survival Knife \u00e4r precisionssmidd och har en bladfinish med fladdermusm\u00f6nster som kombinerar styrka och stil. Perfekt f\u00f6r camping, jakt, \u00f6verlevnad och \u00e4ventyr. Klicka f\u00f6r att l\u00e4sa mer!","title":"AC013 Kukri Tactical Survival Knife - ACECOLL"}},"product_brand":[],"product_cat":[16,26,19],"product_tag":[],"class_list":{"0":"post-228","1":"product","2":"type-product","3":"status-publish","4":"has-post-thumbnail","6":"product_cat-fixed-blade-knife","7":"product_cat-kukri-style-knives","8":"product_cat-tactical-knives","10":"first","11":"instock","12":"taxable","13":"shipping-taxable","14":"purchasable","15":"product-type-simple"},"acf":[],"_links":{"self":[{"href":"https:\/\/acecoll.com\/sv\/wp-json\/wp\/v2\/product\/228","targetHints":{"allow":["GET"]}}],"collection":[{"href":"https:\/\/acecoll.com\/sv\/wp-json\/wp\/v2\/product"}],"about":[{"href":"https:\/\/acecoll.com\/sv\/wp-json\/wp\/v2\/types\/product"}],"replies":[{"embeddable":true,"href":"https:\/\/acecoll.com\/sv\/wp-json\/wp\/v2\/comments?post=228"}],"version-history":[{"count":5,"href":"https:\/\/acecoll.com\/sv\/wp-json\/wp\/v2\/product\/228\/revisions"}],"predecessor-version":[{"id":1427,"href":"https:\/\/acecoll.com\/sv\/wp-json\/wp\/v2\/product\/228\/revisions\/1427"}],"wp:featuredmedia":[{"embeddable":true,"href":"https:\/\/acecoll.com\/sv\/wp-json\/wp\/v2\/media\/309"}],"wp:attachment":[{"href":"https:\/\/acecoll.com\/sv\/wp-json\/wp\/v2\/media?parent=228"}],"wp:term":[{"taxonomy":"product_brand","embeddable":true,"href":"https:\/\/acecoll.com\/sv\/wp-json\/wp\/v2\/product_brand?post=228"},{"taxonomy":"product_cat","embeddable":true,"href":"https:\/\/acecoll.com\/sv\/wp-json\/wp\/v2\/product_cat?post=228"},{"taxonomy":"product_tag","embeddable":true,"href":"https:\/\/acecoll.com\/sv\/wp-json\/wp\/v2\/product_tag?post=228"}],"curies":[{"name":"wp","href":"https:\/\/api.w.org\/{rel}","templated":true}]}}