{"id":229,"date":"2025-10-28T07:38:41","date_gmt":"2025-10-28T07:38:41","guid":{"rendered":"https:\/\/acecoll.com\/?post_type=product&#038;p=229"},"modified":"2026-02-11T07:22:10","modified_gmt":"2026-02-11T07:22:10","slug":"af014-kukri-kniv-brunt-tra-dc53-stal","status":"publish","type":"product","link":"https:\/\/acecoll.com\/sv\/product\/af014-kukri-kniv-brunt-tra-dc53-stal\/","title":{"rendered":"AC014 Medium Kukri \u00f6verlevnadskniv"},"content":{"rendered":"<p>The AC014 Medium Kukri Survival Knife is a high-end outdoor blade that combines traditional craftsmanship with modern precision. Its design is inspired by the classic Nepali Kukri, featuring a forward-curved blade that delivers greater leverage and cutting efficiency with every swing.<\/p>\n<p>Bladet \u00e4r smidd av det h\u00f6gpresterande verktygsst\u00e5let DC53 med h\u00f6g kolhalt med hj\u00e4lp av avancerad smidesteknik. Det uppn\u00e5r en h\u00e5rdhet p\u00e5 60+ HRC, vilket garanterar l\u00e5ngvarig sk\u00e4rpa tillsammans med utm\u00e4rkt seghet och slitstyrka.<\/p>\n<p>Bladet \u00e4r byggt med en full-tang-struktur som l\u00f6per genom hela handtaget f\u00f6r maximal styrka och stabilitet.<\/p>\n<p>Handtaget i l\u00f6vtr\u00e4 har en ergonomisk kontur som ger ett bekv\u00e4mt, halkfritt grepp och ger stadig kontroll \u00e4ven vid l\u00e5ngvarig anv\u00e4ndning.<\/p>\n<p>Kniven levereras med en m\u00f6rkbrun \u00e4kta l\u00e4derslida utrustad med en s\u00e4kerhetsrem och b\u00e4ltes\u00f6gla f\u00f6r bekv\u00e4m b\u00e4rning och f\u00f6rvaring.<\/p>\n<p>Whether for camping, hunting, bushcraft, or survival missions, the AC014 stands as a reliable companion\u2014embodying a perfect balance of power and craftsmanship.<\/p>","protected":false},"excerpt":{"rendered":"<p>Kukri-bladets design: Den klassiskt b\u00f6jda Kukri-profilen ger kraftfull huggkraft med mindre anstr\u00e4ngning.<br \/>\nH\u00f6gpresterande st\u00e5l: Tillverkad av DC53 verktygsst\u00e5l med h\u00f6g kolhalt och avancerad v\u00e4rmebehandlingsteknik, som n\u00e5r 60+ HRC f\u00f6r exceptionell sk\u00e4rpa och styrka.<br \/>\nStabil och p\u00e5litlig: Full-tang-konstruktionen l\u00f6per genom hela handtaget, vilket ger \u00f6verl\u00e4gsen stabilitet och h\u00e5llbarhet.<br \/>\nBekv\u00e4mt, halkfritt grepp: Handtaget i f\u00f6rstklassigt l\u00f6vtr\u00e4 med ergonomiskt b\u00f6jd form ger ett s\u00e4kert och bekv\u00e4mt grepp och bibeh\u00e5ller utm\u00e4rkt kontroll vid l\u00e5ngvarig anv\u00e4ndning.<br \/>\nS\u00e4ker och b\u00e4rbar: Levereras med ett fodral i \u00e4kta l\u00e4der med s\u00e4kerhetsrem och b\u00e4ltes\u00f6gla f\u00f6r enkel transport och snabb \u00e5tkomst i f\u00e4lt.<br \/>\nM\u00e5ngsidig utomhusanv\u00e4ndning: Idealisk f\u00f6r camping, jakt, \u00f6verlevnad och bushcraft-\u00e4ventyr - ett allroundverktyg f\u00f6r kr\u00e4vande utomhusuppgifter.<\/p>","protected":false},"featured_media":1391,"comment_status":"open","ping_status":"closed","template":"","meta":{"_acf_changed":false,"inline_featured_image":false,"slim_seo":{"description":"AC014 Medium Kukri \u00f6verlevnadskniv kombinerar traditionellt hantverk med modern precision. Perfekt f\u00f6r camping, jakt, bushcraft och \u00f6verlevnad utomhus. Utforska fler premiumknivar f\u00f6r utomhusbruk - nu trendiga, klicka f\u00f6r att l\u00e4ra dig mer!","title":"AC014 Medium Kukri Survival Knife - ACECOLL"}},"product_brand":[],"product_cat":[16,26],"product_tag":[],"class_list":{"0":"post-229","1":"product","2":"type-product","3":"status-publish","4":"has-post-thumbnail","6":"product_cat-fixed-blade-knife","7":"product_cat-kukri-style-knives","9":"first","10":"instock","11":"taxable","12":"shipping-taxable","13":"purchasable","14":"product-type-simple"},"acf":[],"_links":{"self":[{"href":"https:\/\/acecoll.com\/sv\/wp-json\/wp\/v2\/product\/229","targetHints":{"allow":["GET"]}}],"collection":[{"href":"https:\/\/acecoll.com\/sv\/wp-json\/wp\/v2\/product"}],"about":[{"href":"https:\/\/acecoll.com\/sv\/wp-json\/wp\/v2\/types\/product"}],"replies":[{"embeddable":true,"href":"https:\/\/acecoll.com\/sv\/wp-json\/wp\/v2\/comments?post=229"}],"version-history":[{"count":5,"href":"https:\/\/acecoll.com\/sv\/wp-json\/wp\/v2\/product\/229\/revisions"}],"predecessor-version":[{"id":1393,"href":"https:\/\/acecoll.com\/sv\/wp-json\/wp\/v2\/product\/229\/revisions\/1393"}],"wp:featuredmedia":[{"embeddable":true,"href":"https:\/\/acecoll.com\/sv\/wp-json\/wp\/v2\/media\/1391"}],"wp:attachment":[{"href":"https:\/\/acecoll.com\/sv\/wp-json\/wp\/v2\/media?parent=229"}],"wp:term":[{"taxonomy":"product_brand","embeddable":true,"href":"https:\/\/acecoll.com\/sv\/wp-json\/wp\/v2\/product_brand?post=229"},{"taxonomy":"product_cat","embeddable":true,"href":"https:\/\/acecoll.com\/sv\/wp-json\/wp\/v2\/product_cat?post=229"},{"taxonomy":"product_tag","embeddable":true,"href":"https:\/\/acecoll.com\/sv\/wp-json\/wp\/v2\/product_tag?post=229"}],"curies":[{"name":"wp","href":"https:\/\/api.w.org\/{rel}","templated":true}]}}