{"id":230,"date":"2025-10-28T07:38:41","date_gmt":"2025-10-28T07:38:41","guid":{"rendered":"https:\/\/acecoll.com\/?post_type=product&#038;p=230"},"modified":"2026-02-11T07:22:20","modified_gmt":"2026-02-11T07:22:20","slug":"af015-tanto-kniv-med-fast-blad-silver-d2-stal-ebenholtshandtag","status":"publish","type":"product","link":"https:\/\/acecoll.com\/sv\/product\/af015-tanto-kniv-med-fast-blad-silver-d2-stal-ebenholtshandtag\/","title":{"rendered":"AC015 Tanto Kniv med Ebenholtshandtag"},"content":{"rendered":"<p>AC015 Ebony Handle Tanto Knife combines strength with refined craftsmanship.<br \/>\nBladet \u00e4r tillverkat av h\u00f6gpresterande D2-st\u00e5l med en h\u00e5rdhet p\u00e5 \u00f6ver 60 HRC, vilket ger utm\u00e4rkt sk\u00e4rpa och h\u00e5llbarhet.<br \/>\nDess full-tang-design l\u00f6per genom hela handtaget och \u00e4r f\u00f6rst\u00e4rkt med m\u00e4ssingsnitar f\u00f6r \u00f6verl\u00e4gsen styrka och stabilitet.<br \/>\nDet snidade ebenholtshandtaget ger en sl\u00e4t textur, bekv\u00e4mt grepp och tillf\u00f6rlitligt halkskydd, vilket kombinerar praktisk funktion med samlarv\u00e4rde.<br \/>\nDen levereras med en handgjord l\u00e4der- och tr\u00e4slida, exakt anpassad och fint tillverkad f\u00f6r att skydda kniven samtidigt som den ger ett elegant premiumutseende.<br \/>\nA truly collectible premium Tanto knife.<\/p>","protected":false},"excerpt":{"rendered":"<p data-start=\"1551\" data-end=\"1641\">Blad i premium D2-st\u00e5l - h\u00f6g h\u00e5rdhet och utm\u00e4rkt sk\u00e4rpeh\u00e5llning f\u00f6r utomhusbruk.<\/p>\n<p data-start=\"1644\" data-end=\"1727\">Full Tang-konstruktion - garanterar h\u00e5llbarhet och styrka f\u00f6r kr\u00e4vande uppgifter.<\/p>\n<p data-start=\"1730\" data-end=\"1806\">Handtag i snidad ebenholts - bekv\u00e4mt grepp med elegant, halkskyddande design.<\/p>\n<p data-start=\"1809\" data-end=\"1883\">L\u00e4der- och tr\u00e4slida - s\u00e4ker, snygg och h\u00e5llbar f\u00f6r att b\u00e4ra i b\u00e4ltet.<\/p>\n<p data-start=\"1886\" data-end=\"1972\">M\u00e5ngsidigt utomhusverktyg - perfekt f\u00f6r jakt, \u00f6verlevnad, camping och samling.<\/p>","protected":false},"featured_media":320,"comment_status":"open","ping_status":"closed","template":"","meta":{"_acf_changed":false,"inline_featured_image":false,"slim_seo":{"description":"AC015 Tanto Knife har h\u00f6gpresterande D2-st\u00e5l, ett ergonomiskt ebenholtshandtag och en handgjord slida i l\u00e4der och tr\u00e4. En premiumkniv som blandar h\u00e5llbarhet, elegans och hantverk.","title":"AC015 Ebony Handle Tanto Knife - ACECOLL"}},"product_brand":[],"product_cat":[16,21],"product_tag":[],"class_list":{"0":"post-230","1":"product","2":"type-product","3":"status-publish","4":"has-post-thumbnail","6":"product_cat-fixed-blade-knife","7":"product_cat-tanto-knives","9":"first","10":"instock","11":"taxable","12":"shipping-taxable","13":"purchasable","14":"product-type-simple"},"acf":[],"_links":{"self":[{"href":"https:\/\/acecoll.com\/sv\/wp-json\/wp\/v2\/product\/230","targetHints":{"allow":["GET"]}}],"collection":[{"href":"https:\/\/acecoll.com\/sv\/wp-json\/wp\/v2\/product"}],"about":[{"href":"https:\/\/acecoll.com\/sv\/wp-json\/wp\/v2\/types\/product"}],"replies":[{"embeddable":true,"href":"https:\/\/acecoll.com\/sv\/wp-json\/wp\/v2\/comments?post=230"}],"version-history":[{"count":6,"href":"https:\/\/acecoll.com\/sv\/wp-json\/wp\/v2\/product\/230\/revisions"}],"predecessor-version":[{"id":1635,"href":"https:\/\/acecoll.com\/sv\/wp-json\/wp\/v2\/product\/230\/revisions\/1635"}],"wp:featuredmedia":[{"embeddable":true,"href":"https:\/\/acecoll.com\/sv\/wp-json\/wp\/v2\/media\/320"}],"wp:attachment":[{"href":"https:\/\/acecoll.com\/sv\/wp-json\/wp\/v2\/media?parent=230"}],"wp:term":[{"taxonomy":"product_brand","embeddable":true,"href":"https:\/\/acecoll.com\/sv\/wp-json\/wp\/v2\/product_brand?post=230"},{"taxonomy":"product_cat","embeddable":true,"href":"https:\/\/acecoll.com\/sv\/wp-json\/wp\/v2\/product_cat?post=230"},{"taxonomy":"product_tag","embeddable":true,"href":"https:\/\/acecoll.com\/sv\/wp-json\/wp\/v2\/product_tag?post=230"}],"curies":[{"name":"wp","href":"https:\/\/api.w.org\/{rel}","templated":true}]}}