{"id":231,"date":"2025-10-28T07:38:41","date_gmt":"2025-10-28T07:38:41","guid":{"rendered":"https:\/\/acecoll.com\/?post_type=product&#038;p=231"},"modified":"2025-11-03T14:34:32","modified_gmt":"2025-11-03T14:34:32","slug":"af016-taktisk-overlevnadskniv-med-fast-blad-d2-stal","status":"publish","type":"product","link":"https:\/\/acecoll.com\/sv\/product\/af016-taktisk-overlevnadskniv-med-fast-blad-d2-stal\/","title":{"rendered":"AC016 Medium Clip Point taktisk \u00f6verlevnadskniv"},"content":{"rendered":"<p>AC016 Medium Clip Point Tactical Survival Knife is a versatile outdoor tactical blade.<\/p>\n<p>The blade is forged from high-performance D2 tool steel with a hardness of 59\u201361 HRC, offering long-lasting sharpness and durability.<\/p>\n<p>Fulltangskonstruktionen str\u00e4cker sig genom hela handtaget, vilket ger stabilitet och tillf\u00f6rlitlighet vid tung anv\u00e4ndning.<\/p>\n<p>Handtaget \u00e4r tillverkat av glasfiberf\u00f6rst\u00e4rkt nylon (GFN) med h\u00f6g h\u00e5llfasthet, vilket ger ett bekv\u00e4mt, halkfritt och s\u00e4kert grepp f\u00f6r utm\u00e4rkt kontroll hela tiden.<\/p>\n<p>Den levereras med en slitstark och l\u00e4tt Kydex-slida med ett s\u00e4kert l\u00e5ssystem och justerbart b\u00e4ltesclips f\u00f6r bekv\u00e4m b\u00e4rning och snabb anv\u00e4ndning.<\/p>\n<p>Oavsett om du ska campa, jaga, fiska, vandra, utforska naturen eller anv\u00e4nda den som EDC i vardagen, levererar AC016 p\u00e5litlig prestanda och en exceptionell anv\u00e4ndarupplevelse.<\/p>\n<p>A professional-grade survival knife designed for true outdoor adventurers and tactical enthusiasts.<\/p>","protected":false},"excerpt":{"rendered":"<p data-start=\"1512\" data-end=\"1612\">Blad i premium D2-st\u00e5l: Tillverkat av h\u00f6gpresterande D2-verktygsst\u00e5l med en h\u00e5rdhet p\u00e5 59-61 HRC, vilket garanterar exceptionell sk\u00e4rpa och l\u00e5ngvarig eggh\u00e5llning.<br \/>\nP\u00e5litlig styrka: Fulltangskonstruktion med bladet genom handtaget f\u00f6r \u00f6verl\u00e4gsen styvhet och h\u00e5llbarhet vid tung utomhusanv\u00e4ndning.<br \/>\nErgonomiskt handtag: Tillverkad av h\u00f6gh\u00e5llfast glasfiberf\u00f6rst\u00e4rkt nylon med fingersk\u00e5ror f\u00f6r ett s\u00e4kert, bekv\u00e4mt och halkfritt grepp som m\u00f6jligg\u00f6r s\u00e4ker hantering.<br \/>\nSlitstark och l\u00e4ttviktig Kydex-slida: Har ett s\u00e4kert l\u00e5ssystem och justerbar b\u00e4lteskl\u00e4mma f\u00f6r enkel b\u00e4rning och snabb anv\u00e4ndning.<br \/>\nM\u00e5ngsidig anv\u00e4ndning: Idealisk f\u00f6r camping, jakt, fiske, vandring, \u00f6verlevnad utomhus och EDC.<\/p>","protected":false},"featured_media":966,"comment_status":"open","ping_status":"closed","template":"","meta":{"_acf_changed":false,"inline_featured_image":false,"slim_seo":{"description":"AC016 \u00e4r vass, h\u00e5llbar och m\u00e5ngsidig. Perfekt f\u00f6r camping, jakt, fiske, EDC och \u00f6verlevnad utomhus. En p\u00e5litlig f\u00f6ljeslagare f\u00f6r varje \u00e4ventyr. Nu trendigt - klicka f\u00f6r att l\u00e4ra dig mer","title":"AC016 Medium Clip Point Tactical Survival Knife - ACECOLL"}},"product_brand":[],"product_cat":[16,18,19],"product_tag":[],"class_list":{"0":"post-231","1":"product","2":"type-product","3":"status-publish","4":"has-post-thumbnail","6":"product_cat-fixed-blade-knife","7":"product_cat-survival-knives","8":"product_cat-tactical-knives","10":"first","11":"instock","12":"taxable","13":"shipping-taxable","14":"purchasable","15":"product-type-simple"},"acf":[],"_links":{"self":[{"href":"https:\/\/acecoll.com\/sv\/wp-json\/wp\/v2\/product\/231","targetHints":{"allow":["GET"]}}],"collection":[{"href":"https:\/\/acecoll.com\/sv\/wp-json\/wp\/v2\/product"}],"about":[{"href":"https:\/\/acecoll.com\/sv\/wp-json\/wp\/v2\/types\/product"}],"replies":[{"embeddable":true,"href":"https:\/\/acecoll.com\/sv\/wp-json\/wp\/v2\/comments?post=231"}],"version-history":[{"count":3,"href":"https:\/\/acecoll.com\/sv\/wp-json\/wp\/v2\/product\/231\/revisions"}],"predecessor-version":[{"id":974,"href":"https:\/\/acecoll.com\/sv\/wp-json\/wp\/v2\/product\/231\/revisions\/974"}],"wp:featuredmedia":[{"embeddable":true,"href":"https:\/\/acecoll.com\/sv\/wp-json\/wp\/v2\/media\/966"}],"wp:attachment":[{"href":"https:\/\/acecoll.com\/sv\/wp-json\/wp\/v2\/media?parent=231"}],"wp:term":[{"taxonomy":"product_brand","embeddable":true,"href":"https:\/\/acecoll.com\/sv\/wp-json\/wp\/v2\/product_brand?post=231"},{"taxonomy":"product_cat","embeddable":true,"href":"https:\/\/acecoll.com\/sv\/wp-json\/wp\/v2\/product_cat?post=231"},{"taxonomy":"product_tag","embeddable":true,"href":"https:\/\/acecoll.com\/sv\/wp-json\/wp\/v2\/product_tag?post=231"}],"curies":[{"name":"wp","href":"https:\/\/api.w.org\/{rel}","templated":true}]}}