{"id":232,"date":"2025-10-28T07:38:41","date_gmt":"2025-10-28T07:38:41","guid":{"rendered":"https:\/\/acecoll.com\/?post_type=product&#038;p=232"},"modified":"2026-02-11T07:22:54","modified_gmt":"2026-02-11T07:22:54","slug":"af019-medium-bowiekniv-full-tang-d2-stal","status":"publish","type":"product","link":"https:\/\/acecoll.com\/sv\/product\/af019-medium-bowiekniv-full-tang-d2-stal\/","title":{"rendered":"AC019 Arkansas Tandpetare-liknande kniv"},"content":{"rendered":"<p>AC019 Arkansas Toothpick-Style-kniv \u00e4r en fin Bowie-kniv som erbjuder b\u00e5de funktionell prestanda och samlarv\u00e4rde.<\/p>\n<p>Bladet \u00e4r tillverkat av h\u00f6gpresterande D2-st\u00e5l, handsmitt f\u00f6r att uppn\u00e5 en h\u00e5rdhet p\u00e5 61\u00b1HRC. Det \u00e4r vasst, slitstarkt och mycket korrosionsbest\u00e4ndigt.<\/p>\n<p>Kniven har en full-tang-konstruktion som g\u00f6r att den f\u00f6rblir solid och p\u00e5litlig \u00e4ven under kr\u00e4vande anv\u00e4ndning.<\/p>\n<p>Den l\u00e5ngstr\u00e4ckta profilen i kombination med en tjock rygg ger utm\u00e4rkt genomsk\u00e4rnings- och huggkraft, samtidigt som den klassiska Bowie-estetiken med styrka och balans framh\u00e4vs.<\/p>\n<p>Handtaget i massivt tr\u00e4 ligger bekv\u00e4mt i handen och st\u00e5lpinnen ger b\u00e5de b\u00e4ttre balans och h\u00e5llbarhet.<\/p>\n<p>Slidan i \u00e4kta l\u00e4der \u00e4r fint utformad f\u00f6r att skydda kniven och g\u00f6ra den bekv\u00e4m att b\u00e4ra p\u00e5 b\u00e4ltet eller i en ryggs\u00e4ck.<\/p>\n<p>Oavsett om det g\u00e4ller jakt, camping, djungel\u00f6verlevnad, utomhus\u00e4ventyr eller samlarobjekt fungerar AC019 med tillf\u00f6rlitlighet.<\/p>\n<p>&nbsp;<\/p>","protected":false},"excerpt":{"rendered":"<p><strong>Klassisk Bowie-design:<\/strong> Det l\u00e5ngstr\u00e4ckta bladet med sv\u00e4rdsliknande linjer ger b\u00e5de stark genomtr\u00e4ngningsf\u00f6rm\u00e5ga och elegant estetik, vilket visar en perfekt balans mellan styrka och hantverksskicklighet.<br \/>\n<strong>Blad av h\u00f6gpresterande D2-st\u00e5l:<\/strong> Med 61\u00b1HRC ger den varaktig sk\u00e4rpa, utm\u00e4rkt slitstyrka och \u00f6verl\u00e4gsen korrosionsbest\u00e4ndighet, perfekt f\u00f6r kr\u00e4vande utomhusuppgifter.<br \/>\n<strong>Full-Tang konstruktion:<\/strong> Bladet \u00e4r smidd i ett stycke f\u00f6r maximal styrka och stabilitet, vilket garanterar s\u00e4kerhet och tillf\u00f6rlitlighet vid hackning och st\u00f6tning<br \/>\n<strong>M\u00e5ngsidig anv\u00e4ndning utomhus:<\/strong> Perfekt f\u00f6r jakt, camping, \u00f6verlevnad i djungeln och utomhus\u00e4ventyr; kombinerar praktisk prestanda med samlarv\u00e4rde.<\/p>","protected":false},"featured_media":332,"comment_status":"open","ping_status":"closed","template":"","meta":{"_acf_changed":false,"inline_featured_image":false,"slim_seo":{"title":"Stor Bowie-kniv f\u00f6r utomhus\u00e4ventyr och samling - ACECOLL","description":"AC019 Stor Bowie-kniv, idealisk f\u00f6r jakt, camping, \u00f6verlevnad i djungeln och utomhus\u00e4ventyr. En premium Bowie-kniv som erbjuder b\u00e5de praktisk prestanda och samlarv\u00e4rde - nu hett s\u00e4ljande, klicka f\u00f6r att l\u00e4ra dig mer!"}},"product_brand":[],"product_cat":[22,16,23,18],"product_tag":[],"class_list":{"0":"post-232","1":"product","2":"type-product","3":"status-publish","4":"has-post-thumbnail","6":"product_cat-bowie-knife","7":"product_cat-fixed-blade-knife","8":"product_cat-hunting-knives","9":"product_cat-survival-knives","11":"first","12":"instock","13":"taxable","14":"shipping-taxable","15":"purchasable","16":"product-type-simple"},"acf":[],"_links":{"self":[{"href":"https:\/\/acecoll.com\/sv\/wp-json\/wp\/v2\/product\/232","targetHints":{"allow":["GET"]}}],"collection":[{"href":"https:\/\/acecoll.com\/sv\/wp-json\/wp\/v2\/product"}],"about":[{"href":"https:\/\/acecoll.com\/sv\/wp-json\/wp\/v2\/types\/product"}],"replies":[{"embeddable":true,"href":"https:\/\/acecoll.com\/sv\/wp-json\/wp\/v2\/comments?post=232"}],"version-history":[{"count":5,"href":"https:\/\/acecoll.com\/sv\/wp-json\/wp\/v2\/product\/232\/revisions"}],"predecessor-version":[{"id":1971,"href":"https:\/\/acecoll.com\/sv\/wp-json\/wp\/v2\/product\/232\/revisions\/1971"}],"wp:featuredmedia":[{"embeddable":true,"href":"https:\/\/acecoll.com\/sv\/wp-json\/wp\/v2\/media\/332"}],"wp:attachment":[{"href":"https:\/\/acecoll.com\/sv\/wp-json\/wp\/v2\/media?parent=232"}],"wp:term":[{"taxonomy":"product_brand","embeddable":true,"href":"https:\/\/acecoll.com\/sv\/wp-json\/wp\/v2\/product_brand?post=232"},{"taxonomy":"product_cat","embeddable":true,"href":"https:\/\/acecoll.com\/sv\/wp-json\/wp\/v2\/product_cat?post=232"},{"taxonomy":"product_tag","embeddable":true,"href":"https:\/\/acecoll.com\/sv\/wp-json\/wp\/v2\/product_tag?post=232"}],"curies":[{"name":"wp","href":"https:\/\/api.w.org\/{rel}","templated":true}]}}