{"id":233,"date":"2025-10-28T07:38:41","date_gmt":"2025-10-28T07:38:41","guid":{"rendered":"https:\/\/acecoll.com\/?post_type=product&#038;p=233"},"modified":"2026-02-11T07:23:19","modified_gmt":"2026-02-11T07:23:19","slug":"af021-bred-tantokniv-med-fast-blad","status":"publish","type":"product","link":"https:\/\/acecoll.com\/sv\/product\/af021-bred-tantokniv-med-fast-blad\/","title":{"rendered":"AC021 Medium taktisk machete | tung \u00f6verlevnadskniv"},"content":{"rendered":"<p>AC021 Medium Tactical Machete is a heavy-duty tactical survival knife designed for demanding outdoor use.<br \/>\nBladet \u00e4r smidd av h\u00f6gpresterande CPM-T440V verktygsst\u00e5l med h\u00f6g h\u00e5rdhet, sk\u00e4rpa och utm\u00e4rkt slitstyrka, som klarar av att hugga och utf\u00f6ra tunga kapningsuppgifter med l\u00e4tthet.<br \/>\nKniven har en full-tang-konstruktion f\u00f6r \u00f6verl\u00e4gsen styrka, stabilitet och s\u00e4kerhet.<br \/>\nDen 8 mm tjocka ryggraden ger enast\u00e5ende momentum och slagkraft, vilket g\u00f6r den idealisk f\u00f6r tr\u00e4bearbetning, l\u00e4geruppbyggnad eller \u00f6verlevnad i vildmarken.<\/p>\n<p>Handtaget i massivt tr\u00e4 ligger bekv\u00e4mt i handen och ger ett s\u00e4kert, halkfritt grepp, medan den handsydda l\u00e4derslidan tillf\u00f6r b\u00e5de funktionalitet och en raffinerad textur.<\/p>\n<p>Whether for camping, wood chopping, jungle exploration, or outdoor survival, the AC021 delivers powerful performance and excellent handling\u2014making it a trusted heavy-duty blade for outdoor enthusiasts and knife collectors alike.<\/p>","protected":false},"excerpt":{"rendered":"<p>H\u00f6gpresterande st\u00e5l: Smidd av f\u00f6rstklassigt CPM-T440V verktygsst\u00e5l med h\u00f6g h\u00e5rdhet och utm\u00e4rkt slitstyrka.<br \/>\n8 mm extra tjock rygg: Det medelkorta bladet med 8 mm tjocklek ger kraftfull huggningskraft och stark slagprestanda.<br \/>\nKonstruktion med full t\u00e5nge: Fulltangskonstruktion i ett stycke f\u00f6r \u00f6verl\u00e4gsen styrka och tillf\u00f6rlitlighet, perfekt f\u00f6r h\u00f6gintensiva utomhusuppgifter.<br \/>\nErgonomiskt tr\u00e4handtag: Fullt och bekv\u00e4mt grepp, halkfritt och s\u00e4kert, l\u00e4tt att kontrollera \u00e4ven vid l\u00e5ngvarig anv\u00e4ndning.<br \/>\nSlida i \u00e4kta l\u00e4der: Handsydd med fint hantverk, f\u00f6rstklassig textur och bekv\u00e4m att b\u00e4ra i b\u00e4ltet eller p\u00e5 axeln.<br \/>\nM\u00e5ngsidiga anv\u00e4ndningsomr\u00e5den: Perfekt f\u00f6r camping, vedhuggning, \u00f6verlevnad i vildmarken och taktisk tr\u00e4ning.<\/p>","protected":false},"featured_media":1015,"comment_status":"open","ping_status":"closed","template":"","meta":{"_acf_changed":false,"inline_featured_image":false,"slim_seo":{"description":"AC021 Medium Tactical Machete \u00e4r en kraftig \u00f6verlevnadskniv som kombinerar kraft och hantverk. f\u00f6r camping, tr\u00e4bearbetning, djungelutforskning och utomhus\u00f6verlevnad.L\u00e4s mer nu","title":"AC021 Medium Tactical Machete | Heavy Survival Knife - ACECOLL"}},"product_brand":[],"product_cat":[16,18,21],"product_tag":[],"class_list":{"0":"post-233","1":"product","2":"type-product","3":"status-publish","4":"has-post-thumbnail","6":"product_cat-fixed-blade-knife","7":"product_cat-survival-knives","8":"product_cat-tanto-knives","10":"first","11":"instock","12":"taxable","13":"shipping-taxable","14":"purchasable","15":"product-type-simple"},"acf":[],"_links":{"self":[{"href":"https:\/\/acecoll.com\/sv\/wp-json\/wp\/v2\/product\/233","targetHints":{"allow":["GET"]}}],"collection":[{"href":"https:\/\/acecoll.com\/sv\/wp-json\/wp\/v2\/product"}],"about":[{"href":"https:\/\/acecoll.com\/sv\/wp-json\/wp\/v2\/types\/product"}],"replies":[{"embeddable":true,"href":"https:\/\/acecoll.com\/sv\/wp-json\/wp\/v2\/comments?post=233"}],"version-history":[{"count":4,"href":"https:\/\/acecoll.com\/sv\/wp-json\/wp\/v2\/product\/233\/revisions"}],"predecessor-version":[{"id":1397,"href":"https:\/\/acecoll.com\/sv\/wp-json\/wp\/v2\/product\/233\/revisions\/1397"}],"wp:featuredmedia":[{"embeddable":true,"href":"https:\/\/acecoll.com\/sv\/wp-json\/wp\/v2\/media\/1015"}],"wp:attachment":[{"href":"https:\/\/acecoll.com\/sv\/wp-json\/wp\/v2\/media?parent=233"}],"wp:term":[{"taxonomy":"product_brand","embeddable":true,"href":"https:\/\/acecoll.com\/sv\/wp-json\/wp\/v2\/product_brand?post=233"},{"taxonomy":"product_cat","embeddable":true,"href":"https:\/\/acecoll.com\/sv\/wp-json\/wp\/v2\/product_cat?post=233"},{"taxonomy":"product_tag","embeddable":true,"href":"https:\/\/acecoll.com\/sv\/wp-json\/wp\/v2\/product_tag?post=233"}],"curies":[{"name":"wp","href":"https:\/\/api.w.org\/{rel}","templated":true}]}}