{"id":234,"date":"2025-10-28T07:38:41","date_gmt":"2025-10-28T07:38:41","guid":{"rendered":"https:\/\/acecoll.com\/?post_type=product&#038;p=234"},"modified":"2026-02-11T07:23:28","modified_gmt":"2026-02-11T07:23:28","slug":"af022-damaskusstal-utomhuskniv-handtag-i-ebenholts","status":"publish","type":"product","link":"https:\/\/acecoll.com\/sv\/product\/af022-damaskusstal-utomhuskniv-handtag-i-ebenholts\/","title":{"rendered":"AC022 Damaskus Tanto Kniv"},"content":{"rendered":"<p>AC022 Tanto Damaskuskniv \u00e4r en handgjord premiumkniv som kombinerar konstn\u00e4rskap och prestanda.<br \/>\nBladet \u00e4r tillverkat av h\u00f6gkvalitativt Damaskus-st\u00e5l som smitts och v\u00e4rmebehandlats genom flera lager f\u00f6r att skapa ett unikt 3D-v\u00e5gm\u00f6nster. Det \u00e4r vasst, slitstarkt och erbjuder exceptionell seghet och stabilitet.<br \/>\nKniven har en full-tang-konstruktion, d\u00e4r bladet l\u00f6per genom handtaget f\u00f6r att s\u00e4kerst\u00e4lla styrka och tillf\u00f6rlitlighet vid tung anv\u00e4ndning.<br \/>\nHandtaget \u00e4r tillverkat av m\u00f6rkt ebenholts och ger ett bekv\u00e4mt grepp med b\u00e5de elegans och funktionalitet.<br \/>\nDen levereras med en uts\u00f6kt l\u00e4derslida f\u00f6r bekv\u00e4m transport och effektivt skydd.<br \/>\nWhether for camping, hunting, outdoor adventures, or as a collector\u2019s display piece, the AC022 stands out with its superb craftsmanship and powerful aesthetics, making it a truly reliable and collectible Damascus knife.<\/p>","protected":false},"excerpt":{"rendered":"<p data-start=\"830\" data-end=\"928\">Premium Damascus Steel Blade - Tillverkad av h\u00f6gpresterande Damascus-st\u00e5l, smidd och kyld genom flera lager f\u00f6r att skapa ett unikt 3D-v\u00e5gm\u00f6nster. Kombinerar b\u00e5de funktionalitet och samlarv\u00e4rde.<br \/>\nFulltangskonstruktion - bladet l\u00f6per genom handtaget, vilket ger enast\u00e5ende styrka, balans och tillf\u00f6rlitlighet.<br \/>\nHandtag i ebenholts, bekv\u00e4mt och halkfritt - Tillverkat av utvalt ebenholts, vilket ger ett smidigt, ergonomiskt grepp som \u00e4r b\u00e5de elegant och praktiskt.<br \/>\nUts\u00f6kt \u00e4kta l\u00e4derslida - Handsydd l\u00e4derslida med en tjock textur som skyddar kniven samtidigt som den ger en vintage-estetik.<br \/>\nHandsmitt hantverk med h\u00f6gt samlarv\u00e4rde - Varje kniv \u00e4r individuellt handsmidd av skickliga hantverkare, vilket kr\u00e4ver en l\u00e5ng produktionscykel och komplexa tekniker, vilket g\u00f6r den till ett \u00e4kta samlarobjekt.<\/p>","protected":false},"featured_media":1025,"comment_status":"open","ping_status":"closed","template":"","meta":{"_acf_changed":false,"inline_featured_image":false,"slim_seo":{"description":"AC022 Tanto Damaskuskniv, oavsett om den anv\u00e4nds f\u00f6r \u00f6verlevnad utomhus, camping, jakt eller som samlarobjekt, visar upp exceptionell hantverksskicklighet och styrka. Nu trendigt - klicka f\u00f6r att l\u00e4ra dig mer!","title":"AC022 Damascus Tanto Knife - ACECOLL"}},"product_brand":[],"product_cat":[23,18,21],"product_tag":[],"class_list":{"0":"post-234","1":"product","2":"type-product","3":"status-publish","4":"has-post-thumbnail","6":"product_cat-hunting-knives","7":"product_cat-survival-knives","8":"product_cat-tanto-knives","10":"first","11":"instock","12":"taxable","13":"shipping-taxable","14":"purchasable","15":"product-type-simple"},"acf":[],"_links":{"self":[{"href":"https:\/\/acecoll.com\/sv\/wp-json\/wp\/v2\/product\/234","targetHints":{"allow":["GET"]}}],"collection":[{"href":"https:\/\/acecoll.com\/sv\/wp-json\/wp\/v2\/product"}],"about":[{"href":"https:\/\/acecoll.com\/sv\/wp-json\/wp\/v2\/types\/product"}],"replies":[{"embeddable":true,"href":"https:\/\/acecoll.com\/sv\/wp-json\/wp\/v2\/comments?post=234"}],"version-history":[{"count":6,"href":"https:\/\/acecoll.com\/sv\/wp-json\/wp\/v2\/product\/234\/revisions"}],"predecessor-version":[{"id":1705,"href":"https:\/\/acecoll.com\/sv\/wp-json\/wp\/v2\/product\/234\/revisions\/1705"}],"wp:featuredmedia":[{"embeddable":true,"href":"https:\/\/acecoll.com\/sv\/wp-json\/wp\/v2\/media\/1025"}],"wp:attachment":[{"href":"https:\/\/acecoll.com\/sv\/wp-json\/wp\/v2\/media?parent=234"}],"wp:term":[{"taxonomy":"product_brand","embeddable":true,"href":"https:\/\/acecoll.com\/sv\/wp-json\/wp\/v2\/product_brand?post=234"},{"taxonomy":"product_cat","embeddable":true,"href":"https:\/\/acecoll.com\/sv\/wp-json\/wp\/v2\/product_cat?post=234"},{"taxonomy":"product_tag","embeddable":true,"href":"https:\/\/acecoll.com\/sv\/wp-json\/wp\/v2\/product_tag?post=234"}],"curies":[{"name":"wp","href":"https:\/\/api.w.org\/{rel}","templated":true}]}}