{"id":235,"date":"2025-10-28T07:38:41","date_gmt":"2025-10-28T07:38:41","guid":{"rendered":"https:\/\/acecoll.com\/?post_type=product&#038;p=235"},"modified":"2026-02-11T07:23:39","modified_gmt":"2026-02-11T07:23:39","slug":"af023-taktisk-kniv-med-fast-blad-sand-g10-handtag-vg10-stal","status":"publish","type":"product","link":"https:\/\/acecoll.com\/sv\/product\/af023-taktisk-kniv-med-fast-blad-sand-g10-handtag-vg10-stal\/","title":{"rendered":"AC023 Taktisk kniv med fast blad - Sand G10-handtag, VG10-st\u00e5l"},"content":{"rendered":"<p>AC023 Medium-Short Tactical Knife \u00e4r en premiumkniv f\u00f6r utomhusbruk som kombinerar hantverksskicklighet med prestanda i f\u00e4lt.<br \/>\nBladet \u00e4r smidd av h\u00f6gkvalitativt VG10 rostfritt st\u00e5l och handpolerat genom tusentals cykler till en spegelliknande finish, vilket visar p\u00e5 ett exceptionellt hantverk.<br \/>\nEn 8 mm tjock rygg ger kraftfull genomtr\u00e4ngnings- och hackningsf\u00f6rm\u00e5ga.<br \/>\nG10-handtaget ger ett bekv\u00e4mt, halkfritt och slitstarkt grepp som garanterar s\u00e4ker kontroll \u00e4ven i tuffa milj\u00f6er.<br \/>\nDen levereras med en l\u00e4tt och t\u00e5lig Kydex-slida f\u00f6r enkel transport och snabb \u00e5tkomst.<br \/>\nOavsett om det g\u00e4ller camping, jakt, \u00f6verlevnads\u00e4ventyr eller EDC i vardagen levererar AC023 enast\u00e5ende prestanda och raffinerad kvalitet, vilket g\u00f6r den till en p\u00e5litlig taktisk f\u00f6ljeslagare.<\/p>","protected":false},"excerpt":{"rendered":"<p>F\u00f6rstklassigt hantverk: Blad i rostfritt VG10-st\u00e5l, spegelpolerat genom tusentals handbearbetningsprocesser f\u00f6r en ljus, reflekterande yta.<br \/>\nH\u00f6gh\u00e5llfast blad: 8 mm tjock ryggrad ger exceptionell genomtr\u00e4ngnings- och huggkraft.<br \/>\nS\u00e4kert grepp: Texturerat G10-handtag ger b\u00e4ttre kontroll och stabilitet under alla f\u00f6rh\u00e5llanden.<br \/>\nFodral i Kydex: Levereras med en t\u00e5lig Kydex-slida f\u00f6r enkel transport och snabb \u00e5tkomst.<br \/>\nM\u00e5ngsidig anv\u00e4ndning: Idealisk f\u00f6r jakt, camping, \u00f6verlevnad utomhus, \u00e4ventyr och EDC.<\/p>","protected":false},"featured_media":1415,"comment_status":"open","ping_status":"closed","template":"","meta":{"_acf_changed":false,"inline_featured_image":false,"slim_seo":{"title":"AC023 Tactical Fixed Blade Knife - Sand G10 Handle, VG10 Steel - ACECOLL","description":"F\u00f6rstklassigt hantverk: Blad i rostfritt VG10-st\u00e5l, spegelpolerat genom tusentals handbearbetningsprocesser f\u00f6r en ljus, reflekterande yta. H\u00f6g h\u00e5llfasthet"}},"product_brand":[],"product_cat":[16,17,18,19],"product_tag":[],"class_list":{"0":"post-235","1":"product","2":"type-product","3":"status-publish","4":"has-post-thumbnail","6":"product_cat-fixed-blade-knife","7":"product_cat-full-tang-knives","8":"product_cat-survival-knives","9":"product_cat-tactical-knives","11":"first","12":"instock","13":"taxable","14":"shipping-taxable","15":"purchasable","16":"product-type-simple"},"acf":[],"_links":{"self":[{"href":"https:\/\/acecoll.com\/sv\/wp-json\/wp\/v2\/product\/235","targetHints":{"allow":["GET"]}}],"collection":[{"href":"https:\/\/acecoll.com\/sv\/wp-json\/wp\/v2\/product"}],"about":[{"href":"https:\/\/acecoll.com\/sv\/wp-json\/wp\/v2\/types\/product"}],"replies":[{"embeddable":true,"href":"https:\/\/acecoll.com\/sv\/wp-json\/wp\/v2\/comments?post=235"}],"version-history":[{"count":5,"href":"https:\/\/acecoll.com\/sv\/wp-json\/wp\/v2\/product\/235\/revisions"}],"predecessor-version":[{"id":1422,"href":"https:\/\/acecoll.com\/sv\/wp-json\/wp\/v2\/product\/235\/revisions\/1422"}],"wp:featuredmedia":[{"embeddable":true,"href":"https:\/\/acecoll.com\/sv\/wp-json\/wp\/v2\/media\/1415"}],"wp:attachment":[{"href":"https:\/\/acecoll.com\/sv\/wp-json\/wp\/v2\/media?parent=235"}],"wp:term":[{"taxonomy":"product_brand","embeddable":true,"href":"https:\/\/acecoll.com\/sv\/wp-json\/wp\/v2\/product_brand?post=235"},{"taxonomy":"product_cat","embeddable":true,"href":"https:\/\/acecoll.com\/sv\/wp-json\/wp\/v2\/product_cat?post=235"},{"taxonomy":"product_tag","embeddable":true,"href":"https:\/\/acecoll.com\/sv\/wp-json\/wp\/v2\/product_tag?post=235"}],"curies":[{"name":"wp","href":"https:\/\/api.w.org\/{rel}","templated":true}]}}