{"id":236,"date":"2025-10-28T07:38:41","date_gmt":"2025-10-28T07:38:41","guid":{"rendered":"https:\/\/acecoll.com\/?post_type=product&#038;p=236"},"modified":"2026-03-26T07:36:17","modified_gmt":"2026-03-26T07:36:17","slug":"af024-taktisk-kniv-med-fast-blad-san-mai-stal-g10-handtag-full-tang","status":"publish","type":"product","link":"https:\/\/acecoll.com\/sv\/product\/af024-taktisk-kniv-med-fast-blad-san-mai-stal-g10-handtag-full-tang\/","title":{"rendered":"AC024 San mai taktisk \u00f6verlevnadskniv"},"content":{"rendered":"<p>AC024 San Mai Tactical Survival Knife \u00e4r en f\u00f6rstklassig friluftskniv som kombinerar avancerat smideshantverk med praktisk prestanda.<br \/>\nBladet anv\u00e4nder avancerad San Mai-smidesteknik, som perfekt integrerar tre olika st\u00e5l f\u00f6r att uppn\u00e5 utm\u00e4rkt sk\u00e4rpa, seghet och korrosionsbest\u00e4ndighet.<br \/>\nKniven har en full-tang-konstruktion, vilket ger stabilitet och tillf\u00f6rlitlighet under tung anv\u00e4ndning.<br \/>\nDet ergonomiska, halkfria handtaget ger ett bekv\u00e4mt grepp och bibeh\u00e5ller kontrollen \u00e4ven i v\u00e5ta eller tuffa milj\u00f6er.<br \/>\nDen levereras med en slitstark och l\u00e4tt Kydex-slida f\u00f6r enkel b\u00e4rning och snabb dragning, l\u00e4mplig f\u00f6r utomhusbruk, \u00f6verlevnad och taktiska till\u00e4mpningar.<br \/>\nVarje AC024 \u00e4r smidd enligt h\u00f6ga standarder med komplext hantverk och h\u00f6ga produktionskostnader, vilket ger b\u00e5de praktisk prestanda och samlarv\u00e4rde.<\/p>","protected":false},"excerpt":{"rendered":"<p>Premium San Mai-hantverksskicklighet: Smidd med avancerad San Mai-teknik som kombinerar tre olika st\u00e5l f\u00f6r sk\u00e4rpa, seghet och utm\u00e4rkt korrosionsbest\u00e4ndighet.<br \/>\nKonstruktion med full t\u00e5nge: Bladet l\u00f6per genom hela handtaget, vilket garanterar styrka och tillf\u00f6rlitlighet vid kr\u00e4vande anv\u00e4ndning.<br \/>\nErgonomiskt handtag med halkskydd: Tillverkat av slitstarkt material f\u00f6r ett bekv\u00e4mt och s\u00e4kert grepp som ger exakt kontroll \u00e4ven i v\u00e5ta f\u00f6rh\u00e5llanden.<br \/>\nKydex mantel: L\u00e4tt och t\u00e5lig, st\u00f6der snabb dragning och s\u00e4ker b\u00e4rning, l\u00e4mplig f\u00f6r utomhusbruk, \u00f6verlevnad och taktisk anv\u00e4ndning.<br \/>\nKvalitet f\u00f6r samlare: San Mai-st\u00e5l kr\u00e4ver ett mycket komplext och kostsamt hantverk och erbjuder enast\u00e5ende kvalitet och samlarv\u00e4rde.<\/p>","protected":false},"featured_media":357,"comment_status":"open","ping_status":"closed","template":"","meta":{"_acf_changed":false,"inline_featured_image":false,"slim_seo":{"description":"AC024 San Mai Tactical Survival Knife kombinerar sk\u00e4rpa, seghet och utm\u00e4rkt korrosionsbest\u00e4ndighet. Tillverkad med f\u00f6rstklassigt San Mai-hantverk och kvalitet i samlarklass","title":"AC024 San mai Tactical Survival Knife - ACECOLL"}},"product_brand":[],"product_cat":[16,18,19],"product_tag":[],"class_list":{"0":"post-236","1":"product","2":"type-product","3":"status-publish","4":"has-post-thumbnail","6":"product_cat-fixed-blade-knife","7":"product_cat-survival-knives","8":"product_cat-tactical-knives","10":"first","11":"instock","12":"taxable","13":"shipping-taxable","14":"purchasable","15":"product-type-simple"},"acf":[],"_links":{"self":[{"href":"https:\/\/acecoll.com\/sv\/wp-json\/wp\/v2\/product\/236","targetHints":{"allow":["GET"]}}],"collection":[{"href":"https:\/\/acecoll.com\/sv\/wp-json\/wp\/v2\/product"}],"about":[{"href":"https:\/\/acecoll.com\/sv\/wp-json\/wp\/v2\/types\/product"}],"replies":[{"embeddable":true,"href":"https:\/\/acecoll.com\/sv\/wp-json\/wp\/v2\/comments?post=236"}],"version-history":[{"count":5,"href":"https:\/\/acecoll.com\/sv\/wp-json\/wp\/v2\/product\/236\/revisions"}],"predecessor-version":[{"id":1975,"href":"https:\/\/acecoll.com\/sv\/wp-json\/wp\/v2\/product\/236\/revisions\/1975"}],"wp:featuredmedia":[{"embeddable":true,"href":"https:\/\/acecoll.com\/sv\/wp-json\/wp\/v2\/media\/357"}],"wp:attachment":[{"href":"https:\/\/acecoll.com\/sv\/wp-json\/wp\/v2\/media?parent=236"}],"wp:term":[{"taxonomy":"product_brand","embeddable":true,"href":"https:\/\/acecoll.com\/sv\/wp-json\/wp\/v2\/product_brand?post=236"},{"taxonomy":"product_cat","embeddable":true,"href":"https:\/\/acecoll.com\/sv\/wp-json\/wp\/v2\/product_cat?post=236"},{"taxonomy":"product_tag","embeddable":true,"href":"https:\/\/acecoll.com\/sv\/wp-json\/wp\/v2\/product_tag?post=236"}],"curies":[{"name":"wp","href":"https:\/\/api.w.org\/{rel}","templated":true}]}}