{"id":237,"date":"2025-10-28T07:38:41","date_gmt":"2025-10-28T07:38:41","guid":{"rendered":"https:\/\/acecoll.com\/?post_type=product&#038;p=237"},"modified":"2026-02-11T07:24:30","modified_gmt":"2026-02-11T07:24:30","slug":"af029-taktisk-overlevnadskniv-bowie-med-fast-blad-rostfritt-stal","status":"publish","type":"product","link":"https:\/\/acecoll.com\/sv\/product\/af029-taktisk-overlevnadskniv-bowie-med-fast-blad-rostfritt-stal\/","title":{"rendered":"AC029 Stor Bowie-kniv f\u00f6r taktik och \u00f6verlevnad"},"content":{"rendered":"<p>The AC029 Large Tactical &amp; Survival Bowie Knife is designed for outdoor adventure and survival situations.<\/p>\n<p>Den har en full-tang-konstruktion med ett blad i h\u00f6gh\u00e5llfast premiumst\u00e5l, smidd och h\u00e4rdat vid h\u00f6ga temperaturer f\u00f6r \u00f6verl\u00e4gsen h\u00e5rdhet och slitstyrka. Bladet f\u00f6rblir vasst och h\u00e5llbart, med en tjocklek p\u00e5 upp till 5 mm, vilket garanterar extrem tillf\u00f6rlitlighet.<\/p>\n<p>Utrustad med ett handtag i svart l\u00f6vtr\u00e4 f\u00f6r utm\u00e4rkt stabilitet och grepp.<\/p>\n<p>Dess distinkta design och hantverk erbjuder ocks\u00e5 samlarv\u00e4rde, vilket g\u00f6r den till ett idealiskt verktyg f\u00f6r utomhusaktiviteter, camping, \u00f6verlevnadstr\u00e4ning och taktisk anv\u00e4ndning.<\/p>","protected":false},"excerpt":{"rendered":"<p data-start=\"1413\" data-end=\"1505\">Stort blad med distinkt design: Den unika formen ger en stark k\u00e4nsla av kraft och funktionalitet samtidigt som den ger ett samlarv\u00e4rde.<br \/>\nHantverkskunnande vid smide och kylning i h\u00f6g temperatur: Expertsmidda och v\u00e4rmebehandlade vid h\u00f6ga temperaturer f\u00f6r \u00f6verl\u00e4gsen h\u00e5rdhet, slitstyrka och l\u00e5ngvarig eggh\u00e5llning.<br \/>\nKonstruktion med h\u00f6g h\u00e5llfasthet och full t\u00e5nge: Tillverkad av ett enda stycke st\u00e5l f\u00f6r enast\u00e5ende slagt\u00e5lighet och tillf\u00f6rlitlighet vid tung anv\u00e4ndning.<br \/>\nTaktisk och \u00f6verlevnadsdesign med dubbla anv\u00e4ndningsomr\u00e5den: L\u00e4mplig f\u00f6r huggning, sj\u00e4lvf\u00f6rsvar, camping och \u00f6verlevnad - ett perfekt verktyg f\u00f6r utomhusbruk.<\/p>","protected":false},"featured_media":1144,"comment_status":"open","ping_status":"closed","template":"","meta":{"_acf_changed":false,"inline_featured_image":false,"slim_seo":{"title":"AC029 Large Tactical & Survival Bowie Knife - ACECOLL","description":"Stort blad med distinkt design: Den unika formen ger en stark k\u00e4nsla av kraft och funktionalitet samtidigt som den ger ett samlarv\u00e4rde. H\u00f6g temperatur"}},"product_brand":[],"product_cat":[22,16,23,18,19],"product_tag":[],"class_list":{"0":"post-237","1":"product","2":"type-product","3":"status-publish","4":"has-post-thumbnail","6":"product_cat-bowie-knife","7":"product_cat-fixed-blade-knife","8":"product_cat-hunting-knives","9":"product_cat-survival-knives","10":"product_cat-tactical-knives","12":"first","13":"instock","14":"taxable","15":"shipping-taxable","16":"purchasable","17":"product-type-simple"},"acf":[],"_links":{"self":[{"href":"https:\/\/acecoll.com\/sv\/wp-json\/wp\/v2\/product\/237","targetHints":{"allow":["GET"]}}],"collection":[{"href":"https:\/\/acecoll.com\/sv\/wp-json\/wp\/v2\/product"}],"about":[{"href":"https:\/\/acecoll.com\/sv\/wp-json\/wp\/v2\/types\/product"}],"replies":[{"embeddable":true,"href":"https:\/\/acecoll.com\/sv\/wp-json\/wp\/v2\/comments?post=237"}],"version-history":[{"count":6,"href":"https:\/\/acecoll.com\/sv\/wp-json\/wp\/v2\/product\/237\/revisions"}],"predecessor-version":[{"id":1690,"href":"https:\/\/acecoll.com\/sv\/wp-json\/wp\/v2\/product\/237\/revisions\/1690"}],"wp:featuredmedia":[{"embeddable":true,"href":"https:\/\/acecoll.com\/sv\/wp-json\/wp\/v2\/media\/1144"}],"wp:attachment":[{"href":"https:\/\/acecoll.com\/sv\/wp-json\/wp\/v2\/media?parent=237"}],"wp:term":[{"taxonomy":"product_brand","embeddable":true,"href":"https:\/\/acecoll.com\/sv\/wp-json\/wp\/v2\/product_brand?post=237"},{"taxonomy":"product_cat","embeddable":true,"href":"https:\/\/acecoll.com\/sv\/wp-json\/wp\/v2\/product_cat?post=237"},{"taxonomy":"product_tag","embeddable":true,"href":"https:\/\/acecoll.com\/sv\/wp-json\/wp\/v2\/product_tag?post=237"}],"curies":[{"name":"wp","href":"https:\/\/api.w.org\/{rel}","templated":true}]}}