{"id":238,"date":"2025-10-28T07:38:42","date_gmt":"2025-10-28T07:38:42","guid":{"rendered":"https:\/\/acecoll.com\/?post_type=product&#038;p=238"},"modified":"2026-03-31T08:03:19","modified_gmt":"2026-03-31T08:03:19","slug":"af030-taktisk-overlevnadskniv-med-fast-blad-och-bowiehandtag-i-redwood-a8-verktygsstal","status":"publish","type":"product","link":"https:\/\/acecoll.com\/sv\/product\/af030-taktisk-overlevnadskniv-med-fast-blad-och-bowiehandtag-i-redwood-a8-verktygsstal\/","title":{"rendered":"AC030 Bowie jaktkniv med l\u00e5ngt blad"},"content":{"rendered":"<p>AC030 Long Blade Bowie Knife har en klassisk design med ett robust utseende. Bladet \u00e4r extra l\u00e5ngt och tjockt, l\u00e4mpligt f\u00f6r djungelutforskning, \u00f6verlevnad i vildmarken och ocks\u00e5 v\u00e4rt att samla p\u00e5.<br \/>\nBladet \u00e4r tillverkat av h\u00f6gh\u00e5llfast premiumst\u00e5l med h\u00f6gtemperatursl\u00e4ckt smide. Konstruktionen med full t\u00e5nge ger styrka och h\u00e5llbarhet.<br \/>\nHandtaget i r\u00f6dbrunt l\u00f6vtr\u00e4 ger ett bekv\u00e4mt grepp och l\u00e4derfodralet g\u00f6r den l\u00e4tt att b\u00e4ra och skydda.<br \/>\nOavsett om det g\u00e4ller utomhus\u00e4ventyr, \u00f6verlevnad eller samlande \u00e4r denna m\u00e5ngsidiga taktiska kniv ett viktigt verktyg.<\/p>","protected":false},"excerpt":{"rendered":"<p>Professionell taktisk design: Klassisk Bowie-knivform, robust utseende, kombinerar praktisk funktion och samlarv\u00e4rde.<\/p>\n<p>Extra l\u00e5ngt blad f\u00f6r kraftfullt hackande och st\u00f6tande: Total l\u00e4ngd 15,55 tum, bladl\u00e4ngd 10,2 tum, ryggtjocklek 6,5 mm.<\/p>\n<p>H\u00f6gtemperaturkylt smidd, full tang-klinga: Full tang-design st\u00e4rker bladet, h\u00f6gtemperaturkylning f\u00f6rb\u00e4ttrar h\u00e5rdheten och slitstyrkan.<\/p>\n<p>Multifunktionell \u00f6verlevnadskniv f\u00f6r utomhusbruk: L\u00e4mplig f\u00f6r djungelr\u00f6jning, hackning, sk\u00e4rning; idealisk utomhuskniv f\u00f6r djungelutforskning och \u00f6verlevnad i vildmarken.<\/p>","protected":false},"featured_media":365,"comment_status":"open","ping_status":"closed","template":"","meta":{"_acf_changed":false,"inline_featured_image":false,"slim_seo":{"description":"AC030, klassisk design, l\u00e4mplig f\u00f6r djungelutforskning, \u00f6verlevnad i vildmarken, huggning och sk\u00e4rning, \u00e4ven samlarobjekt. En m\u00e5ste-ha taktisk kniv med flera anv\u00e4ndningsomr\u00e5den f\u00f6r utomhus- och \u00f6verlevnadsentusiaster, nu hett s\u00e4ljande.","title":"AC030 long blade bowie hunting knife - ACECOLL"}},"product_brand":[],"product_cat":[22,17,23,18],"product_tag":[],"class_list":{"0":"post-238","1":"product","2":"type-product","3":"status-publish","4":"has-post-thumbnail","6":"product_cat-bowie-knife","7":"product_cat-full-tang-knives","8":"product_cat-hunting-knives","9":"product_cat-survival-knives","11":"first","12":"instock","13":"taxable","14":"shipping-taxable","15":"purchasable","16":"product-type-simple"},"acf":[],"_links":{"self":[{"href":"https:\/\/acecoll.com\/sv\/wp-json\/wp\/v2\/product\/238","targetHints":{"allow":["GET"]}}],"collection":[{"href":"https:\/\/acecoll.com\/sv\/wp-json\/wp\/v2\/product"}],"about":[{"href":"https:\/\/acecoll.com\/sv\/wp-json\/wp\/v2\/types\/product"}],"replies":[{"embeddable":true,"href":"https:\/\/acecoll.com\/sv\/wp-json\/wp\/v2\/comments?post=238"}],"version-history":[{"count":6,"href":"https:\/\/acecoll.com\/sv\/wp-json\/wp\/v2\/product\/238\/revisions"}],"predecessor-version":[{"id":1636,"href":"https:\/\/acecoll.com\/sv\/wp-json\/wp\/v2\/product\/238\/revisions\/1636"}],"wp:featuredmedia":[{"embeddable":true,"href":"https:\/\/acecoll.com\/sv\/wp-json\/wp\/v2\/media\/365"}],"wp:attachment":[{"href":"https:\/\/acecoll.com\/sv\/wp-json\/wp\/v2\/media?parent=238"}],"wp:term":[{"taxonomy":"product_brand","embeddable":true,"href":"https:\/\/acecoll.com\/sv\/wp-json\/wp\/v2\/product_brand?post=238"},{"taxonomy":"product_cat","embeddable":true,"href":"https:\/\/acecoll.com\/sv\/wp-json\/wp\/v2\/product_cat?post=238"},{"taxonomy":"product_tag","embeddable":true,"href":"https:\/\/acecoll.com\/sv\/wp-json\/wp\/v2\/product_tag?post=238"}],"curies":[{"name":"wp","href":"https:\/\/api.w.org\/{rel}","templated":true}]}}